{"id":7389,"date":"2025-08-27T10:38:23","date_gmt":"2025-08-27T10:38:23","guid":{"rendered":"https:\/\/fornax.com.tr\/?post_type=product&#038;p=7389"},"modified":"2025-08-27T10:40:48","modified_gmt":"2025-08-27T10:40:48","slug":"7-5mm-ispanyolet","status":"publish","type":"product","link":"https:\/\/fornax.com.tr\/en\/product\/7-5mm-ispanyolet\/","title":{"rendered":"7.5mm \u0130spanyolet"},"content":{"rendered":"<h2>Order Details<\/h2>\n<table style=\"border-collapse: collapse; text-align: center; width: 1202px; height: 442px;\" border=\"1\" cellspacing=\"0\" cellpadding=\"6\">\n<thead style=\"background-color: #4a3c8c; color: #fff;\">\n<tr>\n<th><span style=\"color: #ffffff;\">Eksantirk Pimli (EP)\u00dcr\u00fcn Kodu<\/span><\/th>\n<th><span style=\"color: #ffffff;\">Security Pin (GP) Product Code<\/span><\/th>\n<th><span style=\"color: #ffffff;\">Pinless (X) Product Code<\/span><\/th>\n<th><span style=\"color: #ffffff;\">Amount<\/span><\/th>\n<\/tr>\n<\/thead>\n<tbody>\n<tr>\n<td>110.021.207.200<\/td>\n<td>110.021.907.200<\/td>\n<td>&#8211;<\/td>\n<td>20<\/td>\n<\/tr>\n<tr>\n<td>110.028.207.200<\/td>\n<td>110.028.907.200<\/td>\n<td>&#8211;<\/td>\n<td>20<\/td>\n<\/tr>\n<tr>\n<td>110.040.207.200<\/td>\n<td>110.040.907.200<\/td>\n<td>&#8211;<\/td>\n<td>20<\/td>\n<\/tr>\n<tr>\n<td>110.060.207.200<\/td>\n<td>110.060.907.200<\/td>\n<td>&#8211;<\/td>\n<td>20<\/td>\n<\/tr>\n<tr>\n<td>110.080.207.200<\/td>\n<td>110.080.907.200<\/td>\n<td>&#8211;<\/td>\n<td>20<\/td>\n<\/tr>\n<tr>\n<td>110.100.207.200<\/td>\n<td>110.100.907.200<\/td>\n<td>&#8211;<\/td>\n<td>20<\/td>\n<\/tr>\n<tr>\n<td>110.120.207.200<\/td>\n<td>110.120.907.200<\/td>\n<td>&#8211;<\/td>\n<td>20<\/td>\n<\/tr>\n<tr>\n<td>110.140.207.200<\/td>\n<td>110.140.907.200<\/td>\n<td>&#8211;<\/td>\n<td>20<\/td>\n<\/tr>\n<tr>\n<td>110.160.207.200<\/td>\n<td>110.160.907.200<\/td>\n<td>&#8211;<\/td>\n<td>20<\/td>\n<\/tr>\n<tr>\n<td>110.180.207.200<\/td>\n<td>110.180.907.200<\/td>\n<td>&#8211;<\/td>\n<td>20<\/td>\n<\/tr>\n<tr>\n<td>110.200.207.200<\/td>\n<td>110.200.907.200<\/td>\n<td>&#8211;<\/td>\n<td>20<\/td>\n<\/tr>\n<\/tbody>\n<\/table>\n<p>&nbsp;<\/p>\n<h2>Technical Details<\/h2>\n<table style=\"border-collapse: collapse; text-align: center; width: 1152px; height: 394px;\" border=\"1\" cellspacing=\"0\" cellpadding=\"6\">\n<thead>\n<tr>\n<th>Usage Range<\/th>\n<th>A<\/th>\n<th>B<\/th>\n<th>C<\/th>\n<th>D<\/th>\n<th>TO<\/th>\n<th>F<\/th>\n<th>Screw<\/th>\n<th>Opposite<\/th>\n<\/tr>\n<\/thead>\n<tbody>\n<tr>\n<td>210-280<\/td>\n<td>210<\/td>\n<td>&#8211;<\/td>\n<td>&#8211;<\/td>\n<td>50,5<\/td>\n<td>&#8211;<\/td>\n<td>&#8211;<\/td>\n<td>2<\/td>\n<td>1<\/td>\n<\/tr>\n<tr>\n<td>280-400<\/td>\n<td>280<\/td>\n<td>&#8211;<\/td>\n<td>&#8211;<\/td>\n<td>74<\/td>\n<td>74<\/td>\n<td>&#8211;<\/td>\n<td>2<\/td>\n<td>2<\/td>\n<\/tr>\n<tr>\n<td>400-600<\/td>\n<td>400<\/td>\n<td>&#8211;<\/td>\n<td>&#8211;<\/td>\n<td>135<\/td>\n<td>135<\/td>\n<td>&#8211;<\/td>\n<td>3<\/td>\n<td>2<\/td>\n<\/tr>\n<tr>\n<td>600-800<\/td>\n<td>600<\/td>\n<td>&#8211;<\/td>\n<td>&#8211;<\/td>\n<td>175<\/td>\n<td>175<\/td>\n<td>&#8211;<\/td>\n<td>8<\/td>\n<td>2<\/td>\n<\/tr>\n<tr>\n<td>800-1000<\/td>\n<td>800<\/td>\n<td>&#8211;<\/td>\n<td>&#8211;<\/td>\n<td>275<\/td>\n<td>275<\/td>\n<td>&#8211;<\/td>\n<td>8<\/td>\n<td>2<\/td>\n<\/tr>\n<tr>\n<td>1000-1200<\/td>\n<td>1000<\/td>\n<td>94<\/td>\n<td>&#8211;<\/td>\n<td>375<\/td>\n<td>375<\/td>\n<td>&#8211;<\/td>\n<td>10<\/td>\n<td>2<\/td>\n<\/tr>\n<tr>\n<td>1200-1400<\/td>\n<td>1200<\/td>\n<td>94<\/td>\n<td>&#8211;<\/td>\n<td>475<\/td>\n<td>475<\/td>\n<td>&#8211;<\/td>\n<td>10<\/td>\n<td>3<\/td>\n<\/tr>\n<tr>\n<td>1400-1600<\/td>\n<td>1400<\/td>\n<td>266<\/td>\n<td>266<\/td>\n<td>575<\/td>\n<td>575<\/td>\n<td>&#8211;<\/td>\n<td>10<\/td>\n<td>3<\/td>\n<\/tr>\n<tr>\n<td>1600-1800<\/td>\n<td>1600<\/td>\n<td>300<\/td>\n<td>300<\/td>\n<td>675<\/td>\n<td>675<\/td>\n<td>&#8211;<\/td>\n<td>10<\/td>\n<td>3<\/td>\n<\/tr>\n<tr>\n<td>1800-2000<\/td>\n<td>1800<\/td>\n<td>300<\/td>\n<td>300<\/td>\n<td>775<\/td>\n<td>775<\/td>\n<td>&#8211;<\/td>\n<td>12<\/td>\n<td>4<\/td>\n<\/tr>\n<tr>\n<td>2000-2100<\/td>\n<td>2000<\/td>\n<td>300<\/td>\n<td>300<\/td>\n<td>875<\/td>\n<td>875<\/td>\n<td>&#8211;<\/td>\n<td>12<\/td>\n<td>4<\/td>\n<\/tr>\n<\/tbody>\n<\/table>","protected":false},"excerpt":{"rendered":"<p>Donan\u0131m Teknik Detaylar\u0131 Kullan\u0131m<\/p>\n<p>Aral\u0131\u011f\u0131 Min: 210mm-Max: 2100mm<\/p>\n<p>Eksen : 7,5mm Kol Yeri : Kol Yeri Ortada<\/p>\n<p>Body Type: Zamak<\/p>\n<p>G\u00fcvenlik Seviyesi : Eksantrik Pimli\/G\u00fcvenlik Pimli<\/p>","protected":false},"featured_media":7391,"template":"","meta":[],"product_brand":[],"product_cat":[84],"product_tag":[],"class_list":{"0":"post-7389","1":"product","2":"type-product","3":"status-publish","4":"has-post-thumbnail","6":"product_cat-tek-acilim-sistemleri","8":"first","9":"instock","10":"shipping-taxable","11":"product-type-simple"},"_links":{"self":[{"href":"https:\/\/fornax.com.tr\/en\/wp-json\/wp\/v2\/product\/7389","targetHints":{"allow":["GET"]}}],"collection":[{"href":"https:\/\/fornax.com.tr\/en\/wp-json\/wp\/v2\/product"}],"about":[{"href":"https:\/\/fornax.com.tr\/en\/wp-json\/wp\/v2\/types\/product"}],"version-history":[{"count":3,"href":"https:\/\/fornax.com.tr\/en\/wp-json\/wp\/v2\/product\/7389\/revisions"}],"predecessor-version":[{"id":7394,"href":"https:\/\/fornax.com.tr\/en\/wp-json\/wp\/v2\/product\/7389\/revisions\/7394"}],"wp:featuredmedia":[{"embeddable":true,"href":"https:\/\/fornax.com.tr\/en\/wp-json\/wp\/v2\/media\/7391"}],"wp:attachment":[{"href":"https:\/\/fornax.com.tr\/en\/wp-json\/wp\/v2\/media?parent=7389"}],"wp:term":[{"taxonomy":"product_brand","embeddable":true,"href":"https:\/\/fornax.com.tr\/en\/wp-json\/wp\/v2\/product_brand?post=7389"},{"taxonomy":"product_cat","embeddable":true,"href":"https:\/\/fornax.com.tr\/en\/wp-json\/wp\/v2\/product_cat?post=7389"},{"taxonomy":"product_tag","embeddable":true,"href":"https:\/\/fornax.com.tr\/en\/wp-json\/wp\/v2\/product_tag?post=7389"}],"curies":[{"name":"wp","href":"https:\/\/api.w.org\/{rel}","templated":true}]}}