{"id":6742,"date":"2025-06-18T05:45:19","date_gmt":"2025-06-18T05:45:19","guid":{"rendered":"https:\/\/fornax.com.tr\/?post_type=product&#038;p=6742"},"modified":"2025-06-18T05:45:19","modified_gmt":"2025-06-18T05:45:19","slug":"verse","status":"publish","type":"product","link":"https:\/\/fornax.com.tr\/en\/product\/verse\/","title":{"rendered":"Verse"},"content":{"rendered":"<h3>Arm Group Details<\/h3>\n<table border=\"1\" cellspacing=\"0\" cellpadding=\"5\">\n<tbody>\n<tr>\n<th>Arm Group<\/th>\n<th>Explanation<\/th>\n<th>Amount<\/th>\n<\/tr>\n<tr>\n<td>140.308.000.200<\/td>\n<td>Inner Arm \/ Without Barrel<\/td>\n<td>1 Set<\/td>\n<\/tr>\n<tr>\n<td>140.308.000.100<\/td>\n<td>Inner Arm \/ Barrel<\/td>\n<td>1 Set<\/td>\n<\/tr>\n<tr>\n<td>140.305.000.200<\/td>\n<td>Outer Arm \/ Without Barrel<\/td>\n<td>1 Set<\/td>\n<\/tr>\n<tr>\n<td>140.305.000.100<\/td>\n<td>Outer Arm \/ Barrel<\/td>\n<td>1 Set<\/td>\n<\/tr>\n<tr>\n<td>140.303.000.500<\/td>\n<td>Pool Arm Long<\/td>\n<td>1 Set<\/td>\n<\/tr>\n<\/tbody>\n<\/table>","protected":false},"excerpt":{"rendered":"<p>Kol Grubu Detaylar\u0131 Kol Grubu A\u00e7\u0131klama Miktar 140.308.000.200 \u0130\u00e7 Kol \/ Barelsiz 1 Set 140.308.000.100 \u0130\u00e7 Kol \/ Barel 1<\/p>","protected":false},"featured_media":6743,"template":"","meta":[],"product_brand":[],"product_cat":[102],"product_tag":[],"class_list":{"0":"post-6742","1":"product","2":"type-product","3":"status-publish","4":"has-post-thumbnail","6":"product_cat-surme-kollar","8":"first","9":"instock","10":"shipping-taxable","11":"product-type-simple"},"_links":{"self":[{"href":"https:\/\/fornax.com.tr\/en\/wp-json\/wp\/v2\/product\/6742","targetHints":{"allow":["GET"]}}],"collection":[{"href":"https:\/\/fornax.com.tr\/en\/wp-json\/wp\/v2\/product"}],"about":[{"href":"https:\/\/fornax.com.tr\/en\/wp-json\/wp\/v2\/types\/product"}],"version-history":[{"count":2,"href":"https:\/\/fornax.com.tr\/en\/wp-json\/wp\/v2\/product\/6742\/revisions"}],"predecessor-version":[{"id":6745,"href":"https:\/\/fornax.com.tr\/en\/wp-json\/wp\/v2\/product\/6742\/revisions\/6745"}],"wp:featuredmedia":[{"embeddable":true,"href":"https:\/\/fornax.com.tr\/en\/wp-json\/wp\/v2\/media\/6743"}],"wp:attachment":[{"href":"https:\/\/fornax.com.tr\/en\/wp-json\/wp\/v2\/media?parent=6742"}],"wp:term":[{"taxonomy":"product_brand","embeddable":true,"href":"https:\/\/fornax.com.tr\/en\/wp-json\/wp\/v2\/product_brand?post=6742"},{"taxonomy":"product_cat","embeddable":true,"href":"https:\/\/fornax.com.tr\/en\/wp-json\/wp\/v2\/product_cat?post=6742"},{"taxonomy":"product_tag","embeddable":true,"href":"https:\/\/fornax.com.tr\/en\/wp-json\/wp\/v2\/product_tag?post=6742"}],"curies":[{"name":"wp","href":"https:\/\/api.w.org\/{rel}","templated":true}]}}