{"id":6167,"date":"2025-06-16T14:28:53","date_gmt":"2025-06-16T14:28:53","guid":{"rendered":"https:\/\/fornax.com.tr\/?post_type=product&#038;p=6167"},"modified":"2025-06-16T14:28:53","modified_gmt":"2025-06-16T14:28:53","slug":"fly-wick","status":"publish","type":"product","link":"https:\/\/fornax.com.tr\/en\/product\/fly-wick\/","title":{"rendered":"Fly Wick"},"content":{"rendered":"<h3>Order Details<\/h3>\n<table border=\"1\" cellspacing=\"0\" cellpadding=\"5\">\n<tbody>\n<tr>\n<th>Code<\/th>\n<th>Explanation<\/th>\n<th>Amount<\/th>\n<th>Unit<\/th>\n<th>kg<\/th>\n<\/tr>\n<tr>\n<td>425.003.040.301<\/td>\n<td>4mm<\/td>\n<td>20<\/td>\n<td>Mt.<\/td>\n<td>&#8211;<\/td>\n<\/tr>\n<tr>\n<td>425.003.045.301<\/td>\n<td>4.5mm<\/td>\n<td>20<\/td>\n<td>Mt.<\/td>\n<td>&#8211;<\/td>\n<\/tr>\n<tr>\n<td>425.003.050.301<\/td>\n<td>5mm<\/td>\n<td>20<\/td>\n<td>Mt.<\/td>\n<td>&#8211;<\/td>\n<\/tr>\n<tr>\n<td>425.003.060.301<\/td>\n<td>6mm<\/td>\n<td>20<\/td>\n<td>Mt.<\/td>\n<td>&#8211;<\/td>\n<\/tr>\n<tr>\n<td>425.003.070.301<\/td>\n<td>7mm<\/td>\n<td>20<\/td>\n<td>Mt.<\/td>\n<td>&#8211;<\/td>\n<\/tr>\n<\/tbody>\n<\/table>","protected":false},"excerpt":{"rendered":"<p>Sipari\u015f Detaylar\u0131 Kod A\u00e7\u0131klama Miktar Birim Kg 425.003.040.301 4mm 20 Mt. &#8211; 425.003.045.301 4.5mm 20 Mt. &#8211; 425.003.050.301 5mm 20<\/p>","protected":false},"featured_media":6168,"template":"","meta":[],"product_brand":[],"product_cat":[107],"product_tag":[],"class_list":{"0":"post-6167","1":"product","2":"type-product","3":"status-publish","4":"has-post-thumbnail","6":"product_cat-sineklik-aksesuarlari","8":"first","9":"instock","10":"shipping-taxable","11":"product-type-simple"},"_links":{"self":[{"href":"https:\/\/fornax.com.tr\/en\/wp-json\/wp\/v2\/product\/6167","targetHints":{"allow":["GET"]}}],"collection":[{"href":"https:\/\/fornax.com.tr\/en\/wp-json\/wp\/v2\/product"}],"about":[{"href":"https:\/\/fornax.com.tr\/en\/wp-json\/wp\/v2\/types\/product"}],"version-history":[{"count":1,"href":"https:\/\/fornax.com.tr\/en\/wp-json\/wp\/v2\/product\/6167\/revisions"}],"predecessor-version":[{"id":6170,"href":"https:\/\/fornax.com.tr\/en\/wp-json\/wp\/v2\/product\/6167\/revisions\/6170"}],"wp:featuredmedia":[{"embeddable":true,"href":"https:\/\/fornax.com.tr\/en\/wp-json\/wp\/v2\/media\/6168"}],"wp:attachment":[{"href":"https:\/\/fornax.com.tr\/en\/wp-json\/wp\/v2\/media?parent=6167"}],"wp:term":[{"taxonomy":"product_brand","embeddable":true,"href":"https:\/\/fornax.com.tr\/en\/wp-json\/wp\/v2\/product_brand?post=6167"},{"taxonomy":"product_cat","embeddable":true,"href":"https:\/\/fornax.com.tr\/en\/wp-json\/wp\/v2\/product_cat?post=6167"},{"taxonomy":"product_tag","embeddable":true,"href":"https:\/\/fornax.com.tr\/en\/wp-json\/wp\/v2\/product_tag?post=6167"}],"curies":[{"name":"wp","href":"https:\/\/api.w.org\/{rel}","templated":true}]}}