{"id":6023,"date":"2025-06-16T11:02:13","date_gmt":"2025-06-16T11:02:13","guid":{"rendered":"https:\/\/fornax.com.tr\/?post_type=product&#038;p=6023"},"modified":"2025-06-16T11:52:00","modified_gmt":"2025-06-16T11:52:00","slug":"window-handle-2","status":"publish","type":"product","link":"https:\/\/fornax.com.tr\/en\/product\/window-handle-2\/","title":{"rendered":"Window Handle"},"content":{"rendered":"<p>Area of Use: Window<\/p>\n<p>Body Type: Plastic<\/p>\n<p>Type Non-ferrous<\/p>\n<p>&nbsp;<\/p>","protected":false},"excerpt":{"rendered":"<p>Kullan\u0131m Alan\u0131 : Pencere G\u00f6vde Tipi : Plastik Tipi Demirsiz &nbsp;<\/p>","protected":false},"featured_media":6024,"template":"","meta":[],"product_brand":[],"product_cat":[227],"product_tag":[],"class_list":{"0":"post-6023","1":"product","2":"type-product","3":"status-publish","4":"has-post-thumbnail","6":"product_cat-pencere-kollari","8":"first","9":"instock","10":"shipping-taxable","11":"product-type-simple"},"_links":{"self":[{"href":"https:\/\/fornax.com.tr\/en\/wp-json\/wp\/v2\/product\/6023","targetHints":{"allow":["GET"]}}],"collection":[{"href":"https:\/\/fornax.com.tr\/en\/wp-json\/wp\/v2\/product"}],"about":[{"href":"https:\/\/fornax.com.tr\/en\/wp-json\/wp\/v2\/types\/product"}],"version-history":[{"count":1,"href":"https:\/\/fornax.com.tr\/en\/wp-json\/wp\/v2\/product\/6023\/revisions"}],"predecessor-version":[{"id":6025,"href":"https:\/\/fornax.com.tr\/en\/wp-json\/wp\/v2\/product\/6023\/revisions\/6025"}],"wp:featuredmedia":[{"embeddable":true,"href":"https:\/\/fornax.com.tr\/en\/wp-json\/wp\/v2\/media\/6024"}],"wp:attachment":[{"href":"https:\/\/fornax.com.tr\/en\/wp-json\/wp\/v2\/media?parent=6023"}],"wp:term":[{"taxonomy":"product_brand","embeddable":true,"href":"https:\/\/fornax.com.tr\/en\/wp-json\/wp\/v2\/product_brand?post=6023"},{"taxonomy":"product_cat","embeddable":true,"href":"https:\/\/fornax.com.tr\/en\/wp-json\/wp\/v2\/product_cat?post=6023"},{"taxonomy":"product_tag","embeddable":true,"href":"https:\/\/fornax.com.tr\/en\/wp-json\/wp\/v2\/product_tag?post=6023"}],"curies":[{"name":"wp","href":"https:\/\/api.w.org\/{rel}","templated":true}]}}