{"id":6021,"date":"2025-06-16T11:00:38","date_gmt":"2025-06-16T11:00:38","guid":{"rendered":"https:\/\/fornax.com.tr\/?post_type=product&#038;p=6021"},"modified":"2025-06-16T11:52:48","modified_gmt":"2025-06-16T11:52:48","slug":"window-handle","status":"publish","type":"product","link":"https:\/\/fornax.com.tr\/en\/product\/window-handle\/","title":{"rendered":"Window Handle"},"content":{"rendered":"<p>Area of Use: Window<\/p>\n<p>Body Type: Plastic<\/p>\n<p>Type Ferrous<\/p>\n<p>&nbsp;<\/p>","protected":false},"excerpt":{"rendered":"<p>Kullan\u0131m Alan\u0131 : Pencere G\u00f6vde Tipi : Plastik Tipi Demirli &nbsp;<\/p>","protected":false},"featured_media":6020,"template":"","meta":[],"product_brand":[],"product_cat":[227],"product_tag":[],"class_list":{"0":"post-6021","1":"product","2":"type-product","3":"status-publish","4":"has-post-thumbnail","6":"product_cat-pencere-kollari","8":"first","9":"instock","10":"shipping-taxable","11":"product-type-simple"},"_links":{"self":[{"href":"https:\/\/fornax.com.tr\/en\/wp-json\/wp\/v2\/product\/6021","targetHints":{"allow":["GET"]}}],"collection":[{"href":"https:\/\/fornax.com.tr\/en\/wp-json\/wp\/v2\/product"}],"about":[{"href":"https:\/\/fornax.com.tr\/en\/wp-json\/wp\/v2\/types\/product"}],"version-history":[{"count":1,"href":"https:\/\/fornax.com.tr\/en\/wp-json\/wp\/v2\/product\/6021\/revisions"}],"predecessor-version":[{"id":6022,"href":"https:\/\/fornax.com.tr\/en\/wp-json\/wp\/v2\/product\/6021\/revisions\/6022"}],"wp:featuredmedia":[{"embeddable":true,"href":"https:\/\/fornax.com.tr\/en\/wp-json\/wp\/v2\/media\/6020"}],"wp:attachment":[{"href":"https:\/\/fornax.com.tr\/en\/wp-json\/wp\/v2\/media?parent=6021"}],"wp:term":[{"taxonomy":"product_brand","embeddable":true,"href":"https:\/\/fornax.com.tr\/en\/wp-json\/wp\/v2\/product_brand?post=6021"},{"taxonomy":"product_cat","embeddable":true,"href":"https:\/\/fornax.com.tr\/en\/wp-json\/wp\/v2\/product_cat?post=6021"},{"taxonomy":"product_tag","embeddable":true,"href":"https:\/\/fornax.com.tr\/en\/wp-json\/wp\/v2\/product_tag?post=6021"}],"curies":[{"name":"wp","href":"https:\/\/api.w.org\/{rel}","templated":true}]}}