{"id":6015,"date":"2025-06-16T10:52:05","date_gmt":"2025-06-16T10:52:05","guid":{"rendered":"https:\/\/fornax.com.tr\/?post_type=product&#038;p=6015"},"modified":"2025-06-16T10:52:05","modified_gmt":"2025-06-16T10:52:05","slug":"door-handles","status":"publish","type":"product","link":"https:\/\/fornax.com.tr\/en\/product\/door-handles\/","title":{"rendered":"Door Handles"},"content":{"rendered":"<h3>Order Details<\/h3>\n<table border=\"1\" cellspacing=\"0\" cellpadding=\"5\">\n<tbody>\n<tr>\n<th>Code<\/th>\n<th>Explanation<\/th>\n<\/tr>\n<tr>\n<td>2400003001000<\/td>\n<td>Window Handle, ZG, Locked Narrow<\/td>\n<\/tr>\n<tr>\n<td>2400003001001<\/td>\n<td>Window Handle, ZG, Non-Lockable, Narrow<\/td>\n<\/tr>\n<tr>\n<td>2440050010000<\/td>\n<td>Door Handle, ZG, Locked, Narrow<\/td>\n<\/tr>\n<tr>\n<td>2440050010001<\/td>\n<td>Door Handle, AG, Locked, Narrow<\/td>\n<\/tr>\n<tr>\n<td>2440050010002<\/td>\n<td>Door Handle, ZG, Unlocked, Narrow<\/td>\n<\/tr>\n<tr>\n<td>2400003001002<\/td>\n<td>Window Handle, AG, Locked Narrow<\/td>\n<\/tr>\n<tr>\n<td>2400003001003<\/td>\n<td>Window Handle, AG, Unlocked Narrow<\/td>\n<\/tr>\n<tr>\n<td>2400003004000<\/td>\n<td>Window Handle, ZG, Locked, Narrow, Curved, R<\/td>\n<\/tr>\n<tr>\n<td>2400003004001<\/td>\n<td>Window Handle, ZG, Unlocking, Narrow, Curved, R<\/td>\n<\/tr>\n<tr>\n<td>2400003004002<\/td>\n<td>Window Handle, ZG, Locked, Narrow, Curved -L<\/td>\n<\/tr>\n<tr>\n<td>2400003004003<\/td>\n<td>Window Handle, ZG, Unlocked, Narrow, Curved -L<\/td>\n<\/tr>\n<\/tbody>\n<\/table>","protected":false},"excerpt":{"rendered":"<p>Sipari\u015f Detaylar\u0131 Kod A\u00e7\u0131klama 2400003001000 Pen. Kolu, ZG, Kilitli Dar 2400003001001 Pen. Kolu, ZG, Kilitsiz, Dar 2440050010000 Kap\u0131 Kolu, ZG,<\/p>","protected":false},"featured_media":6017,"template":"","meta":[],"product_brand":[],"product_cat":[76],"product_tag":[],"class_list":{"0":"post-6015","1":"product","2":"type-product","3":"status-publish","4":"has-post-thumbnail","6":"product_cat-kollar","8":"first","9":"instock","10":"shipping-taxable","11":"product-type-simple"},"_links":{"self":[{"href":"https:\/\/fornax.com.tr\/en\/wp-json\/wp\/v2\/product\/6015","targetHints":{"allow":["GET"]}}],"collection":[{"href":"https:\/\/fornax.com.tr\/en\/wp-json\/wp\/v2\/product"}],"about":[{"href":"https:\/\/fornax.com.tr\/en\/wp-json\/wp\/v2\/types\/product"}],"version-history":[{"count":1,"href":"https:\/\/fornax.com.tr\/en\/wp-json\/wp\/v2\/product\/6015\/revisions"}],"predecessor-version":[{"id":6018,"href":"https:\/\/fornax.com.tr\/en\/wp-json\/wp\/v2\/product\/6015\/revisions\/6018"}],"wp:featuredmedia":[{"embeddable":true,"href":"https:\/\/fornax.com.tr\/en\/wp-json\/wp\/v2\/media\/6017"}],"wp:attachment":[{"href":"https:\/\/fornax.com.tr\/en\/wp-json\/wp\/v2\/media?parent=6015"}],"wp:term":[{"taxonomy":"product_brand","embeddable":true,"href":"https:\/\/fornax.com.tr\/en\/wp-json\/wp\/v2\/product_brand?post=6015"},{"taxonomy":"product_cat","embeddable":true,"href":"https:\/\/fornax.com.tr\/en\/wp-json\/wp\/v2\/product_cat?post=6015"},{"taxonomy":"product_tag","embeddable":true,"href":"https:\/\/fornax.com.tr\/en\/wp-json\/wp\/v2\/product_tag?post=6015"}],"curies":[{"name":"wp","href":"https:\/\/api.w.org\/{rel}","templated":true}]}}