{"id":6010,"date":"2025-06-16T10:43:34","date_gmt":"2025-06-16T10:43:34","guid":{"rendered":"https:\/\/fornax.com.tr\/?post_type=product&#038;p=6010"},"modified":"2025-06-16T10:43:34","modified_gmt":"2025-06-16T10:43:34","slug":"160-kg-3d-adjustable-hinge","status":"publish","type":"product","link":"https:\/\/fornax.com.tr\/en\/product\/160-kg-3d-adjustable-hinge\/","title":{"rendered":"160 kg 3D Adjustable Hinge"},"content":{"rendered":"<p>Carrying Capacity max, 160 kg<br \/>\nGT \u2013 Body Type: Zamak Casting<br \/>\nYK \u2013 Surface Coating: Electrostatic Powder Paint<br \/>\nPins: Stainless Pin Option<br \/>\nAdjustment Option: 3D adjustment mechanism<\/p>","protected":false},"excerpt":{"rendered":"<p>Ta\u015f\u0131ma Kapasitesi max,160 kg GT &#8211; G\u00f6vde Tipi : Zamak D\u00f6k\u00fcm YK &#8211; Y\u00fczey Kaplana : Elektrostatik Toz Boya Pimler:<\/p>","protected":false},"featured_media":6013,"template":"","meta":[],"product_brand":[],"product_cat":[81],"product_tag":[],"class_list":{"0":"post-6010","1":"product","2":"type-product","3":"status-publish","4":"has-post-thumbnail","6":"product_cat-menteseler","8":"first","9":"instock","10":"shipping-taxable","11":"product-type-simple"},"_links":{"self":[{"href":"https:\/\/fornax.com.tr\/en\/wp-json\/wp\/v2\/product\/6010","targetHints":{"allow":["GET"]}}],"collection":[{"href":"https:\/\/fornax.com.tr\/en\/wp-json\/wp\/v2\/product"}],"about":[{"href":"https:\/\/fornax.com.tr\/en\/wp-json\/wp\/v2\/types\/product"}],"version-history":[{"count":1,"href":"https:\/\/fornax.com.tr\/en\/wp-json\/wp\/v2\/product\/6010\/revisions"}],"predecessor-version":[{"id":6014,"href":"https:\/\/fornax.com.tr\/en\/wp-json\/wp\/v2\/product\/6010\/revisions\/6014"}],"wp:featuredmedia":[{"embeddable":true,"href":"https:\/\/fornax.com.tr\/en\/wp-json\/wp\/v2\/media\/6013"}],"wp:attachment":[{"href":"https:\/\/fornax.com.tr\/en\/wp-json\/wp\/v2\/media?parent=6010"}],"wp:term":[{"taxonomy":"product_brand","embeddable":true,"href":"https:\/\/fornax.com.tr\/en\/wp-json\/wp\/v2\/product_brand?post=6010"},{"taxonomy":"product_cat","embeddable":true,"href":"https:\/\/fornax.com.tr\/en\/wp-json\/wp\/v2\/product_cat?post=6010"},{"taxonomy":"product_tag","embeddable":true,"href":"https:\/\/fornax.com.tr\/en\/wp-json\/wp\/v2\/product_tag?post=6010"}],"curies":[{"name":"wp","href":"https:\/\/api.w.org\/{rel}","templated":true}]}}