{"id":5994,"date":"2025-06-16T10:21:44","date_gmt":"2025-06-16T10:21:44","guid":{"rendered":"https:\/\/fornax.com.tr\/?post_type=product&#038;p=5994"},"modified":"2025-06-16T10:21:44","modified_gmt":"2025-06-16T10:21:44","slug":"door-hinges","status":"publish","type":"product","link":"https:\/\/fornax.com.tr\/en\/product\/door-hinges\/","title":{"rendered":"Door Hinges"},"content":{"rendered":"<p>100mm<br \/>\nCarrying Capacity max, 90 kg<br \/>\nGT \u2013 Body Type: Zamak Casting<br \/>\nYK \u2013 Surface Coating: Electrostatic Powder Paint<\/p>","protected":false},"excerpt":{"rendered":"<p>100mm Ta\u015f\u0131ma Kapasitesi max, 90 kg GT &#8211; G\u00f6vde Tipi : Zamak D\u00f6k\u00fcm YK &#8211; Y\u00fczey Kaplana : Elektrostatik Toz<\/p>","protected":false},"featured_media":5996,"template":"","meta":[],"product_brand":[],"product_cat":[81],"product_tag":[],"class_list":{"0":"post-5994","1":"product","2":"type-product","3":"status-publish","4":"has-post-thumbnail","6":"product_cat-menteseler","8":"first","9":"instock","10":"shipping-taxable","11":"product-type-simple"},"_links":{"self":[{"href":"https:\/\/fornax.com.tr\/en\/wp-json\/wp\/v2\/product\/5994","targetHints":{"allow":["GET"]}}],"collection":[{"href":"https:\/\/fornax.com.tr\/en\/wp-json\/wp\/v2\/product"}],"about":[{"href":"https:\/\/fornax.com.tr\/en\/wp-json\/wp\/v2\/types\/product"}],"version-history":[{"count":2,"href":"https:\/\/fornax.com.tr\/en\/wp-json\/wp\/v2\/product\/5994\/revisions"}],"predecessor-version":[{"id":5998,"href":"https:\/\/fornax.com.tr\/en\/wp-json\/wp\/v2\/product\/5994\/revisions\/5998"}],"wp:featuredmedia":[{"embeddable":true,"href":"https:\/\/fornax.com.tr\/en\/wp-json\/wp\/v2\/media\/5996"}],"wp:attachment":[{"href":"https:\/\/fornax.com.tr\/en\/wp-json\/wp\/v2\/media?parent=5994"}],"wp:term":[{"taxonomy":"product_brand","embeddable":true,"href":"https:\/\/fornax.com.tr\/en\/wp-json\/wp\/v2\/product_brand?post=5994"},{"taxonomy":"product_cat","embeddable":true,"href":"https:\/\/fornax.com.tr\/en\/wp-json\/wp\/v2\/product_cat?post=5994"},{"taxonomy":"product_tag","embeddable":true,"href":"https:\/\/fornax.com.tr\/en\/wp-json\/wp\/v2\/product_tag?post=5994"}],"curies":[{"name":"wp","href":"https:\/\/api.w.org\/{rel}","templated":true}]}}