{"id":5933,"date":"2025-06-16T08:18:57","date_gmt":"2025-06-16T08:18:57","guid":{"rendered":"https:\/\/fornax.com.tr\/?post_type=product&#038;p=5933"},"modified":"2025-06-17T10:32:35","modified_gmt":"2025-06-17T10:32:35","slug":"cylinders-2","status":"publish","type":"product","link":"https:\/\/fornax.com.tr\/en\/product\/cylinders-2\/","title":{"rendered":"Cylinders"},"content":{"rendered":"<h3><\/h3>\n<h3>Product Code \u2013 272-01543-083<\/h3>\n<table border=\"1\" cellspacing=\"0\" cellpadding=\"4\">\n<tbody>\n<tr>\n<th>Length<\/th>\n<th>Material<\/th>\n<th>Medicine<\/th>\n<th>Dimensions<\/th>\n<th>Piece<\/th>\n<\/tr>\n<tr>\n<td>83mm<\/td>\n<td>Zamak<\/td>\n<td>3A+, 5P+<\/td>\n<td>40 + 10 + 33<\/td>\n<td>120<\/td>\n<\/tr>\n<\/tbody>\n<\/table>\n<p><!-- \u00dcr\u00fcn Tablosu 2 --><\/p>\n<h3>Product Code \u2013 272-01543-090<\/h3>\n<table border=\"1\" cellspacing=\"0\" cellpadding=\"4\">\n<tbody>\n<tr>\n<th>Length<\/th>\n<th>Material<\/th>\n<th>Medicine<\/th>\n<th>Dimensions<\/th>\n<th>Piece<\/th>\n<\/tr>\n<tr>\n<td>90mm<\/td>\n<td>Zamak<\/td>\n<td>3A+, 5P+<\/td>\n<td>45 + 10 + 35<\/td>\n<td>120<\/td>\n<\/tr>\n<\/tbody>\n<\/table>\n<p><!-- \u00dcr\u00fcn Tablosu 3 --><\/p>\n<h3>Product Code \u2013 272-01543-100<\/h3>\n<table border=\"1\" cellspacing=\"0\" cellpadding=\"4\">\n<tbody>\n<tr>\n<th>Length<\/th>\n<th>Material<\/th>\n<th>Medicine<\/th>\n<th>Dimensions<\/th>\n<th>Piece<\/th>\n<\/tr>\n<tr>\n<td>100mm<\/td>\n<td>Zamak<\/td>\n<td>3A+, 5P+<\/td>\n<td>50 + 10 + 40<\/td>\n<td>120<\/td>\n<\/tr>\n<\/tbody>\n<\/table>\n<p><!-- \u00dcr\u00fcn Tablosu 4 --><\/p>\n<h3>Product Code \u2013 272-04238-090<\/h3>\n<table border=\"1\" cellspacing=\"0\" cellpadding=\"4\">\n<tbody>\n<tr>\n<th>Length<\/th>\n<th>Material<\/th>\n<th>Medicine<\/th>\n<th>Dimensions<\/th>\n<th>Piece<\/th>\n<\/tr>\n<tr>\n<td>90mm<\/td>\n<td>ZG+ZT+<\/td>\n<td>3A+, 5P+<\/td>\n<td>42 + 10 + 38<\/td>\n<td>120<\/td>\n<\/tr>\n<\/tbody>\n<\/table>\n<p><!-- \u00dcr\u00fcn Tablosu 5 --><\/p>\n<h3>Product Code \u2013 272-05535-100<\/h3>\n<table border=\"1\" cellspacing=\"0\" cellpadding=\"4\">\n<tbody>\n<tr>\n<th>Length<\/th>\n<th>Material<\/th>\n<th>Medicine<\/th>\n<th>Dimensions<\/th>\n<th>Piece<\/th>\n<\/tr>\n<tr>\n<td>100mm<\/td>\n<td>ZG+ZT+<\/td>\n<td>3A+, 5P+<\/td>\n<td>55 + 10 + 35<\/td>\n<td>120<\/td>\n<\/tr>\n<\/tbody>\n<\/table>\n<h3>Product Code \u2013 272-01543-083<\/h3>\n<table border=\"1\" cellspacing=\"0\" cellpadding=\"4\">\n<tbody>\n<tr>\n<th>Length<\/th>\n<th>Material<\/th>\n<th>Medicine<\/th>\n<th>Dimensions<\/th>\n<th>Piece<\/th>\n<\/tr>\n<tr>\n<td>83mm<\/td>\n<td>Zamak<\/td>\n<td>3A+, 5P+<\/td>\n<td>40 + 10 + 33<\/td>\n<td>120<\/td>\n<\/tr>\n<\/tbody>\n<\/table>\n<p><!-- \u00dcr\u00fcn Tablosu 2 --><\/p>\n<h3>Product Code \u2013 272-01543-090<\/h3>\n<table border=\"1\" cellspacing=\"0\" cellpadding=\"4\">\n<tbody>\n<tr>\n<th>Length<\/th>\n<th>Material<\/th>\n<th>Medicine<\/th>\n<th>Dimensions<\/th>\n<th>Piece<\/th>\n<\/tr>\n<tr>\n<td>90mm<\/td>\n<td>Zamak<\/td>\n<td>3A+, 5P+<\/td>\n<td>45 + 10 + 35<\/td>\n<td>120<\/td>\n<\/tr>\n<\/tbody>\n<\/table>\n<p><!-- \u00dcr\u00fcn Tablosu 3 --><\/p>\n<h3>Product Code \u2013 272-01543-100<\/h3>\n<table border=\"1\" cellspacing=\"0\" cellpadding=\"4\">\n<tbody>\n<tr>\n<th>Length<\/th>\n<th>Material<\/th>\n<th>Medicine<\/th>\n<th>Dimensions<\/th>\n<th>Piece<\/th>\n<\/tr>\n<tr>\n<td>100mm<\/td>\n<td>Zamak<\/td>\n<td>3A+, 5P+<\/td>\n<td>50 + 10 + 40<\/td>\n<td>120<\/td>\n<\/tr>\n<\/tbody>\n<\/table>\n<p><!-- \u00dcr\u00fcn Tablosu 4 --><\/p>\n<h3>Product Code \u2013 272-04238-090<\/h3>\n<table border=\"1\" cellspacing=\"0\" cellpadding=\"4\">\n<tbody>\n<tr>\n<th>Length<\/th>\n<th>Material<\/th>\n<th>Medicine<\/th>\n<th>Dimensions<\/th>\n<th>Piece<\/th>\n<\/tr>\n<tr>\n<td>90mm<\/td>\n<td>ZG+ZT+<\/td>\n<td>3A+, 5P+<\/td>\n<td>42 + 10 + 38<\/td>\n<td>120<\/td>\n<\/tr>\n<\/tbody>\n<\/table>\n<p><!-- \u00dcr\u00fcn Tablosu 5 --><\/p>\n<h3>Product Code \u2013 272-05535-100<\/h3>\n<table border=\"1\" cellspacing=\"0\" cellpadding=\"4\">\n<tbody>\n<tr>\n<th>Length<\/th>\n<th>Material<\/th>\n<th>Medicine<\/th>\n<th>Dimensions<\/th>\n<th>Piece<\/th>\n<\/tr>\n<tr>\n<td>100mm<\/td>\n<td>ZG+ZT+<\/td>\n<td>3A+, 5P+<\/td>\n<td>55 + 10 + 35<\/td>\n<td>120<\/td>\n<\/tr>\n<\/tbody>\n<\/table>\n<h3><\/h3>","protected":false},"excerpt":{"rendered":"<p>\u00dcr\u00fcn Kodu &#8211; 272-01543-083 Uzunluk Malzeme Tip \u00d6l\u00e7\u00fcler Adet 83mm Zamak 3A+, 5P+ 40 + 10 + 33 120 \u00dcr\u00fcn<\/p>","protected":false},"featured_media":5932,"template":"","meta":[],"product_brand":[],"product_cat":[73,77],"product_tag":[],"class_list":{"0":"post-5933","1":"product","2":"type-product","3":"status-publish","4":"has-post-thumbnail","6":"product_cat-kapi-sistemleri","7":"product_cat-silindirler","9":"first","10":"instock","11":"shipping-taxable","12":"product-type-simple"},"_links":{"self":[{"href":"https:\/\/fornax.com.tr\/en\/wp-json\/wp\/v2\/product\/5933","targetHints":{"allow":["GET"]}}],"collection":[{"href":"https:\/\/fornax.com.tr\/en\/wp-json\/wp\/v2\/product"}],"about":[{"href":"https:\/\/fornax.com.tr\/en\/wp-json\/wp\/v2\/types\/product"}],"version-history":[{"count":2,"href":"https:\/\/fornax.com.tr\/en\/wp-json\/wp\/v2\/product\/5933\/revisions"}],"predecessor-version":[{"id":6436,"href":"https:\/\/fornax.com.tr\/en\/wp-json\/wp\/v2\/product\/5933\/revisions\/6436"}],"wp:featuredmedia":[{"embeddable":true,"href":"https:\/\/fornax.com.tr\/en\/wp-json\/wp\/v2\/media\/5932"}],"wp:attachment":[{"href":"https:\/\/fornax.com.tr\/en\/wp-json\/wp\/v2\/media?parent=5933"}],"wp:term":[{"taxonomy":"product_brand","embeddable":true,"href":"https:\/\/fornax.com.tr\/en\/wp-json\/wp\/v2\/product_brand?post=5933"},{"taxonomy":"product_cat","embeddable":true,"href":"https:\/\/fornax.com.tr\/en\/wp-json\/wp\/v2\/product_cat?post=5933"},{"taxonomy":"product_tag","embeddable":true,"href":"https:\/\/fornax.com.tr\/en\/wp-json\/wp\/v2\/product_tag?post=5933"}],"curies":[{"name":"wp","href":"https:\/\/api.w.org\/{rel}","templated":true}]}}