{"id":5924,"date":"2025-06-16T07:45:18","date_gmt":"2025-06-16T07:45:18","guid":{"rendered":"https:\/\/fornax.com.tr\/?post_type=product&#038;p=5924"},"modified":"2025-06-16T07:45:18","modified_gmt":"2025-06-16T07:45:18","slug":"92-35mm-barrel-driven","status":"publish","type":"product","link":"https:\/\/fornax.com.tr\/en\/product\/92-35mm-barrel-driven\/","title":{"rendered":"92\/35mm Barrel Driven"},"content":{"rendered":"<p><!-- Sol Tablo: \u00dcr\u00fcn Bilgisi --><\/p>\n<h3>Barreled Tongue (B+\/D+)<\/h3>\n<table border=\"1\" cellspacing=\"0\" cellpadding=\"4\">\n<tbody>\n<tr>\n<th style=\"text-align: left;\">Eccentric Pin (Product Code)<\/th>\n<th style=\"text-align: left;\">With Security Pin (Product Code)<\/th>\n<th style=\"text-align: left;\">Explanation<\/th>\n<th style=\"text-align: left;\">Amount<\/th>\n<th style=\"text-align: left;\">kg<\/th>\n<\/tr>\n<tr>\n<td>163.160.392.135<\/td>\n<td>163.160.392.235<\/td>\n<td>1600\/92\/35 (B+\/D+)<\/td>\n<td>10<\/td>\n<td>14.15<\/td>\n<\/tr>\n<tr>\n<td>163.180.392.135<\/td>\n<td>163.180.392.235<\/td>\n<td>1800\/92\/35 (B+\/D+)<\/td>\n<td>10<\/td>\n<td>13.80<\/td>\n<\/tr>\n<tr>\n<td>163.200.392.135<\/td>\n<td>163.200.392.235<\/td>\n<td>2000\/92\/35 (B+\/D+)<\/td>\n<td>10<\/td>\n<td>14.64<\/td>\n<\/tr>\n<\/tbody>\n<\/table>\n<p>&nbsp;<\/p>\n<p><!-- Sa\u011f Tablo: Teknik \u00d6l\u00e7\u00fcler --><\/p>\n<h3>Barreled Tongue (B+\/D+)<\/h3>\n<table style=\"height: 60px;\" border=\"1\" width=\"781\" cellspacing=\"0\" cellpadding=\"4\">\n<tbody>\n<tr>\n<th style=\"text-align: left;\">Usage Range<\/th>\n<th style=\"text-align: left;\">A<\/th>\n<th style=\"text-align: left;\">B<\/th>\n<th style=\"text-align: left;\">C<\/th>\n<th style=\"text-align: left;\">D<\/th>\n<th style=\"text-align: left;\">TO<\/th>\n<th style=\"text-align: left;\">F<\/th>\n<th style=\"text-align: left;\">Screw<\/th>\n<th style=\"text-align: left;\">Opposite<\/th>\n<\/tr>\n<tr>\n<td>1600-1800<\/td>\n<td>1600<\/td>\n<td>308<\/td>\n<td>292<\/td>\n<td>814<\/td>\n<td>614<\/td>\n<td>405<\/td>\n<td>11<\/td>\n<td>3<\/td>\n<\/tr>\n<tr>\n<td>1800-2000<\/td>\n<td>1800<\/td>\n<td>308<\/td>\n<td>302<\/td>\n<td>814<\/td>\n<td>614<\/td>\n<td>405<\/td>\n<td>12<\/td>\n<td>4<\/td>\n<\/tr>\n<tr>\n<td>2000-2200<\/td>\n<td>2000<\/td>\n<td>308<\/td>\n<td>302<\/td>\n<td>875<\/td>\n<td>875<\/td>\n<td>458<\/td>\n<td>12<\/td>\n<td>4<\/td>\n<\/tr>\n<\/tbody>\n<\/table>","protected":false},"excerpt":{"rendered":"<p>Hardware Technical Details<\/p>\n<p>KY \u2013 Wing Height 1600mm 2400mm<\/p>\n<p>GT \u2013 Body Type Zamak Body \u2013 Sheet Metal Cover<\/p>\n<p>Working Mode: Cylinder Controlled<\/p>\n<p>Arm Center: 92mm<\/p>\n<p>Axis 35<\/p>","protected":false},"featured_media":5925,"template":"","meta":[],"product_brand":[],"product_cat":[78],"product_tag":[],"class_list":{"0":"post-5924","1":"product","2":"type-product","3":"status-publish","4":"has-post-thumbnail","6":"product_cat-kilitli-ispanyoletler","8":"first","9":"instock","10":"shipping-taxable","11":"product-type-simple"},"_links":{"self":[{"href":"https:\/\/fornax.com.tr\/en\/wp-json\/wp\/v2\/product\/5924","targetHints":{"allow":["GET"]}}],"collection":[{"href":"https:\/\/fornax.com.tr\/en\/wp-json\/wp\/v2\/product"}],"about":[{"href":"https:\/\/fornax.com.tr\/en\/wp-json\/wp\/v2\/types\/product"}],"version-history":[{"count":2,"href":"https:\/\/fornax.com.tr\/en\/wp-json\/wp\/v2\/product\/5924\/revisions"}],"predecessor-version":[{"id":5927,"href":"https:\/\/fornax.com.tr\/en\/wp-json\/wp\/v2\/product\/5924\/revisions\/5927"}],"wp:featuredmedia":[{"embeddable":true,"href":"https:\/\/fornax.com.tr\/en\/wp-json\/wp\/v2\/media\/5925"}],"wp:attachment":[{"href":"https:\/\/fornax.com.tr\/en\/wp-json\/wp\/v2\/media?parent=5924"}],"wp:term":[{"taxonomy":"product_brand","embeddable":true,"href":"https:\/\/fornax.com.tr\/en\/wp-json\/wp\/v2\/product_brand?post=5924"},{"taxonomy":"product_cat","embeddable":true,"href":"https:\/\/fornax.com.tr\/en\/wp-json\/wp\/v2\/product_cat?post=5924"},{"taxonomy":"product_tag","embeddable":true,"href":"https:\/\/fornax.com.tr\/en\/wp-json\/wp\/v2\/product_tag?post=5924"}],"curies":[{"name":"wp","href":"https:\/\/api.w.org\/{rel}","templated":true}]}}