{"id":5917,"date":"2025-06-16T07:32:02","date_gmt":"2025-06-16T07:32:02","guid":{"rendered":"https:\/\/fornax.com.tr\/?post_type=product&#038;p=5917"},"modified":"2025-06-16T07:32:03","modified_gmt":"2025-06-16T07:32:03","slug":"92-35mm-barrel-driven-hook-2","status":"publish","type":"product","link":"https:\/\/fornax.com.tr\/en\/product\/92-35mm-barrel-driven-hook-2\/","title":{"rendered":"92\/35mm Barrel Driven (Hook)"},"content":{"rendered":"<p><!-- Sol Tablo: \u00dcr\u00fcn Bilgisi --><\/p>\n<h3>Barreled Tongue (B+\/D+)<\/h3>\n<table border=\"1\" cellspacing=\"0\" cellpadding=\"4\">\n<tbody>\n<tr>\n<th style=\"text-align: left;\">Eccentric Pin (Product Code)<\/th>\n<th style=\"text-align: left;\">With Security Pin (Product Code)<\/th>\n<th style=\"text-align: left;\">Explanation<\/th>\n<th style=\"text-align: left;\">Amount<\/th>\n<th style=\"text-align: left;\">kg<\/th>\n<\/tr>\n<tr>\n<td>161.180.392.135<\/td>\n<td>161.180.395.235<\/td>\n<td>1800\/92\/35 (B+\/D+)<\/td>\n<td>10<\/td>\n<td>13.80<\/td>\n<\/tr>\n<tr>\n<td>161.200.392.135<\/td>\n<td>161.200.395.235<\/td>\n<td>2000\/92\/35 (B+\/D+)<\/td>\n<td>10<\/td>\n<td>14.64<\/td>\n<\/tr>\n<\/tbody>\n<\/table>\n<p>&nbsp;<\/p>\n<p><!-- Sa\u011f Tablo: Teknik \u00d6l\u00e7\u00fcler --><\/p>\n<h3>Barreled Tongue (B+\/D+)<\/h3>\n<table class=\"alignleft\" style=\"height: 55px;\" border=\"1\" width=\"794\" cellspacing=\"0\" cellpadding=\"4\">\n<tbody>\n<tr>\n<th style=\"text-align: center;\">Usage Range<\/th>\n<th>A<\/th>\n<th>B<\/th>\n<th>C<\/th>\n<th>D<\/th>\n<th>TO<\/th>\n<th>F<\/th>\n<th>Screw<\/th>\n<th>Opposite<\/th>\n<\/tr>\n<tr>\n<td style=\"text-align: center;\">1800-2000<\/td>\n<td style=\"text-align: center;\">1800<\/td>\n<td style=\"text-align: center;\">431<\/td>\n<td style=\"text-align: center;\">471<\/td>\n<td style=\"text-align: center;\">748<\/td>\n<td style=\"text-align: center;\">737<\/td>\n<td style=\"text-align: center;\">&#8211;<\/td>\n<td style=\"text-align: center;\">12<\/td>\n<td style=\"text-align: center;\">4<\/td>\n<\/tr>\n<tr>\n<td style=\"text-align: center;\">2000-2200<\/td>\n<td style=\"text-align: center;\">2000<\/td>\n<td style=\"text-align: center;\">431<\/td>\n<td style=\"text-align: center;\">471<\/td>\n<td style=\"text-align: center;\">748<\/td>\n<td style=\"text-align: center;\">737<\/td>\n<td style=\"text-align: center;\">&#8211;<\/td>\n<td style=\"text-align: center;\">12<\/td>\n<td style=\"text-align: center;\">4<\/td>\n<\/tr>\n<\/tbody>\n<\/table>","protected":false},"excerpt":{"rendered":"<p>Hardware Technical Details<\/p>\n<p>KY \u2013 Wing Height 1600mm 2400mm<\/p>\n<p>GT \u2013 Body Type Zamak Body \u2013 Sheet Metal Cover<\/p>\n<p>Hooked<\/p>\n<p>Working Mode: Cylinder Controlled<\/p>\n<p>Arm Center: 92mm<\/p>\n<p>Axis 35<\/p>","protected":false},"featured_media":5918,"template":"","meta":[],"product_brand":[],"product_cat":[78],"product_tag":[],"class_list":{"0":"post-5917","1":"product","2":"type-product","3":"status-publish","4":"has-post-thumbnail","6":"product_cat-kilitli-ispanyoletler","8":"first","9":"instock","10":"shipping-taxable","11":"product-type-simple"},"_links":{"self":[{"href":"https:\/\/fornax.com.tr\/en\/wp-json\/wp\/v2\/product\/5917","targetHints":{"allow":["GET"]}}],"collection":[{"href":"https:\/\/fornax.com.tr\/en\/wp-json\/wp\/v2\/product"}],"about":[{"href":"https:\/\/fornax.com.tr\/en\/wp-json\/wp\/v2\/types\/product"}],"version-history":[{"count":1,"href":"https:\/\/fornax.com.tr\/en\/wp-json\/wp\/v2\/product\/5917\/revisions"}],"predecessor-version":[{"id":5919,"href":"https:\/\/fornax.com.tr\/en\/wp-json\/wp\/v2\/product\/5917\/revisions\/5919"}],"wp:featuredmedia":[{"embeddable":true,"href":"https:\/\/fornax.com.tr\/en\/wp-json\/wp\/v2\/media\/5918"}],"wp:attachment":[{"href":"https:\/\/fornax.com.tr\/en\/wp-json\/wp\/v2\/media?parent=5917"}],"wp:term":[{"taxonomy":"product_brand","embeddable":true,"href":"https:\/\/fornax.com.tr\/en\/wp-json\/wp\/v2\/product_brand?post=5917"},{"taxonomy":"product_cat","embeddable":true,"href":"https:\/\/fornax.com.tr\/en\/wp-json\/wp\/v2\/product_cat?post=5917"},{"taxonomy":"product_tag","embeddable":true,"href":"https:\/\/fornax.com.tr\/en\/wp-json\/wp\/v2\/product_tag?post=5917"}],"curies":[{"name":"wp","href":"https:\/\/api.w.org\/{rel}","templated":true}]}}