{"id":5910,"date":"2025-06-16T07:16:22","date_gmt":"2025-06-16T07:16:22","guid":{"rendered":"https:\/\/fornax.com.tr\/?post_type=product&#038;p=5910"},"modified":"2025-06-16T07:16:22","modified_gmt":"2025-06-16T07:16:22","slug":"92-35mm-barrel-driven-corner-connection","status":"publish","type":"product","link":"https:\/\/fornax.com.tr\/en\/product\/92-35mm-barrel-driven-corner-connection\/","title":{"rendered":"92\/35mm Barrel Driven (Corner Connection)"},"content":{"rendered":"<p><!-- Sol Tablo: \u00dcr\u00fcn Bilgisi --><\/p>\n<h3>Barreled Tongue (B+\/D+)<\/h3>\n<table border=\"1\" cellspacing=\"0\" cellpadding=\"4\">\n<tbody>\n<tr>\n<th>Eccentric Pin (Product Code)<\/th>\n<th>With Security Pin (Product Code)<\/th>\n<th>Explanation<\/th>\n<th>Amount<\/th>\n<th>kg<\/th>\n<\/tr>\n<tr>\n<td>165.193.392.135<\/td>\n<td>165.193.392.235<\/td>\n<td>1930\/92\/35 (B+\/D+)<\/td>\n<td>10<\/td>\n<td>14.59<\/td>\n<\/tr>\n<\/tbody>\n<\/table>\n<p>&nbsp;<\/p>\n<p><!-- Sa\u011f Tablo: Teknik \u00d6l\u00e7\u00fcler --><\/p>\n<h3>Barreled Tongue (B+\/D+)<\/h3>\n<table style=\"height: 68px;\" border=\"1\" width=\"796\" cellspacing=\"0\" cellpadding=\"4\">\n<tbody>\n<tr>\n<th style=\"text-align: left;\">Usage Range<\/th>\n<th style=\"text-align: left;\">A<\/th>\n<th style=\"text-align: left;\">B<\/th>\n<th style=\"text-align: left;\">C<\/th>\n<th style=\"text-align: left;\">D<\/th>\n<th style=\"text-align: left;\">TO<\/th>\n<th style=\"text-align: left;\">F<\/th>\n<th style=\"text-align: left;\">Screw<\/th>\n<th style=\"text-align: left;\">Opposite<\/th>\n<\/tr>\n<tr>\n<td>1800-2000<\/td>\n<td>92<\/td>\n<td>299<\/td>\n<td>53<\/td>\n<td>594<\/td>\n<td>744<\/td>\n<td>&#8211;<\/td>\n<td>2<\/td>\n<td>2<\/td>\n<\/tr>\n<\/tbody>\n<\/table>","protected":false},"excerpt":{"rendered":"<p>Hardware Technical Details<\/p>\n<p>KY \u2013 Wing Height 1600mm 2400mm<\/p>\n<p>GT \u2013 Body Type Zamak Body \u2013 Sheet Metal Cover<\/p>\n<p>Corner Connection<\/p>\n<p>Working Mode: Cylinder Controlled<\/p>\n<p>Arm Center: 92mm<\/p>\n<p>Axis 35<\/p>","protected":false},"featured_media":5911,"template":"","meta":[],"product_brand":[],"product_cat":[78],"product_tag":[],"class_list":{"0":"post-5910","1":"product","2":"type-product","3":"status-publish","4":"has-post-thumbnail","6":"product_cat-kilitli-ispanyoletler","8":"first","9":"instock","10":"shipping-taxable","11":"product-type-simple"},"_links":{"self":[{"href":"https:\/\/fornax.com.tr\/en\/wp-json\/wp\/v2\/product\/5910","targetHints":{"allow":["GET"]}}],"collection":[{"href":"https:\/\/fornax.com.tr\/en\/wp-json\/wp\/v2\/product"}],"about":[{"href":"https:\/\/fornax.com.tr\/en\/wp-json\/wp\/v2\/types\/product"}],"version-history":[{"count":2,"href":"https:\/\/fornax.com.tr\/en\/wp-json\/wp\/v2\/product\/5910\/revisions"}],"predecessor-version":[{"id":5913,"href":"https:\/\/fornax.com.tr\/en\/wp-json\/wp\/v2\/product\/5910\/revisions\/5913"}],"wp:featuredmedia":[{"embeddable":true,"href":"https:\/\/fornax.com.tr\/en\/wp-json\/wp\/v2\/media\/5911"}],"wp:attachment":[{"href":"https:\/\/fornax.com.tr\/en\/wp-json\/wp\/v2\/media?parent=5910"}],"wp:term":[{"taxonomy":"product_brand","embeddable":true,"href":"https:\/\/fornax.com.tr\/en\/wp-json\/wp\/v2\/product_brand?post=5910"},{"taxonomy":"product_cat","embeddable":true,"href":"https:\/\/fornax.com.tr\/en\/wp-json\/wp\/v2\/product_cat?post=5910"},{"taxonomy":"product_tag","embeddable":true,"href":"https:\/\/fornax.com.tr\/en\/wp-json\/wp\/v2\/product_tag?post=5910"}],"curies":[{"name":"wp","href":"https:\/\/api.w.org\/{rel}","templated":true}]}}