{"id":5905,"date":"2025-06-16T07:26:28","date_gmt":"2025-06-16T07:26:28","guid":{"rendered":"https:\/\/fornax.com.tr\/?post_type=product&#038;p=5905"},"modified":"2025-06-16T07:26:28","modified_gmt":"2025-06-16T07:26:28","slug":"92-35mm-barrel-driven-small-hook","status":"publish","type":"product","link":"https:\/\/fornax.com.tr\/en\/product\/92-35mm-barrel-driven-small-hook\/","title":{"rendered":"92\/35mm Barrel Driven (Small Hook)"},"content":{"rendered":"<p><!-- Sol Tablo: \u00dcr\u00fcn Bilgisi --><\/p>\n<h3>Barreled Tongue (B+\/D+)<\/h3>\n<table style=\"height: 58px;\" border=\"1\" width=\"506\" cellspacing=\"0\" cellpadding=\"4\">\n<tbody>\n<tr>\n<th>Code<\/th>\n<th>Explanation<\/th>\n<th>Amount<\/th>\n<th>kg<\/th>\n<\/tr>\n<tr>\n<td>162.208.392.035<\/td>\n<td>2008\/92\/35 (B+\/D+)<\/td>\n<td>10<\/td>\n<td>14.59<\/td>\n<\/tr>\n<\/tbody>\n<\/table>\n<p>&nbsp;<\/p>\n<p><!-- Sa\u011f Tablo: Teknik \u00d6l\u00e7\u00fcler --><\/p>\n<h3>Barreled Tongue (B+\/D+)<\/h3>\n<table style=\"height: 71px;\" border=\"1\" width=\"513\" cellspacing=\"0\" cellpadding=\"4\">\n<tbody>\n<tr>\n<th>Usage Range<\/th>\n<th>A<\/th>\n<th>B<\/th>\n<th>C<\/th>\n<th>D<\/th>\n<th>TO<\/th>\n<th>F<\/th>\n<th>Screw<\/th>\n<th>Opposite<\/th>\n<\/tr>\n<tr>\n<td>1600-2000<\/td>\n<td>2008<\/td>\n<td>316<\/td>\n<td>316<\/td>\n<td>632<\/td>\n<td>632<\/td>\n<td>&#8211;<\/td>\n<td>13<\/td>\n<td>3<\/td>\n<\/tr>\n<\/tbody>\n<\/table>","protected":false},"excerpt":{"rendered":"<p>Hardware Technical Details<\/p>\n<p>KY \u2013 Wing Height 1600mm 2400mm<\/p>\n<p>GT \u2013 Body Type Zamak Body \u2013 Sheet Metal Cover<\/p>\n<p>Small Hook<\/p>\n<p>Working Mode: Cylinder Controlled<\/p>\n<p>Arm Center: 92mm<\/p>\n<p>Axis 35<\/p>","protected":false},"featured_media":5914,"template":"","meta":[],"product_brand":[],"product_cat":[78],"product_tag":[],"class_list":{"0":"post-5905","1":"product","2":"type-product","3":"status-publish","4":"has-post-thumbnail","6":"product_cat-kilitli-ispanyoletler","8":"first","9":"instock","10":"shipping-taxable","11":"product-type-simple"},"_links":{"self":[{"href":"https:\/\/fornax.com.tr\/en\/wp-json\/wp\/v2\/product\/5905","targetHints":{"allow":["GET"]}}],"collection":[{"href":"https:\/\/fornax.com.tr\/en\/wp-json\/wp\/v2\/product"}],"about":[{"href":"https:\/\/fornax.com.tr\/en\/wp-json\/wp\/v2\/types\/product"}],"version-history":[{"count":2,"href":"https:\/\/fornax.com.tr\/en\/wp-json\/wp\/v2\/product\/5905\/revisions"}],"predecessor-version":[{"id":5916,"href":"https:\/\/fornax.com.tr\/en\/wp-json\/wp\/v2\/product\/5905\/revisions\/5916"}],"wp:featuredmedia":[{"embeddable":true,"href":"https:\/\/fornax.com.tr\/en\/wp-json\/wp\/v2\/media\/5914"}],"wp:attachment":[{"href":"https:\/\/fornax.com.tr\/en\/wp-json\/wp\/v2\/media?parent=5905"}],"wp:term":[{"taxonomy":"product_brand","embeddable":true,"href":"https:\/\/fornax.com.tr\/en\/wp-json\/wp\/v2\/product_brand?post=5905"},{"taxonomy":"product_cat","embeddable":true,"href":"https:\/\/fornax.com.tr\/en\/wp-json\/wp\/v2\/product_cat?post=5905"},{"taxonomy":"product_tag","embeddable":true,"href":"https:\/\/fornax.com.tr\/en\/wp-json\/wp\/v2\/product_tag?post=5905"}],"curies":[{"name":"wp","href":"https:\/\/api.w.org\/{rel}","templated":true}]}}