{"id":5900,"date":"2025-06-16T06:17:30","date_gmt":"2025-06-16T06:17:30","guid":{"rendered":"https:\/\/fornax.com.tr\/?post_type=product&#038;p=5900"},"modified":"2025-06-16T06:17:30","modified_gmt":"2025-06-16T06:17:30","slug":"92-25-28-35mm-sheet-metal-body-lever-driven","status":"publish","type":"product","link":"https:\/\/fornax.com.tr\/en\/product\/92-25-28-35mm-sheet-metal-body-lever-driven\/","title":{"rendered":"92\/25-28-35mm Sheet Metal Body Lever Driven"},"content":{"rendered":"<p><!-- 92\/25mm BARELL\u0130 D\u0130LS\u0130Z (B+\/D-) --><\/p>\n<table border=\"1\" cellspacing=\"0\" cellpadding=\"5\">\n<caption><strong>92\/25mm Barelli Mute (B+\/D-)<\/strong><\/caption>\n<tbody>\n<tr>\n<th>Eccentric Pin (Product Code)<\/th>\n<th>With Security Pin (Product Code)<\/th>\n<th>Explanation<\/th>\n<th>Amount<\/th>\n<th>kg<\/th>\n<\/tr>\n<tr>\n<td>168.160.192.125<\/td>\n<td>168.160.192.225<\/td>\n<td>1600\/92\/25 (B+\/D-)<\/td>\n<td>10<\/td>\n<td>&#8211;<\/td>\n<\/tr>\n<tr>\n<td>168.180.192.125<\/td>\n<td>168.180.192.225<\/td>\n<td>1800\/92\/25 (B+\/D-)<\/td>\n<td>10<\/td>\n<td>&#8211;<\/td>\n<\/tr>\n<tr>\n<td>168.200.192.125<\/td>\n<td>168.200.192.225<\/td>\n<td>2000\/92\/25 (B+\/D-)<\/td>\n<td>10<\/td>\n<td>&#8211;<\/td>\n<\/tr>\n<\/tbody>\n<\/table>\n<p><!-- 92\/25mm BARELS\u0130Z D\u0130LS\u0130Z (B-\/D-) --><\/p>\n<table border=\"1\" cellspacing=\"0\" cellpadding=\"5\">\n<caption><strong>92\/25mm Without Barrel Mute (B-\/D-)<\/strong><\/caption>\n<tbody>\n<tr>\n<th>Eccentric Pin (Product Code)<\/th>\n<th>With Security Pin (Product Code)<\/th>\n<th>Explanation<\/th>\n<th>Amount<\/th>\n<th>kg<\/th>\n<\/tr>\n<tr>\n<td>168.160.292.125<\/td>\n<td>168.160.292.225<\/td>\n<td>1600\/92\/25 (B-\/D-)<\/td>\n<td>10<\/td>\n<td>&#8211;<\/td>\n<\/tr>\n<tr>\n<td>168.180.292.125<\/td>\n<td>168.180.292.225<\/td>\n<td>1800\/92\/25 (B-\/D-)<\/td>\n<td>10<\/td>\n<td>&#8211;<\/td>\n<\/tr>\n<tr>\n<td>168.200.292.125<\/td>\n<td>168.200.292.225<\/td>\n<td>2000\/92\/25 (B-\/D-)<\/td>\n<td>10<\/td>\n<td>&#8211;<\/td>\n<\/tr>\n<\/tbody>\n<\/table>\n<p><!-- 92\/25mm BARELL\u0130 D\u0130LL\u0130 (B+\/D+) --><\/p>\n<table border=\"1\" cellspacing=\"0\" cellpadding=\"5\">\n<caption><strong>92\/25mm Barrel Tongue (B+\/D+)<\/strong><\/caption>\n<tbody>\n<tr>\n<th>Eccentric Pin (Product Code)<\/th>\n<th>With Security Pin (Product Code)<\/th>\n<th>Explanation<\/th>\n<th>Amount<\/th>\n<th>kg<\/th>\n<\/tr>\n<tr>\n<td>168.160.392.125<\/td>\n<td>168.160.392.225<\/td>\n<td>1600\/92\/25 (B+\/D+)<\/td>\n<td>10<\/td>\n<td>&#8211;<\/td>\n<\/tr>\n<tr>\n<td>168.180.392.125<\/td>\n<td>168.180.392.225<\/td>\n<td>1800\/92\/25 (B+\/D+)<\/td>\n<td>10<\/td>\n<td>&#8211;<\/td>\n<\/tr>\n<tr>\n<td>168.200.392.125<\/td>\n<td>168.200.392.225<\/td>\n<td>2000\/92\/25 (B+\/D+)<\/td>\n<td>10<\/td>\n<td>&#8211;<\/td>\n<\/tr>\n<\/tbody>\n<\/table>\n<p><!-- 92\/28mm BARELL\u0130 D\u0130LS\u0130Z (B+\/D-) --><\/p>\n<table border=\"1\" cellspacing=\"0\" cellpadding=\"5\">\n<caption><strong>92\/28mm Barelli Mute (B+\/D-)<\/strong><\/caption>\n<tbody>\n<tr>\n<th>Eccentric Pin (Product Code)<\/th>\n<th>With Security Pin (Product Code)<\/th>\n<th>Explanation<\/th>\n<th>Amount<\/th>\n<th>kg<\/th>\n<\/tr>\n<tr>\n<td>168.160.192.128<\/td>\n<td>168.160.192.228<\/td>\n<td>1600\/92\/28 (B+\/D-)<\/td>\n<td>10<\/td>\n<td>&#8211;<\/td>\n<\/tr>\n<tr>\n<td>168.180.192.128<\/td>\n<td>168.180.192.228<\/td>\n<td>1800\/92\/28 (B+\/D-)<\/td>\n<td>10<\/td>\n<td>&#8211;<\/td>\n<\/tr>\n<tr>\n<td>168.200.192.128<\/td>\n<td>168.200.192.228<\/td>\n<td>2000\/92\/28 (B+\/D-)<\/td>\n<td>10<\/td>\n<td>&#8211;<\/td>\n<\/tr>\n<\/tbody>\n<\/table>\n<p><!-- 92\/28mm BARELS\u0130Z D\u0130LS\u0130Z (B-\/D-) --><\/p>\n<table border=\"1\" cellspacing=\"0\" cellpadding=\"5\">\n<caption><strong>92\/28mm Without Barrel Mute (B-\/D-)<\/strong><\/caption>\n<tbody>\n<tr>\n<th>Eccentric Pin (Product Code)<\/th>\n<th>With Security Pin (Product Code)<\/th>\n<th>Explanation<\/th>\n<th>Amount<\/th>\n<th>kg<\/th>\n<\/tr>\n<tr>\n<td>168.160.292.128<\/td>\n<td>168.160.292.228<\/td>\n<td>1600\/92\/28 (B-\/D-)<\/td>\n<td>10<\/td>\n<td>&#8211;<\/td>\n<\/tr>\n<tr>\n<td>168.180.292.128<\/td>\n<td>168.180.292.228<\/td>\n<td>1800\/92\/28 (B-\/D-)<\/td>\n<td>10<\/td>\n<td>&#8211;<\/td>\n<\/tr>\n<tr>\n<td>168.200.292.128<\/td>\n<td>168.200.292.228<\/td>\n<td>2000\/92\/28 (B-\/D-)<\/td>\n<td>10<\/td>\n<td>&#8211;<\/td>\n<\/tr>\n<\/tbody>\n<\/table>\n<p><!-- 92\/28mm BARELL\u0130 D\u0130LL\u0130 (B+\/D+) --><\/p>\n<table border=\"1\" cellspacing=\"0\" cellpadding=\"5\">\n<caption><strong>92\/28mm Barrel Tongue (B+\/D+)<\/strong><\/caption>\n<tbody>\n<tr>\n<th>Eccentric Pin (Product Code)<\/th>\n<th>With Security Pin (Product Code)<\/th>\n<th>Explanation<\/th>\n<th>Amount<\/th>\n<th>kg<\/th>\n<\/tr>\n<tr>\n<td>168.160.392.128<\/td>\n<td>168.160.392.228<\/td>\n<td>1600\/92\/28 (B+\/D+)<\/td>\n<td>10<\/td>\n<td>&#8211;<\/td>\n<\/tr>\n<tr>\n<td>168.180.392.128<\/td>\n<td>168.180.392.228<\/td>\n<td>1800\/92\/28 (B+\/D+)<\/td>\n<td>10<\/td>\n<td>&#8211;<\/td>\n<\/tr>\n<tr>\n<td>168.200.392.128<\/td>\n<td>168.200.392.228<\/td>\n<td>2000\/92\/28 (B+\/D+)<\/td>\n<td>10<\/td>\n<td>&#8211;<\/td>\n<\/tr>\n<\/tbody>\n<\/table>\n<p><!-- 92\/35mm BARELL\u0130 D\u0130LS\u0130Z (B+\/D-) --><\/p>\n<table border=\"1\" cellspacing=\"0\" cellpadding=\"5\">\n<caption><strong>92\/35mm Barelli Mute (B+\/D-)<\/strong><\/caption>\n<tbody>\n<tr>\n<th>Eccentric Pin (Product Code)<\/th>\n<th>With Security Pin (Product Code)<\/th>\n<th>Explanation<\/th>\n<th>Amount<\/th>\n<th>kg<\/th>\n<\/tr>\n<tr>\n<td>168.160.192.135<\/td>\n<td>168.160.192.235<\/td>\n<td>1600\/92\/35 (B+\/D-)<\/td>\n<td>10<\/td>\n<td>&#8211;<\/td>\n<\/tr>\n<tr>\n<td>168.180.192.135<\/td>\n<td>168.180.192.235<\/td>\n<td>1800\/92\/35 (B+\/D-)<\/td>\n<td>10<\/td>\n<td>&#8211;<\/td>\n<\/tr>\n<tr>\n<td>168.200.192.135<\/td>\n<td>168.200.192.235<\/td>\n<td>2000\/92\/35 (B+\/D-)<\/td>\n<td>10<\/td>\n<td>&#8211;<\/td>\n<\/tr>\n<\/tbody>\n<\/table>\n<p><!-- 92\/35mm BARELS\u0130Z D\u0130LS\u0130Z (B-\/D-) --><\/p>\n<table border=\"1\" cellspacing=\"0\" cellpadding=\"5\">\n<caption><strong>92\/35mm Barless Mute (B-\/D-)<\/strong><\/caption>\n<tbody>\n<tr>\n<th>Eccentric Pin (Product Code)<\/th>\n<th>With Security Pin (Product Code)<\/th>\n<th>Explanation<\/th>\n<th>Amount<\/th>\n<th>kg<\/th>\n<\/tr>\n<tr>\n<td>168.160.292.135<\/td>\n<td>168.160.292.235<\/td>\n<td>1600\/92\/35 (B-\/D-)<\/td>\n<td>10<\/td>\n<td>&#8211;<\/td>\n<\/tr>\n<tr>\n<td>168.180.292.135<\/td>\n<td>168.180.292.235<\/td>\n<td>1800\/92\/35 (B-\/D-)<\/td>\n<td>10<\/td>\n<td>&#8211;<\/td>\n<\/tr>\n<tr>\n<td>168.200.292.135<\/td>\n<td>168.200.292.235<\/td>\n<td>2000\/92\/35 (B-\/D-)<\/td>\n<td>10<\/td>\n<td>&#8211;<\/td>\n<\/tr>\n<\/tbody>\n<\/table>\n<p><!-- 92\/35mm BARELL\u0130 D\u0130LL\u0130 (B+\/D+) --><\/p>\n<table border=\"1\" cellspacing=\"0\" cellpadding=\"5\">\n<caption><strong>92\/35mm Barrel Tongue (B+\/D+)<\/strong><\/caption>\n<tbody>\n<tr>\n<th>Eccentric Pin (Product Code)<\/th>\n<th>With Security Pin (Product Code)<\/th>\n<th>Explanation<\/th>\n<th>Amount<\/th>\n<th>kg<\/th>\n<\/tr>\n<tr>\n<td>168.160.392.135<\/td>\n<td>168.160.392.235<\/td>\n<td>1600\/92\/35 (B+\/D+)<\/td>\n<td>10<\/td>\n<td>&#8211;<\/td>\n<\/tr>\n<tr>\n<td>168.180.392.135<\/td>\n<td>168.180.392.235<\/td>\n<td>1800\/92\/35 (B+\/D+)<\/td>\n<td>10<\/td>\n<td>&#8211;<\/td>\n<\/tr>\n<tr>\n<td>168.200.392.135<\/td>\n<td>168.200.392.235<\/td>\n<td>2000\/92\/35 (B+\/D+)<\/td>\n<td>10<\/td>\n<td>&#8211;<\/td>\n<\/tr>\n<\/tbody>\n<\/table>","protected":false},"excerpt":{"rendered":"<p>KY-Wing Height 1600mm-2400mm<\/p>\n<p>GT \u2013 Sheet Metal Body \u2013 Sheet Metal Cover<\/p>\n<p>Operation Type: Handle Control<\/p>\n<p>Arm Center 25-28-35mm<\/p>\n<p>Lock Bolt 14mm\/20mm<\/p>","protected":false},"featured_media":5901,"template":"","meta":[],"product_brand":[],"product_cat":[78],"product_tag":[],"class_list":{"0":"post-5900","1":"product","2":"type-product","3":"status-publish","4":"has-post-thumbnail","6":"product_cat-kilitli-ispanyoletler","8":"first","9":"instock","10":"shipping-taxable","11":"product-type-simple"},"_links":{"self":[{"href":"https:\/\/fornax.com.tr\/en\/wp-json\/wp\/v2\/product\/5900","targetHints":{"allow":["GET"]}}],"collection":[{"href":"https:\/\/fornax.com.tr\/en\/wp-json\/wp\/v2\/product"}],"about":[{"href":"https:\/\/fornax.com.tr\/en\/wp-json\/wp\/v2\/types\/product"}],"version-history":[{"count":2,"href":"https:\/\/fornax.com.tr\/en\/wp-json\/wp\/v2\/product\/5900\/revisions"}],"predecessor-version":[{"id":5904,"href":"https:\/\/fornax.com.tr\/en\/wp-json\/wp\/v2\/product\/5900\/revisions\/5904"}],"wp:featuredmedia":[{"embeddable":true,"href":"https:\/\/fornax.com.tr\/en\/wp-json\/wp\/v2\/media\/5901"}],"wp:attachment":[{"href":"https:\/\/fornax.com.tr\/en\/wp-json\/wp\/v2\/media?parent=5900"}],"wp:term":[{"taxonomy":"product_brand","embeddable":true,"href":"https:\/\/fornax.com.tr\/en\/wp-json\/wp\/v2\/product_brand?post=5900"},{"taxonomy":"product_cat","embeddable":true,"href":"https:\/\/fornax.com.tr\/en\/wp-json\/wp\/v2\/product_cat?post=5900"},{"taxonomy":"product_tag","embeddable":true,"href":"https:\/\/fornax.com.tr\/en\/wp-json\/wp\/v2\/product_tag?post=5900"}],"curies":[{"name":"wp","href":"https:\/\/api.w.org\/{rel}","templated":true}]}}