{"id":5890,"date":"2025-06-16T06:00:28","date_gmt":"2025-06-16T06:00:28","guid":{"rendered":"https:\/\/fornax.com.tr\/?post_type=product&#038;p=5890"},"modified":"2025-06-16T06:00:43","modified_gmt":"2025-06-16T06:00:43","slug":"85-25-28-35mm-sheet-metal-body-lever-driven","status":"publish","type":"product","link":"https:\/\/fornax.com.tr\/en\/product\/85-25-28-35mm-sheet-metal-body-lever-driven\/","title":{"rendered":"85\/25-28-35mm Sheet Metal Body Lever Driven"},"content":{"rendered":"<p><!-- 85\/25mm --><\/p>\n<table border=\"1\" cellspacing=\"0\" cellpadding=\"5\">\n<caption><strong>85\/25mm Barelli-Mute (B+\/D-)<\/strong><\/caption>\n<tbody>\n<tr>\n<th>Eccentric Pin (Product Code)<\/th>\n<th>With Security Pin (Product Code)<\/th>\n<th>Explanation<\/th>\n<th>Amount<\/th>\n<th>kg<\/th>\n<\/tr>\n<tr>\n<td>168,160,185,125<\/td>\n<td>168,160,185,225<\/td>\n<td>1600\/85\/25 (B+\/D-)<\/td>\n<td>10<\/td>\n<td>&#8211;<\/td>\n<\/tr>\n<tr>\n<td>168,180,185,125<\/td>\n<td>168,180,185,225<\/td>\n<td>1800\/85\/25 (B+\/D-)<\/td>\n<td>10<\/td>\n<td>&#8211;<\/td>\n<\/tr>\n<tr>\n<td>168,200,185,125<\/td>\n<td>168,200,185,225<\/td>\n<td>2000\/85\/25 (B+\/D-)<\/td>\n<td>10<\/td>\n<td>&#8211;<\/td>\n<\/tr>\n<\/tbody>\n<\/table>\n<table border=\"1\" cellspacing=\"0\" cellpadding=\"5\">\n<caption><strong>85\/25mm Without Barrel-Mute (B-\/D-)<\/strong><\/caption>\n<tbody>\n<tr>\n<th>Eccentric Pin (Product Code)<\/th>\n<th>With Security Pin (Product Code)<\/th>\n<th>Explanation<\/th>\n<th>Amount<\/th>\n<th>kg<\/th>\n<\/tr>\n<tr>\n<td>168,160,285,125<\/td>\n<td>168,160,285,225<\/td>\n<td>1600\/85\/25 (B-\/D-)<\/td>\n<td>10<\/td>\n<td>&#8211;<\/td>\n<\/tr>\n<tr>\n<td>168,180,285,125<\/td>\n<td>168,180,285,225<\/td>\n<td>1800\/85\/25 (B-\/D-)<\/td>\n<td>10<\/td>\n<td>&#8211;<\/td>\n<\/tr>\n<tr>\n<td>168,200,285,125<\/td>\n<td>168,200,285,225<\/td>\n<td>2000\/85\/25 (B-\/D-)<\/td>\n<td>10<\/td>\n<td>&#8211;<\/td>\n<\/tr>\n<\/tbody>\n<\/table>\n<table border=\"1\" cellspacing=\"0\" cellpadding=\"5\">\n<caption><strong>85\/25mm Barrel Tongue (B+\/D+)<\/strong><\/caption>\n<tbody>\n<tr>\n<th>Eccentric Pin (Product Code)<\/th>\n<th>With Security Pin (Product Code)<\/th>\n<th>Explanation<\/th>\n<th>Amount<\/th>\n<th>kg<\/th>\n<\/tr>\n<tr>\n<td>168,160,385,125<\/td>\n<td>168,160,385,225<\/td>\n<td>1600\/85\/25 (B+\/D+)<\/td>\n<td>10<\/td>\n<td>&#8211;<\/td>\n<\/tr>\n<tr>\n<td>168,180,385,125<\/td>\n<td>168,180,385,225<\/td>\n<td>1800\/85\/25 (B+\/D+)<\/td>\n<td>10<\/td>\n<td>&#8211;<\/td>\n<\/tr>\n<tr>\n<td>168,200,385,125<\/td>\n<td>168,200,385,225<\/td>\n<td>2000\/85\/25 (B+\/D+)<\/td>\n<td>10<\/td>\n<td>&#8211;<\/td>\n<\/tr>\n<\/tbody>\n<\/table>\n<p><!-- 85\/28mm --><\/p>\n<table border=\"1\" cellspacing=\"0\" cellpadding=\"5\">\n<caption><strong>85\/28mm Barrel-Mute(B+\/D-)<\/strong><\/caption>\n<tbody>\n<tr>\n<th>Eccentric Pin (Product Code)<\/th>\n<th>With Security Pin (Product Code)<\/th>\n<th>Explanation<\/th>\n<th>Amount<\/th>\n<th>kg<\/th>\n<\/tr>\n<tr>\n<td>168,160,185,128<\/td>\n<td>168,160,185,228<\/td>\n<td>1600\/85\/28 (B+\/D-)<\/td>\n<td>10<\/td>\n<td>&#8211;<\/td>\n<\/tr>\n<tr>\n<td>168,180,185,128<\/td>\n<td>168,180,185,228<\/td>\n<td>1800\/85\/28 (B+\/D-)<\/td>\n<td>10<\/td>\n<td>&#8211;<\/td>\n<\/tr>\n<tr>\n<td>168,200,185,128<\/td>\n<td>168,200,185,228<\/td>\n<td>2000\/85\/28 (B+\/D-)<\/td>\n<td>10<\/td>\n<td>&#8211;<\/td>\n<\/tr>\n<\/tbody>\n<\/table>\n<table border=\"1\" cellspacing=\"0\" cellpadding=\"5\">\n<caption><strong>85\/28mm Without Barrel Mute (B-\/D-)<\/strong><\/caption>\n<tbody>\n<tr>\n<th>Eccentric Pin (Product Code)<\/th>\n<th>With Security Pin (Product Code)<\/th>\n<th>Explanation<\/th>\n<th>Amount<\/th>\n<th>kg<\/th>\n<\/tr>\n<tr>\n<td>168,160,285,128<\/td>\n<td>168,160,285,228<\/td>\n<td>1600\/85\/28 (B-\/D-)<\/td>\n<td>10<\/td>\n<td>&#8211;<\/td>\n<\/tr>\n<tr>\n<td>168,180,285,128<\/td>\n<td>168,180,285,228<\/td>\n<td>1800\/85\/28 (B-\/D-)<\/td>\n<td>10<\/td>\n<td>&#8211;<\/td>\n<\/tr>\n<tr>\n<td>168,200,285,128<\/td>\n<td>168,200,285,228<\/td>\n<td>2000\/85\/28 (B-\/D-)<\/td>\n<td>10<\/td>\n<td>&#8211;<\/td>\n<\/tr>\n<\/tbody>\n<\/table>\n<p><!-- 85\/35mm --><\/p>\n<table border=\"1\" cellspacing=\"0\" cellpadding=\"5\">\n<caption><strong>85\/35mm Barelli Mute (B+\/D-)<\/strong><\/caption>\n<tbody>\n<tr>\n<th>Eccentric Pin (Product Code)<\/th>\n<th>With Security Pin (Product Code)<\/th>\n<th>Explanation<\/th>\n<th>Amount<\/th>\n<th>kg<\/th>\n<\/tr>\n<tr>\n<td>168,160,185,135<\/td>\n<td>168,160,185,235<\/td>\n<td>1600\/85\/35 (B+\/D-)<\/td>\n<td>10<\/td>\n<td>&#8211;<\/td>\n<\/tr>\n<tr>\n<td>168,180,185,135<\/td>\n<td>168,180,185,235<\/td>\n<td>1800\/85\/35 (B+\/D-)<\/td>\n<td>10<\/td>\n<td>&#8211;<\/td>\n<\/tr>\n<tr>\n<td>168,200,185,135<\/td>\n<td>168,200,185,235<\/td>\n<td>2000\/85\/35 (B+\/D-)<\/td>\n<td>10<\/td>\n<td>&#8211;<\/td>\n<\/tr>\n<\/tbody>\n<\/table>\n<table border=\"1\" cellspacing=\"0\" cellpadding=\"5\">\n<caption><strong>85\/35mm Without Barrel Mute (B-\/D-)<\/strong><\/caption>\n<tbody>\n<tr>\n<th>Eccentric Pin (Product Code)<\/th>\n<th>With Security Pin (Product Code)<\/th>\n<th>Explanation<\/th>\n<th>Amount<\/th>\n<th>kg<\/th>\n<\/tr>\n<tr>\n<td>168,160,285,135<\/td>\n<td>168,160,285,235<\/td>\n<td>1600\/85\/35 (B-\/D-)<\/td>\n<td>10<\/td>\n<td>&#8211;<\/td>\n<\/tr>\n<tr>\n<td>168,180,285,135<\/td>\n<td>168,180,285,235<\/td>\n<td>1800\/85\/35 (B-\/D-)<\/td>\n<td>10<\/td>\n<td>&#8211;<\/td>\n<\/tr>\n<tr>\n<td>168,200,285,135<\/td>\n<td>168,200,285,235<\/td>\n<td>2000\/85\/35 (B-\/D-)<\/td>\n<td>10<\/td>\n<td>&#8211;<\/td>\n<\/tr>\n<\/tbody>\n<\/table>\n<table border=\"1\" cellspacing=\"0\" cellpadding=\"5\">\n<caption><strong>85\/35mm Barrel Tongue (B+\/D+)<\/strong><\/caption>\n<tbody>\n<tr>\n<th>Eccentric Pin (Product Code)<\/th>\n<th>With Security Pin (Product Code)<\/th>\n<th>Explanation<\/th>\n<th>Amount<\/th>\n<th>kg<\/th>\n<\/tr>\n<tr>\n<td>168,160,385,135<\/td>\n<td>168,160,385,235<\/td>\n<td>1600\/85\/35 (B+\/D+)<\/td>\n<td>10<\/td>\n<td>&#8211;<\/td>\n<\/tr>\n<tr>\n<td>168,180,385,135<\/td>\n<td>168,180,385,235<\/td>\n<td>1800\/85\/35 (B+\/D+)<\/td>\n<td>10<\/td>\n<td>&#8211;<\/td>\n<\/tr>\n<tr>\n<td>168,200,385,135<\/td>\n<td>168,200,385,235<\/td>\n<td>2000\/85\/35 (B+\/D+)<\/td>\n<td>10<\/td>\n<td>&#8211;<\/td>\n<\/tr>\n<\/tbody>\n<\/table>\n<p>&nbsp;<\/p>\n<table style=\"height: 137px;\" border=\"1\" width=\"779\" cellspacing=\"0\" cellpadding=\"5\">\n<caption><strong>Barreled Mute (B+\/D-)<\/strong><\/caption>\n<tbody>\n<tr>\n<th style=\"text-align: left;\">Usage Range<\/th>\n<th>A<\/th>\n<th>B<\/th>\n<th>C<\/th>\n<th>D<\/th>\n<th>TO<\/th>\n<th>KM<\/th>\n<th>Screw<\/th>\n<th>Opposite<\/th>\n<\/tr>\n<tr>\n<td>1600-1800<\/td>\n<td>1600<\/td>\n<td>285<\/td>\n<td>297<\/td>\n<td>603<\/td>\n<td>805<\/td>\n<td>900<\/td>\n<td>11<\/td>\n<td>3<\/td>\n<\/tr>\n<tr>\n<td>1800-2000<\/td>\n<td>1800<\/td>\n<td>285<\/td>\n<td>297<\/td>\n<td>805<\/td>\n<td>805<\/td>\n<td>1000<\/td>\n<td>12<\/td>\n<td>4<\/td>\n<\/tr>\n<tr>\n<td>2000-2400<\/td>\n<td>2000<\/td>\n<td>285<\/td>\n<td>297<\/td>\n<td>805<\/td>\n<td>805<\/td>\n<td>1000<\/td>\n<td>12<\/td>\n<td>4<\/td>\n<\/tr>\n<\/tbody>\n<\/table>\n<p><!-- BARELS\u0130Z D\u0130LS\u0130Z (B-\/D-) --><\/p>\n<table style=\"height: 150px;\" border=\"1\" width=\"780\" cellspacing=\"0\" cellpadding=\"5\">\n<caption><strong>Barrelless Mute (B-\/D-)<\/strong><\/caption>\n<tbody>\n<tr>\n<th style=\"text-align: left;\">Usage Range<\/th>\n<th>A<\/th>\n<th>B<\/th>\n<th>C<\/th>\n<th>D<\/th>\n<th>TO<\/th>\n<th>KM<\/th>\n<th>Screw<\/th>\n<th>Opposite<\/th>\n<\/tr>\n<tr>\n<td>1600-1800<\/td>\n<td>1600<\/td>\n<td>285<\/td>\n<td>297<\/td>\n<td>603<\/td>\n<td>805<\/td>\n<td>900<\/td>\n<td>11<\/td>\n<td>3<\/td>\n<\/tr>\n<tr>\n<td>1800-2000<\/td>\n<td>1800<\/td>\n<td>285<\/td>\n<td>297<\/td>\n<td>805<\/td>\n<td>805<\/td>\n<td>1000<\/td>\n<td>12<\/td>\n<td>4<\/td>\n<\/tr>\n<tr>\n<td>2000-2400<\/td>\n<td>2000<\/td>\n<td>285<\/td>\n<td>297<\/td>\n<td>805<\/td>\n<td>805<\/td>\n<td>1000<\/td>\n<td>12<\/td>\n<td>4<\/td>\n<\/tr>\n<\/tbody>\n<\/table>\n<p><!-- BARELL\u0130 D\u0130LL\u0130 (B+\/D+) --><\/p>\n<table style=\"height: 142px;\" border=\"1\" width=\"779\" cellspacing=\"0\" cellpadding=\"5\">\n<caption><strong>Barreled Tongue (B+\/D+)<\/strong><\/caption>\n<tbody>\n<tr>\n<th style=\"text-align: left;\">Usage Range<\/th>\n<th>A<\/th>\n<th>B<\/th>\n<th>C<\/th>\n<th>D<\/th>\n<th>TO<\/th>\n<th>KM<\/th>\n<th>Screw<\/th>\n<th>Opposite<\/th>\n<\/tr>\n<tr>\n<td>1600-1800<\/td>\n<td>1600<\/td>\n<td>285<\/td>\n<td>297<\/td>\n<td>603<\/td>\n<td>805<\/td>\n<td>900<\/td>\n<td>11<\/td>\n<td>3<\/td>\n<\/tr>\n<tr>\n<td>1800-2000<\/td>\n<td>1800<\/td>\n<td>285<\/td>\n<td>297<\/td>\n<td>805<\/td>\n<td>805<\/td>\n<td>1000<\/td>\n<td>12<\/td>\n<td>4<\/td>\n<\/tr>\n<tr>\n<td>2000-2400<\/td>\n<td>2000<\/td>\n<td>285<\/td>\n<td>297<\/td>\n<td>864<\/td>\n<td>864<\/td>\n<td>1000<\/td>\n<td>12<\/td>\n<td>4<\/td>\n<\/tr>\n<\/tbody>\n<\/table>","protected":false},"excerpt":{"rendered":"<p>KY-Wing Height 1600mm-2400mm<\/p>\n<p>GT \u2013 Sheet Metal Body \u2013 Sheet Metal Cover<\/p>\n<p>Operation Type: Handle Control<\/p>\n<p>Arm Center 25-28-35mm<\/p>\n<p>Lock Bolt 14mm\/20mm<\/p>","protected":false},"featured_media":5894,"template":"","meta":[],"product_brand":[],"product_cat":[78],"product_tag":[],"class_list":{"0":"post-5890","1":"product","2":"type-product","3":"status-publish","4":"has-post-thumbnail","6":"product_cat-kilitli-ispanyoletler","8":"first","9":"instock","10":"shipping-taxable","11":"product-type-simple"},"_links":{"self":[{"href":"https:\/\/fornax.com.tr\/en\/wp-json\/wp\/v2\/product\/5890","targetHints":{"allow":["GET"]}}],"collection":[{"href":"https:\/\/fornax.com.tr\/en\/wp-json\/wp\/v2\/product"}],"about":[{"href":"https:\/\/fornax.com.tr\/en\/wp-json\/wp\/v2\/types\/product"}],"version-history":[{"count":3,"href":"https:\/\/fornax.com.tr\/en\/wp-json\/wp\/v2\/product\/5890\/revisions"}],"predecessor-version":[{"id":5898,"href":"https:\/\/fornax.com.tr\/en\/wp-json\/wp\/v2\/product\/5890\/revisions\/5898"}],"wp:featuredmedia":[{"embeddable":true,"href":"https:\/\/fornax.com.tr\/en\/wp-json\/wp\/v2\/media\/5894"}],"wp:attachment":[{"href":"https:\/\/fornax.com.tr\/en\/wp-json\/wp\/v2\/media?parent=5890"}],"wp:term":[{"taxonomy":"product_brand","embeddable":true,"href":"https:\/\/fornax.com.tr\/en\/wp-json\/wp\/v2\/product_brand?post=5890"},{"taxonomy":"product_cat","embeddable":true,"href":"https:\/\/fornax.com.tr\/en\/wp-json\/wp\/v2\/product_cat?post=5890"},{"taxonomy":"product_tag","embeddable":true,"href":"https:\/\/fornax.com.tr\/en\/wp-json\/wp\/v2\/product_tag?post=5890"}],"curies":[{"name":"wp","href":"https:\/\/api.w.org\/{rel}","templated":true}]}}