{"id":5866,"date":"2025-05-26T12:30:22","date_gmt":"2025-05-26T12:30:22","guid":{"rendered":"https:\/\/fornax.com.tr\/?post_type=product&#038;p=5866"},"modified":"2025-08-27T11:03:58","modified_gmt":"2025-08-27T11:03:58","slug":"92-25mm-arm-drive","status":"publish","type":"product","link":"https:\/\/fornax.com.tr\/en\/product\/92-25mm-arm-drive\/","title":{"rendered":"92\/25mm Lever Driven"},"content":{"rendered":"<p><!-- BARELL\u0130 D\u0130LS\u0130Z (B+\/D-) --><\/p>\n<h3>Barreled Mute (B+\/D-)<\/h3>\n<table style=\"border-collapse: collapse; text-align: center; width: 100%;\" border=\"1\" cellspacing=\"0\" cellpadding=\"6\">\n<thead>\n<tr>\n<th>Usage Range<\/th>\n<th>A<\/th>\n<th>B<\/th>\n<th>C<\/th>\n<th>D<\/th>\n<th>TO<\/th>\n<th>F<\/th>\n<th>Screw<\/th>\n<th>Par\u00e7a<\/th>\n<\/tr>\n<\/thead>\n<tbody>\n<tr>\n<td>1600-1800<\/td>\n<td>1600<\/td>\n<td>300<\/td>\n<td>308<\/td>\n<td>806<\/td>\n<td>624<\/td>\n<td>&#8211;<\/td>\n<td>11<\/td>\n<td>3<\/td>\n<\/tr>\n<tr>\n<td>1800-2000<\/td>\n<td>1800<\/td>\n<td>300<\/td>\n<td>308<\/td>\n<td>806<\/td>\n<td>824<\/td>\n<td>&#8211;<\/td>\n<td>12<\/td>\n<td>4<\/td>\n<\/tr>\n<tr>\n<td>2000-2400<\/td>\n<td>2000<\/td>\n<td>300<\/td>\n<td>308<\/td>\n<td>865<\/td>\n<td>885<\/td>\n<td>&#8211;<\/td>\n<td>12<\/td>\n<td>4<\/td>\n<\/tr>\n<\/tbody>\n<\/table>\n<p><!-- BARELS\u0130Z D\u0130LS\u0130Z (B-\/D-) --><\/p>\n<h3>WITHOUT BARRELS AND MUTE (B-\/D-)<\/h3>\n<table style=\"border-collapse: collapse; text-align: center; width: 100%;\" border=\"1\" cellspacing=\"0\" cellpadding=\"6\">\n<thead>\n<tr>\n<th>Usage Range<\/th>\n<th>A<\/th>\n<th>B<\/th>\n<th>C<\/th>\n<th>D<\/th>\n<th>TO<\/th>\n<th>F<\/th>\n<th>Screw<\/th>\n<th>Par\u00e7a<\/th>\n<\/tr>\n<\/thead>\n<tbody>\n<tr>\n<td>1600-1800<\/td>\n<td>1600<\/td>\n<td>300<\/td>\n<td>308<\/td>\n<td>806<\/td>\n<td>624<\/td>\n<td>&#8211;<\/td>\n<td>11<\/td>\n<td>3<\/td>\n<\/tr>\n<tr>\n<td>1800-2000<\/td>\n<td>1800<\/td>\n<td>300<\/td>\n<td>308<\/td>\n<td>806<\/td>\n<td>824<\/td>\n<td>&#8211;<\/td>\n<td>12<\/td>\n<td>4<\/td>\n<\/tr>\n<tr>\n<td>2000-2400<\/td>\n<td>2000<\/td>\n<td>300<\/td>\n<td>308<\/td>\n<td>865<\/td>\n<td>885<\/td>\n<td>&#8211;<\/td>\n<td>12<\/td>\n<td>4<\/td>\n<\/tr>\n<\/tbody>\n<\/table>\n<p><!-- BARELL\u0130 D\u0130LL\u0130 (B+\/D+) --><\/p>\n<h3>Barreled Tongue (B+\/D+)<\/h3>\n<table style=\"border-collapse: collapse; text-align: center; width: 100%;\" border=\"1\" cellspacing=\"0\" cellpadding=\"6\">\n<thead>\n<tr>\n<th>Usage Range<\/th>\n<th>A<\/th>\n<th>B<\/th>\n<th>C<\/th>\n<th>D<\/th>\n<th>TO<\/th>\n<th>F<\/th>\n<th>Screw<\/th>\n<th>Par\u00e7a<\/th>\n<\/tr>\n<\/thead>\n<tbody>\n<tr>\n<td>1600-1800<\/td>\n<td>1600<\/td>\n<td>300<\/td>\n<td>308<\/td>\n<td>806<\/td>\n<td>624<\/td>\n<td>&#8211;<\/td>\n<td>11<\/td>\n<td>3<\/td>\n<\/tr>\n<tr>\n<td>1800-2000<\/td>\n<td>1800<\/td>\n<td>300<\/td>\n<td>308<\/td>\n<td>806<\/td>\n<td>824<\/td>\n<td>&#8211;<\/td>\n<td>12<\/td>\n<td>4<\/td>\n<\/tr>\n<tr>\n<td>2000-2400<\/td>\n<td>2000<\/td>\n<td>300<\/td>\n<td>308<\/td>\n<td>865<\/td>\n<td>885<\/td>\n<td>&#8211;<\/td>\n<td>12<\/td>\n<td>4<\/td>\n<\/tr>\n<\/tbody>\n<\/table>\n<p><!-- BARELL\u0130 D\u0130LS\u0130Z (B+\/D-) --><\/p>\n<h3>Barreled Mute (B+\/D-)<\/h3>\n<table style=\"border-collapse: collapse; text-align: center; width: 100%;\" border=\"1\" cellspacing=\"0\" cellpadding=\"6\">\n<thead>\n<tr>\n<th>Eccentric Pin<\/th>\n<th>Security Pin<\/th>\n<th>Explanation<\/th>\n<th>Amount<\/th>\n<th>kg<\/th>\n<\/tr>\n<\/thead>\n<tbody>\n<tr>\n<td>170.160.192.125<\/td>\n<td>170.160.192.225<\/td>\n<td>1600\/92\/25 (B+\/D-)<\/td>\n<td>10<\/td>\n<td>9.74<\/td>\n<\/tr>\n<tr>\n<td>170.180.192.125<\/td>\n<td>170.180.192.225<\/td>\n<td>1800\/92\/25 (B+\/D-)<\/td>\n<td>10<\/td>\n<td>10.80<\/td>\n<\/tr>\n<tr>\n<td>170.200.192.125<\/td>\n<td>170.200.192.225<\/td>\n<td>2000\/92\/25 (B+\/D-)<\/td>\n<td>10<\/td>\n<td>11.87<\/td>\n<\/tr>\n<\/tbody>\n<\/table>\n<p><!-- BARELS\u0130Z D\u0130LS\u0130Z (B-\/D-) --><\/p>\n<h3>WITHOUT BARRELS AND MUTE (B-\/D-)<\/h3>\n<table style=\"border-collapse: collapse; text-align: center; width: 100%;\" border=\"1\" cellspacing=\"0\" cellpadding=\"6\">\n<thead>\n<tr>\n<th>Eksantirk Pimli<\/th>\n<th>Security Pin<\/th>\n<th>Explanation<\/th>\n<th>Amount<\/th>\n<th>kg<\/th>\n<\/tr>\n<\/thead>\n<tbody>\n<tr>\n<td>170.160.292.125<\/td>\n<td>170.160.292.225<\/td>\n<td>1600\/92\/25 (B-\/D-)<\/td>\n<td>10<\/td>\n<td>9.74<\/td>\n<\/tr>\n<tr>\n<td>170.180.292.125<\/td>\n<td>170.180.292.225<\/td>\n<td>1800\/92\/25 (B-\/D-)<\/td>\n<td>10<\/td>\n<td>10.80<\/td>\n<\/tr>\n<tr>\n<td>170.200.292.125<\/td>\n<td>170.200.292.225<\/td>\n<td>2000\/92\/25 (B-\/D-)<\/td>\n<td>10<\/td>\n<td>11.87<\/td>\n<\/tr>\n<\/tbody>\n<\/table>\n<p><!-- BARELL\u0130 D\u0130LL\u0130 (B+\/D+) --><\/p>\n<h3>Barreled Tongue (B+\/D+)<\/h3>\n<table style=\"border-collapse: collapse; text-align: center; width: 100%;\" border=\"1\" cellspacing=\"0\" cellpadding=\"6\">\n<thead>\n<tr>\n<th>Eccentric Pin<\/th>\n<th>Security Pin<\/th>\n<th>Explanation<\/th>\n<th>Amount<\/th>\n<th>kg<\/th>\n<\/tr>\n<\/thead>\n<tbody>\n<tr>\n<td>170.160.392.125<\/td>\n<td>170.160.392.225<\/td>\n<td>1600\/92\/25 (B+\/D+)<\/td>\n<td>10<\/td>\n<td>9.74<\/td>\n<\/tr>\n<tr>\n<td>170.180.392.125<\/td>\n<td>170.180.392.225<\/td>\n<td>1800\/92\/25 (B+\/D+)<\/td>\n<td>10<\/td>\n<td>10.80<\/td>\n<\/tr>\n<tr>\n<td>170.200.392.125<\/td>\n<td>170.200.392.225<\/td>\n<td>2000\/92\/25 (B+\/D+)<\/td>\n<td>10<\/td>\n<td>11.87<\/td>\n<\/tr>\n<\/tbody>\n<\/table>","protected":false},"excerpt":{"rendered":"<p>Hardware Technical Details<\/p>\n<p>KY \u2013 Wing Height 1600mm 2400mm<\/p>\n<p>GT \u2013 Body Type Plastic<\/p>\n<p>Body Sheet Metal Cover<\/p>\n<p>Operation Type: Handle Control<\/p>\n<p>Arm Center: 92mm<\/p>\n<p>Axis 25m<\/p>","protected":false},"featured_media":5867,"template":"","meta":[],"product_brand":[],"product_cat":[78],"product_tag":[],"class_list":{"0":"post-5866","1":"product","2":"type-product","3":"status-publish","4":"has-post-thumbnail","6":"product_cat-kilitli-ispanyoletler","8":"first","9":"instock","10":"shipping-taxable","11":"product-type-simple"},"_links":{"self":[{"href":"https:\/\/fornax.com.tr\/en\/wp-json\/wp\/v2\/product\/5866","targetHints":{"allow":["GET"]}}],"collection":[{"href":"https:\/\/fornax.com.tr\/en\/wp-json\/wp\/v2\/product"}],"about":[{"href":"https:\/\/fornax.com.tr\/en\/wp-json\/wp\/v2\/types\/product"}],"version-history":[{"count":8,"href":"https:\/\/fornax.com.tr\/en\/wp-json\/wp\/v2\/product\/5866\/revisions"}],"predecessor-version":[{"id":7403,"href":"https:\/\/fornax.com.tr\/en\/wp-json\/wp\/v2\/product\/5866\/revisions\/7403"}],"wp:featuredmedia":[{"embeddable":true,"href":"https:\/\/fornax.com.tr\/en\/wp-json\/wp\/v2\/media\/5867"}],"wp:attachment":[{"href":"https:\/\/fornax.com.tr\/en\/wp-json\/wp\/v2\/media?parent=5866"}],"wp:term":[{"taxonomy":"product_brand","embeddable":true,"href":"https:\/\/fornax.com.tr\/en\/wp-json\/wp\/v2\/product_brand?post=5866"},{"taxonomy":"product_cat","embeddable":true,"href":"https:\/\/fornax.com.tr\/en\/wp-json\/wp\/v2\/product_cat?post=5866"},{"taxonomy":"product_tag","embeddable":true,"href":"https:\/\/fornax.com.tr\/en\/wp-json\/wp\/v2\/product_tag?post=5866"}],"curies":[{"name":"wp","href":"https:\/\/api.w.org\/{rel}","templated":true}]}}