{"id":5860,"date":"2025-05-26T12:17:53","date_gmt":"2025-05-26T12:17:53","guid":{"rendered":"https:\/\/fornax.com.tr\/?post_type=product&#038;p=5860"},"modified":"2025-05-27T05:12:41","modified_gmt":"2025-05-27T05:12:41","slug":"85-35-lever-operated-additional-lock-19","status":"publish","type":"product","link":"https:\/\/fornax.com.tr\/en\/product\/85-35-lever-operated-additional-lock-19\/","title":{"rendered":"85\/35 Lever Driven (Additional Lock)"},"content":{"rendered":"<table style=\"height: 253px;\" border=\"1\" width=\"802\" cellspacing=\"0\" cellpadding=\"5\">\n<thead>\n<tr>\n<th style=\"text-align: left;\" colspan=\"2\">Barreled Mute (B+\/D\u2212)<\/th>\n<th style=\"text-align: left;\">Explanation<\/th>\n<th style=\"text-align: left;\">Amount<\/th>\n<th style=\"text-align: left;\">kg<\/th>\n<\/tr>\n<\/thead>\n<tbody>\n<tr>\n<td>EP Eccentric Pin<\/td>\n<td>173.160.185.135<\/td>\n<td>1600\/85\/35 (B+\/D\u2212)<\/td>\n<td>10<\/td>\n<td>11.17<\/td>\n<\/tr>\n<tr>\n<td>EP Eccentric Pin<\/td>\n<td>173.180.185.135<\/td>\n<td>1800\/85\/35 (B+\/D\u2212)<\/td>\n<td>10<\/td>\n<td>12.23<\/td>\n<\/tr>\n<tr>\n<td>EP Eccentric Pin<\/td>\n<td>173.200.185.135<\/td>\n<td>2000\/85\/35 (B+\/D\u2212)<\/td>\n<td>10<\/td>\n<td>13.32<\/td>\n<\/tr>\n<tr>\n<td>GP Security Pin<\/td>\n<td>173.160.185.235<\/td>\n<td>1600\/85\/35 (B+\/D\u2212)<\/td>\n<td>10<\/td>\n<td>11.17<\/td>\n<\/tr>\n<tr>\n<td>GP Security Pin<\/td>\n<td>173.180.185.235<\/td>\n<td>1800\/85\/35 (B+\/D\u2212)<\/td>\n<td>10<\/td>\n<td>12.23<\/td>\n<\/tr>\n<tr>\n<td>GP Security Pin<\/td>\n<td>173.200.185.235<\/td>\n<td>2000\/85\/35 (B+\/D\u2212)<\/td>\n<td>10<\/td>\n<td>13.32<\/td>\n<\/tr>\n<\/tbody>\n<\/table>\n<p>&nbsp;<\/p>\n<table style=\"height: 221px;\" border=\"1\" width=\"797\" cellspacing=\"0\" cellpadding=\"5\">\n<thead>\n<tr>\n<th colspan=\"2\">WITHOUT BAREL, MUTE (B\u2212\/D\u2212)<\/th>\n<th>Explanation<\/th>\n<th>Amount<\/th>\n<th>kg<\/th>\n<\/tr>\n<\/thead>\n<tbody>\n<tr>\n<td>EP Eccentric Pin<\/td>\n<td>173.160.285.135<\/td>\n<td>1600\/85\/35 (B\u2212\/D\u2212)<\/td>\n<td>10<\/td>\n<td>11.17<\/td>\n<\/tr>\n<tr>\n<td>EP Eccentric Pin<\/td>\n<td>173.180.285.135<\/td>\n<td>1800\/85\/35 (B\u2212\/D\u2212)<\/td>\n<td>10<\/td>\n<td>12.23<\/td>\n<\/tr>\n<tr>\n<td>EP Eccentric Pin<\/td>\n<td>173.200.285.135<\/td>\n<td>2000\/85\/35 (B\u2212\/D\u2212)<\/td>\n<td>10<\/td>\n<td>13.32<\/td>\n<\/tr>\n<tr>\n<td>GP Security Pin<\/td>\n<td>173.160.285.235<\/td>\n<td>1600\/85\/35 (B\u2212\/D\u2212)<\/td>\n<td>10<\/td>\n<td>11.17<\/td>\n<\/tr>\n<tr>\n<td>GP Security Pin<\/td>\n<td>173.180.285.235<\/td>\n<td>1800\/85\/35 (B\u2212\/D\u2212)<\/td>\n<td>10<\/td>\n<td>12.23<\/td>\n<\/tr>\n<tr>\n<td>GP Security Pin<\/td>\n<td>173.200.285.235<\/td>\n<td>2000\/85\/35 (B\u2212\/D\u2212)<\/td>\n<td>10<\/td>\n<td>13.32<\/td>\n<\/tr>\n<\/tbody>\n<\/table>\n<p>&nbsp;<\/p>\n<table style=\"height: 228px;\" border=\"1\" width=\"798\" cellspacing=\"0\" cellpadding=\"5\">\n<thead>\n<tr>\n<th style=\"text-align: left;\" colspan=\"2\">Barreled Tongue (B+\/D+)<\/th>\n<th style=\"text-align: left;\">Explanation<\/th>\n<th style=\"text-align: left;\">Amount<\/th>\n<th style=\"text-align: left;\">kg<\/th>\n<\/tr>\n<\/thead>\n<tbody>\n<tr>\n<td>EP Eccentric Pin<\/td>\n<td>173.160.385.135<\/td>\n<td>1600\/85\/35 (B+\/D+)<\/td>\n<td>10<\/td>\n<td>11.17<\/td>\n<\/tr>\n<tr>\n<td>EP Eccentric Pin<\/td>\n<td>173.180.385.135<\/td>\n<td>1800\/85\/35 (B+\/D+)<\/td>\n<td>10<\/td>\n<td>12.23<\/td>\n<\/tr>\n<tr>\n<td>EP Eccentric Pin<\/td>\n<td>173.200.385.135<\/td>\n<td>2000\/85\/35 (B+\/D+)<\/td>\n<td>10<\/td>\n<td>13.32<\/td>\n<\/tr>\n<tr>\n<td>GP Security Pin<\/td>\n<td>173.160.385.235<\/td>\n<td>1600\/85\/35 (B+\/D+)<\/td>\n<td>10<\/td>\n<td>11.17<\/td>\n<\/tr>\n<tr>\n<td>GP Security Pin<\/td>\n<td>173.180.385.235<\/td>\n<td>1800\/85\/35 (B+\/D+)<\/td>\n<td>10<\/td>\n<td>12.23<\/td>\n<\/tr>\n<tr>\n<td>GP Security Pin<\/td>\n<td>173.200.385.235<\/td>\n<td>2000\/85\/35 (B+\/D+)<\/td>\n<td>10<\/td>\n<td>13.32<\/td>\n<\/tr>\n<\/tbody>\n<\/table>\n<p>&nbsp;<\/p>\n<table style=\"height: 449px;\" border=\"1\" width=\"808\" cellspacing=\"0\" cellpadding=\"5\">\n<thead>\n<tr>\n<th style=\"text-align: left;\">Usage Range<\/th>\n<th style=\"text-align: left;\">A<\/th>\n<th style=\"text-align: left;\">B<\/th>\n<th style=\"text-align: left;\">C<\/th>\n<th style=\"text-align: left;\">D<\/th>\n<th style=\"text-align: left;\">TO<\/th>\n<th style=\"text-align: left;\">F<\/th>\n<th style=\"text-align: left;\">Screw<\/th>\n<th style=\"text-align: left;\">Opposite<\/th>\n<\/tr>\n<\/thead>\n<tbody><!-- BARELL\u0130 D\u0130LS\u0130Z (B+\/D\u2212) --><\/p>\n<tr>\n<td colspan=\"9\"><strong>Barreled Mute (B+\/D\u2212)<\/strong><\/td>\n<\/tr>\n<tr>\n<td>1600-1800<\/td>\n<td>1600<\/td>\n<td>300<\/td>\n<td>&#8211;<\/td>\n<td>806<\/td>\n<td>624<\/td>\n<td>614<\/td>\n<td>11<\/td>\n<td>3<\/td>\n<\/tr>\n<tr>\n<td>1800-2000<\/td>\n<td>1800<\/td>\n<td>300<\/td>\n<td>308<\/td>\n<td>806<\/td>\n<td>824<\/td>\n<td>814<\/td>\n<td>12<\/td>\n<td>4<\/td>\n<\/tr>\n<tr>\n<td>2000-2400<\/td>\n<td>2000<\/td>\n<td>300<\/td>\n<td>308<\/td>\n<td>865<\/td>\n<td>885<\/td>\n<td>875<\/td>\n<td>12<\/td>\n<td>4<\/td>\n<\/tr>\n<p><!-- BARELS\u0130Z D\u0130LS\u0130Z (B\u2212\/D\u2212) --><\/p>\n<tr>\n<td colspan=\"9\"><strong>WITHOUT BAREL, MUTE (B\u2212\/D\u2212)<\/strong><\/td>\n<\/tr>\n<tr>\n<td>1600-1800<\/td>\n<td>1600<\/td>\n<td>300<\/td>\n<td>&#8211;<\/td>\n<td>806<\/td>\n<td>624<\/td>\n<td>614<\/td>\n<td>11<\/td>\n<td>3<\/td>\n<\/tr>\n<tr>\n<td>1800-2000<\/td>\n<td>1800<\/td>\n<td>300<\/td>\n<td>308<\/td>\n<td>806<\/td>\n<td>824<\/td>\n<td>814<\/td>\n<td>12<\/td>\n<td>4<\/td>\n<\/tr>\n<tr>\n<td>2000-2400<\/td>\n<td>2000<\/td>\n<td>300<\/td>\n<td>308<\/td>\n<td>865<\/td>\n<td>885<\/td>\n<td>875<\/td>\n<td>12<\/td>\n<td>4<\/td>\n<\/tr>\n<p><!-- BARELL\u0130 D\u0130LL\u0130 (B+\/D+) --><\/p>\n<tr>\n<td colspan=\"9\"><strong>Barreled Tongue (B+\/D+)<\/strong><\/td>\n<\/tr>\n<tr>\n<td>1600-1800<\/td>\n<td>1600<\/td>\n<td>300<\/td>\n<td>&#8211;<\/td>\n<td>806<\/td>\n<td>624<\/td>\n<td>614<\/td>\n<td>11<\/td>\n<td>3<\/td>\n<\/tr>\n<tr>\n<td>1800-2000<\/td>\n<td>1800<\/td>\n<td>300<\/td>\n<td>308<\/td>\n<td>806<\/td>\n<td>824<\/td>\n<td>814<\/td>\n<td>12<\/td>\n<td>4<\/td>\n<\/tr>\n<tr>\n<td>2000-2400<\/td>\n<td>2000<\/td>\n<td>300<\/td>\n<td>308<\/td>\n<td>865<\/td>\n<td>885<\/td>\n<td>875<\/td>\n<td>12<\/td>\n<td>4<\/td>\n<\/tr>\n<\/tbody>\n<\/table>","protected":false},"excerpt":{"rendered":"<p>Wing Height; 1600mm \u2013 2400mm<br \/>\nBody Type: Plastic Body \u2013 Sheet Metal Cover<br \/>\nWorking Method: Lever Operated (Additional Lock)<br \/>\nArm Center: 85mm<br \/>\nAxis; 35mm<br \/>\nSecurity Level; Eccentric and Security Pin Option<\/p>\n<p>Assembly;<br \/>\nSaves Time with Easy Installation.<br \/>\n3.9\u00d725 YHB Coarse Toothed Espagnolette Screw Code: 449.339.025.001<br \/>\nCoating ;<br \/>\nIt has long life protection with YelkenCoat coating.<br \/>\nCertificate;<br \/>\nComplies with TSE Standards<\/p>","protected":false},"featured_media":5446,"template":"","meta":[],"product_brand":[],"product_cat":[78],"product_tag":[],"class_list":{"0":"post-5860","1":"product","2":"type-product","3":"status-publish","4":"has-post-thumbnail","6":"product_cat-kilitli-ispanyoletler","8":"first","9":"instock","10":"shipping-taxable","11":"product-type-simple"},"_links":{"self":[{"href":"https:\/\/fornax.com.tr\/en\/wp-json\/wp\/v2\/product\/5860","targetHints":{"allow":["GET"]}}],"collection":[{"href":"https:\/\/fornax.com.tr\/en\/wp-json\/wp\/v2\/product"}],"about":[{"href":"https:\/\/fornax.com.tr\/en\/wp-json\/wp\/v2\/types\/product"}],"version-history":[{"count":2,"href":"https:\/\/fornax.com.tr\/en\/wp-json\/wp\/v2\/product\/5860\/revisions"}],"predecessor-version":[{"id":5862,"href":"https:\/\/fornax.com.tr\/en\/wp-json\/wp\/v2\/product\/5860\/revisions\/5862"}],"wp:featuredmedia":[{"embeddable":true,"href":"https:\/\/fornax.com.tr\/en\/wp-json\/wp\/v2\/media\/5446"}],"wp:attachment":[{"href":"https:\/\/fornax.com.tr\/en\/wp-json\/wp\/v2\/media?parent=5860"}],"wp:term":[{"taxonomy":"product_brand","embeddable":true,"href":"https:\/\/fornax.com.tr\/en\/wp-json\/wp\/v2\/product_brand?post=5860"},{"taxonomy":"product_cat","embeddable":true,"href":"https:\/\/fornax.com.tr\/en\/wp-json\/wp\/v2\/product_cat?post=5860"},{"taxonomy":"product_tag","embeddable":true,"href":"https:\/\/fornax.com.tr\/en\/wp-json\/wp\/v2\/product_tag?post=5860"}],"curies":[{"name":"wp","href":"https:\/\/api.w.org\/{rel}","templated":true}]}}