{"id":5856,"date":"2025-05-26T12:00:28","date_gmt":"2025-05-26T12:00:28","guid":{"rendered":"https:\/\/fornax.com.tr\/?post_type=product&#038;p=5856"},"modified":"2025-05-26T12:00:31","modified_gmt":"2025-05-26T12:00:31","slug":"85-35-lever-driven-hook-5","status":"publish","type":"product","link":"https:\/\/fornax.com.tr\/en\/product\/85-35-lever-driven-hook-5\/","title":{"rendered":"85\/35 Lever Driven (Hook)"},"content":{"rendered":"<p><!-- Barelli Dilli (B+\/D+) - EP ve GP A\u00e7\u0131klamalar\u0131 --><\/p>\n<table style=\"height: 195px;\" border=\"1\" width=\"656\" cellspacing=\"0\" cellpadding=\"5\">\n<thead>\n<tr>\n<th style=\"text-align: left;\" colspan=\"2\">Barreled Tongue (B+\/D+)<\/th>\n<th style=\"text-align: left;\">Explanation<\/th>\n<th style=\"text-align: left;\">Amount<\/th>\n<th style=\"text-align: left;\">kg<\/th>\n<\/tr>\n<\/thead>\n<tbody>\n<tr>\n<td rowspan=\"2\">Eccentric Pin (EP)<\/p>\n<p>Product Code<\/td>\n<td>172.180.385.135<\/td>\n<td>1800\/85\/35 K.lsp,PKT,B+\/D+,EP+,Hooked<\/td>\n<td>10<\/td>\n<td>11.49<\/td>\n<\/tr>\n<tr>\n<td>172.200.385.135<\/td>\n<td>2000\/85\/35 K.lsp,PKT,B+\/D+,EP+,Hooked<\/td>\n<td>10<\/td>\n<td>11.91<\/td>\n<\/tr>\n<tr>\n<td rowspan=\"2\">Security Pin (GP)<\/p>\n<p>Product Code<\/td>\n<td>172.180.385.235<\/td>\n<td>1800\/85\/35 K.lsp,PKT,B+\/D+,GP+,Hooked<\/td>\n<td>10<\/td>\n<td>11.49<\/td>\n<\/tr>\n<tr>\n<td>172.200.385.235<\/td>\n<td>2000\/85\/35 K.lsp,PKT,B+\/D+,GP+,Hooked<\/td>\n<td>10<\/td>\n<td>11.91<\/td>\n<\/tr>\n<\/tbody>\n<\/table>\n<p>&nbsp;<\/p>\n<p><!-- Barelli Dilli (B+\/D+) - \u00d6l\u00e7\u00fcler --><\/p>\n<table style=\"height: 59px;\" border=\"1\" width=\"658\" cellspacing=\"0\" cellpadding=\"5\">\n<thead>\n<tr>\n<th style=\"text-align: left;\">Usage Range<\/th>\n<th style=\"text-align: left;\">A<\/th>\n<th style=\"text-align: left;\">B<\/th>\n<th style=\"text-align: left;\">C<\/th>\n<th style=\"text-align: left;\">D<\/th>\n<th style=\"text-align: left;\">TO<\/th>\n<th style=\"text-align: left;\">F<\/th>\n<th style=\"text-align: left;\">Screw<\/th>\n<th style=\"text-align: left;\">Opposite<\/th>\n<\/tr>\n<\/thead>\n<tbody>\n<tr>\n<td>1800-2000<\/td>\n<td>1800<\/td>\n<td>431<\/td>\n<td>471<\/td>\n<td>748<\/td>\n<td>737<\/td>\n<td>&#8211;<\/td>\n<td>12<\/td>\n<td>4<\/td>\n<\/tr>\n<tr>\n<td>2000-2200<\/td>\n<td>2000<\/td>\n<td>431<\/td>\n<td>471<\/td>\n<td>748<\/td>\n<td>737<\/td>\n<td>&#8211;<\/td>\n<td>12<\/td>\n<td>4<\/td>\n<\/tr>\n<\/tbody>\n<\/table>","protected":false},"excerpt":{"rendered":"<p>Wing Height; 1600mm \u2013 2400mm<br \/>\nBody Type: Plastic Body \u2013 Sheet Metal Cover<br \/>\nWorking Mode: Handle Control<br \/>\nArm Center: 85mm<br \/>\nAxis; 35mm<br \/>\nSecurity Level; Eccentric and Security Pin Option<\/p>\n<p>Assembly;<br \/>\nSaves Time with Easy Installation.<br \/>\n3.9\u00d725 YHB Coarse Toothed Espagnolette Screw Code: 449.339.025.001<br \/>\nCoating ;<br \/>\nIt has long life protection with YelkenCoat coating.<br \/>\nCertificate;<br \/>\nComplies with TSE Standards<\/p>","protected":false},"featured_media":5431,"template":"","meta":[],"product_brand":[],"product_cat":[78],"product_tag":[],"class_list":{"0":"post-5856","1":"product","2":"type-product","3":"status-publish","4":"has-post-thumbnail","6":"product_cat-kilitli-ispanyoletler","8":"first","9":"instock","10":"shipping-taxable","11":"product-type-simple"},"_links":{"self":[{"href":"https:\/\/fornax.com.tr\/en\/wp-json\/wp\/v2\/product\/5856","targetHints":{"allow":["GET"]}}],"collection":[{"href":"https:\/\/fornax.com.tr\/en\/wp-json\/wp\/v2\/product"}],"about":[{"href":"https:\/\/fornax.com.tr\/en\/wp-json\/wp\/v2\/types\/product"}],"version-history":[{"count":2,"href":"https:\/\/fornax.com.tr\/en\/wp-json\/wp\/v2\/product\/5856\/revisions"}],"predecessor-version":[{"id":5858,"href":"https:\/\/fornax.com.tr\/en\/wp-json\/wp\/v2\/product\/5856\/revisions\/5858"}],"wp:featuredmedia":[{"embeddable":true,"href":"https:\/\/fornax.com.tr\/en\/wp-json\/wp\/v2\/media\/5431"}],"wp:attachment":[{"href":"https:\/\/fornax.com.tr\/en\/wp-json\/wp\/v2\/media?parent=5856"}],"wp:term":[{"taxonomy":"product_brand","embeddable":true,"href":"https:\/\/fornax.com.tr\/en\/wp-json\/wp\/v2\/product_brand?post=5856"},{"taxonomy":"product_cat","embeddable":true,"href":"https:\/\/fornax.com.tr\/en\/wp-json\/wp\/v2\/product_cat?post=5856"},{"taxonomy":"product_tag","embeddable":true,"href":"https:\/\/fornax.com.tr\/en\/wp-json\/wp\/v2\/product_tag?post=5856"}],"curies":[{"name":"wp","href":"https:\/\/api.w.org\/{rel}","templated":true}]}}