{"id":5843,"date":"2025-05-26T11:03:24","date_gmt":"2025-05-26T11:03:24","guid":{"rendered":"https:\/\/fornax.com.tr\/?post_type=product&#038;p=5843"},"modified":"2025-08-27T10:59:13","modified_gmt":"2025-08-27T10:59:13","slug":"85-25-lever-driven-24","status":"publish","type":"product","link":"https:\/\/fornax.com.tr\/en\/product\/85-25-lever-driven-24\/","title":{"rendered":"85\/25 Lever Drive"},"content":{"rendered":"<p>&nbsp;<\/p>\n<h3>Barreled Mute (B+\/D-)<\/h3>\n<table style=\"border-collapse: collapse; text-align: center; width: 100%;\" border=\"1\" cellspacing=\"0\" cellpadding=\"6\">\n<thead>\n<tr>\n<th>Usage Range<\/th>\n<th>A<\/th>\n<th>B<\/th>\n<th>C<\/th>\n<th>D<\/th>\n<th>TO<\/th>\n<th>F<\/th>\n<th>Screw<\/th>\n<th>Opposite<\/th>\n<\/tr>\n<\/thead>\n<tbody>\n<tr>\n<td>1600-1800<\/td>\n<td>1600<\/td>\n<td>300<\/td>\n<td>308<\/td>\n<td>806<\/td>\n<td>624<\/td>\n<td>&#8211;<\/td>\n<td>11<\/td>\n<td>3<\/td>\n<\/tr>\n<tr>\n<td>1800-2000<\/td>\n<td>1800<\/td>\n<td>300<\/td>\n<td>308<\/td>\n<td>806<\/td>\n<td>824<\/td>\n<td>&#8211;<\/td>\n<td>12<\/td>\n<td>4<\/td>\n<\/tr>\n<tr>\n<td>2000-2400<\/td>\n<td>2000<\/td>\n<td>300<\/td>\n<td>308<\/td>\n<td>865<\/td>\n<td>885<\/td>\n<td>&#8211;<\/td>\n<td>12<\/td>\n<td>4<\/td>\n<\/tr>\n<\/tbody>\n<\/table>\n<p><!-- BARELS\u0130Z D\u0130LS\u0130Z (B-\/D-) --><\/p>\n<h3>WITHOUT BARRELS AND MUTE (B-\/D-)<\/h3>\n<table style=\"border-collapse: collapse; text-align: center; width: 100%;\" border=\"1\" cellspacing=\"0\" cellpadding=\"6\">\n<thead>\n<tr>\n<th>Usage Range<\/th>\n<th>A<\/th>\n<th>B<\/th>\n<th>C<\/th>\n<th>D<\/th>\n<th>TO<\/th>\n<th>F<\/th>\n<th>Screw<\/th>\n<th>Opposite<\/th>\n<\/tr>\n<\/thead>\n<tbody>\n<tr>\n<td>1600-1800<\/td>\n<td>1600<\/td>\n<td>300<\/td>\n<td>308<\/td>\n<td>806<\/td>\n<td>624<\/td>\n<td>&#8211;<\/td>\n<td>11<\/td>\n<td>3<\/td>\n<\/tr>\n<tr>\n<td>1800-2000<\/td>\n<td>1800<\/td>\n<td>300<\/td>\n<td>308<\/td>\n<td>806<\/td>\n<td>824<\/td>\n<td>&#8211;<\/td>\n<td>12<\/td>\n<td>4<\/td>\n<\/tr>\n<tr>\n<td>2000-2400<\/td>\n<td>2000<\/td>\n<td>300<\/td>\n<td>308<\/td>\n<td>865<\/td>\n<td>885<\/td>\n<td>&#8211;<\/td>\n<td>12<\/td>\n<td>4<\/td>\n<\/tr>\n<\/tbody>\n<\/table>\n<p><!-- BARELL\u0130 D\u0130LL\u0130 (B+\/D+) --><\/p>\n<h3>Barreled Tongue (B+\/D+)<\/h3>\n<table style=\"border-collapse: collapse; text-align: center; width: 100%;\" border=\"1\" cellspacing=\"0\" cellpadding=\"6\">\n<thead>\n<tr>\n<th>Usage Range<\/th>\n<th>A<\/th>\n<th>B<\/th>\n<th>C<\/th>\n<th>D<\/th>\n<th>TO<\/th>\n<th>F<\/th>\n<th>Screw<\/th>\n<th>Opposite<\/th>\n<\/tr>\n<\/thead>\n<tbody>\n<tr>\n<td>1600-1800<\/td>\n<td>1600<\/td>\n<td>300<\/td>\n<td>308<\/td>\n<td>806<\/td>\n<td>624<\/td>\n<td>&#8211;<\/td>\n<td>11<\/td>\n<td>3<\/td>\n<\/tr>\n<tr>\n<td>1800-2000<\/td>\n<td>1800<\/td>\n<td>300<\/td>\n<td>308<\/td>\n<td>806<\/td>\n<td>824<\/td>\n<td>&#8211;<\/td>\n<td>12<\/td>\n<td>4<\/td>\n<\/tr>\n<tr>\n<td>2000-2400<\/td>\n<td>2000<\/td>\n<td>300<\/td>\n<td>308<\/td>\n<td>865<\/td>\n<td>885<\/td>\n<td>&#8211;<\/td>\n<td>12<\/td>\n<td>4<\/td>\n<\/tr>\n<\/tbody>\n<\/table>\n<p>&nbsp;<\/p>\n<h3>Barreled Mute (B+\/D-)<\/h3>\n<table style=\"border-collapse: collapse; text-align: center; width: 100%;\" border=\"1\" cellspacing=\"0\" cellpadding=\"6\">\n<thead>\n<tr>\n<th>Eccentric Pin<\/th>\n<th>Security Pin<\/th>\n<th>Explanation<\/th>\n<th>Amount<\/th>\n<th>kg<\/th>\n<\/tr>\n<\/thead>\n<tbody>\n<tr>\n<td>170.160.185.125<\/td>\n<td>170.160.185.225<\/td>\n<td>1600\/85\/25 (B+\/D-)<\/td>\n<td>10<\/td>\n<td>9.74<\/td>\n<\/tr>\n<tr>\n<td>170.180.185.125<\/td>\n<td>170.180.185.225<\/td>\n<td>1800\/85\/25 (B+\/D-)<\/td>\n<td>10<\/td>\n<td>10.80<\/td>\n<\/tr>\n<tr>\n<td>170.200.185.125<\/td>\n<td>170.200.185.225<\/td>\n<td>2000\/85\/25 (B+\/D-)<\/td>\n<td>10<\/td>\n<td>11.87<\/td>\n<\/tr>\n<\/tbody>\n<\/table>\n<p><!-- BARELS\u0130Z D\u0130LS\u0130Z (B-\/D-) --><\/p>\n<h3>WITHOUT BARRELS AND MUTE (B-\/D-)<\/h3>\n<table style=\"border-collapse: collapse; text-align: center; width: 100%;\" border=\"1\" cellspacing=\"0\" cellpadding=\"6\">\n<thead>\n<tr>\n<th>Eccentric Pin<\/th>\n<th>Security Pin<\/th>\n<th>Explanation<\/th>\n<th>Amount<\/th>\n<th>kg<\/th>\n<\/tr>\n<\/thead>\n<tbody>\n<tr>\n<td>170.160.285.125<\/td>\n<td>170.160.285.225<\/td>\n<td>1600\/85\/25 (B-\/D-)<\/td>\n<td>10<\/td>\n<td>9.74<\/td>\n<\/tr>\n<tr>\n<td>170.180.285.125<\/td>\n<td>170.180.285.225<\/td>\n<td>1800\/85\/25 (B-\/D-)<\/td>\n<td>10<\/td>\n<td>10.80<\/td>\n<\/tr>\n<tr>\n<td>170.200.285.125<\/td>\n<td>170.200.285.225<\/td>\n<td>2000\/85\/25 (B-\/D-)<\/td>\n<td>10<\/td>\n<td>11.87<\/td>\n<\/tr>\n<\/tbody>\n<\/table>\n<p><!-- BARELL\u0130 D\u0130LL\u0130 (B+\/D+) --><\/p>\n<h3>Barreled Tongue (B+\/D+)<\/h3>\n<table style=\"border-collapse: collapse; text-align: center; width: 100%;\" border=\"1\" cellspacing=\"0\" cellpadding=\"6\">\n<thead>\n<tr>\n<th>Eccentric Pin<\/th>\n<th>Security Pin<\/th>\n<th>Explanation<\/th>\n<th>Amount<\/th>\n<th>kg<\/th>\n<\/tr>\n<\/thead>\n<tbody>\n<tr>\n<td>170.160.385.125<\/td>\n<td>170.160.385.225<\/td>\n<td>1600\/85\/25 (B+\/D+)<\/td>\n<td>10<\/td>\n<td>9.74<\/td>\n<\/tr>\n<tr>\n<td>170.180.385.125<\/td>\n<td>170.180.385.225<\/td>\n<td>1800\/85\/25 (B+\/D+)<\/td>\n<td>10<\/td>\n<td>10.80<\/td>\n<\/tr>\n<tr>\n<td>170.200.385.125<\/td>\n<td>170.200.385.225<\/td>\n<td>2000\/85\/25 (B+\/D+)<\/td>\n<td>10<\/td>\n<td>11.87<\/td>\n<\/tr>\n<\/tbody>\n<\/table>\n<h3><\/h3>\n<p>&nbsp;<\/p>","protected":false},"excerpt":{"rendered":"<p>Wing Height; 1600mm \u2013 2400mm<br \/>\nBody Type: Plastic Body \u2013 Sheet Metal Cover<br \/>\nWorking Mode: Handle Control<br \/>\nArm Center: 85mm<br \/>\nAxis; 25mm<br \/>\nSecurity Level; Eccentric and Security Pin Option<\/p>\n<p>Assembly;<br \/>\nSaves Time with Easy Installation.<br \/>\n3.9\u00d725 YHB Coarse Toothed Espagnolette Screw Code: 449.339.025.001<br \/>\nCoating ;<br \/>\nIt has long life protection with YelkenCoat coating.<br \/>\nCertificate;<br \/>\nComplies with TSE Standards<\/p>","protected":false},"featured_media":5268,"template":"","meta":[],"product_brand":[],"product_cat":[78],"product_tag":[],"class_list":{"0":"post-5843","1":"product","2":"type-product","3":"status-publish","4":"has-post-thumbnail","6":"product_cat-kilitli-ispanyoletler","8":"first","9":"instock","10":"shipping-taxable","11":"product-type-simple"},"_links":{"self":[{"href":"https:\/\/fornax.com.tr\/en\/wp-json\/wp\/v2\/product\/5843","targetHints":{"allow":["GET"]}}],"collection":[{"href":"https:\/\/fornax.com.tr\/en\/wp-json\/wp\/v2\/product"}],"about":[{"href":"https:\/\/fornax.com.tr\/en\/wp-json\/wp\/v2\/types\/product"}],"version-history":[{"count":4,"href":"https:\/\/fornax.com.tr\/en\/wp-json\/wp\/v2\/product\/5843\/revisions"}],"predecessor-version":[{"id":7402,"href":"https:\/\/fornax.com.tr\/en\/wp-json\/wp\/v2\/product\/5843\/revisions\/7402"}],"wp:featuredmedia":[{"embeddable":true,"href":"https:\/\/fornax.com.tr\/en\/wp-json\/wp\/v2\/media\/5268"}],"wp:attachment":[{"href":"https:\/\/fornax.com.tr\/en\/wp-json\/wp\/v2\/media?parent=5843"}],"wp:term":[{"taxonomy":"product_brand","embeddable":true,"href":"https:\/\/fornax.com.tr\/en\/wp-json\/wp\/v2\/product_brand?post=5843"},{"taxonomy":"product_cat","embeddable":true,"href":"https:\/\/fornax.com.tr\/en\/wp-json\/wp\/v2\/product_cat?post=5843"},{"taxonomy":"product_tag","embeddable":true,"href":"https:\/\/fornax.com.tr\/en\/wp-json\/wp\/v2\/product_tag?post=5843"}],"curies":[{"name":"wp","href":"https:\/\/api.w.org\/{rel}","templated":true}]}}