{"id":5714,"date":"2025-05-21T10:27:00","date_gmt":"2025-05-21T10:27:00","guid":{"rendered":"https:\/\/fornax.com.tr\/?post_type=product&#038;p=5714"},"modified":"2025-05-21T10:35:17","modified_gmt":"2025-05-21T10:35:17","slug":"ts-130m-manual","status":"publish","type":"product","link":"https:\/\/fornax.com.tr\/en\/product\/ts-130m-manual\/","title":{"rendered":"TS-130M Manual"},"content":{"rendered":"<p>&nbsp;<\/p>\n<h2>\u00a0Order Details<\/h2>\n<p><!-- 15mm \u0130sp. & Ray Seti --><\/p>\n<table>\n<tbody>\n<tr class=\"group\">\n<td colspan=\"6\">15mm Esp. &amp; Rail Set*<\/td>\n<\/tr>\n<tr>\n<th style=\"text-align: left;\">Code<\/th>\n<th style=\"text-align: left;\">Medicine<\/th>\n<th style=\"text-align: left;\">DKA<\/th>\n<th style=\"text-align: left;\">YKA<\/th>\n<th style=\"text-align: left;\">Rail Length<\/th>\n<th style=\"text-align: left;\">Amount<\/th>\n<\/tr>\n<tr>\n<td>198.320.020.100<\/td>\n<td>A200<\/td>\n<td>885-1300<\/td>\n<td>685-1100<\/td>\n<td>2000<\/td>\n<td>1 Set<\/td>\n<\/tr>\n<tr>\n<td>198.320.020.200<\/td>\n<td>B200<\/td>\n<td>1185-1600<\/td>\n<td>685-1100<\/td>\n<td>2000<\/td>\n<td>1 Set<\/td>\n<\/tr>\n<tr>\n<td>198.320.020.300<\/td>\n<td>C200<\/td>\n<td>1585-2000<\/td>\n<td>685-1100<\/td>\n<td>2000<\/td>\n<td>1 Set<\/td>\n<\/tr>\n<tr>\n<td>198.320.020.400<\/td>\n<td>D200<\/td>\n<td>1985-2400<\/td>\n<td>685-1100<\/td>\n<td>2000<\/td>\n<td>1 Set<\/td>\n<\/tr>\n<tr>\n<td>198.320.026.100<\/td>\n<td>A260<\/td>\n<td>885-1300<\/td>\n<td>885-1300<\/td>\n<td>2600<\/td>\n<td>1 Set<\/td>\n<\/tr>\n<tr>\n<td>198.320.026.200<\/td>\n<td>B260<\/td>\n<td>1185-1600<\/td>\n<td>885-1300<\/td>\n<td>2600<\/td>\n<td>1 Set<\/td>\n<\/tr>\n<tr>\n<td>198.320.026.300<\/td>\n<td>C260<\/td>\n<td>1585-2000<\/td>\n<td>885-1300<\/td>\n<td>2600<\/td>\n<td>1 Set<\/td>\n<\/tr>\n<tr>\n<td>198.320.026.400<\/td>\n<td>D260<\/td>\n<td>1985-2400<\/td>\n<td>885-1300<\/td>\n<td>2600<\/td>\n<td>1 Set<\/td>\n<\/tr>\n<tr>\n<td>198.320.032.100<\/td>\n<td>A320<\/td>\n<td>885-1300<\/td>\n<td>1185-1600<\/td>\n<td>3200<\/td>\n<td>1 Set<\/td>\n<\/tr>\n<tr>\n<td>198.320.032.200<\/td>\n<td>B320<\/td>\n<td>1185-1600<\/td>\n<td>1185-1600<\/td>\n<td>3200<\/td>\n<td>1 Set<\/td>\n<\/tr>\n<tr>\n<td>198.320.032.300<\/td>\n<td>C320<\/td>\n<td>1585-2000<\/td>\n<td>1185-1600<\/td>\n<td>3200<\/td>\n<td>1 Set<\/td>\n<\/tr>\n<tr>\n<td>198.320.032.400<\/td>\n<td>D320<\/td>\n<td>1985-2400<\/td>\n<td>1185-1600<\/td>\n<td>3200<\/td>\n<td>1 Set<\/td>\n<\/tr>\n<\/tbody>\n<\/table>\n<p><!-- 30mm \u0130sp. & Ray Seti --><\/p>\n<p>&nbsp;<\/p>\n<p>*15mm Esp. &amp; Rail Set* Contents<br \/>\n1 Piece 15 Axis Espagnolette,<br \/>\n1 Vertical and 2 Horizontal Connection Espagnolettes,<br \/>\nBottom Rail, Top Rail, Top Rail Closing Profile,<br \/>\nIncludes Lower Carriage Cover and Connecting Shaft.<\/p>\n<p>&nbsp;<\/p>\n<table>\n<tbody>\n<tr class=\"group\">\n<td colspan=\"6\">30mm Esp. &amp; Rail Set**<\/td>\n<\/tr>\n<tr>\n<th style=\"text-align: left;\">Code<\/th>\n<th style=\"text-align: left;\">Medicine<\/th>\n<th style=\"text-align: left;\">DKA<\/th>\n<th style=\"text-align: left;\">YKA<\/th>\n<th style=\"text-align: left;\">Rail Length<\/th>\n<th style=\"text-align: left;\">Amount<\/th>\n<\/tr>\n<tr>\n<td>198.320.120.300<\/td>\n<td>C200<\/td>\n<td>1585-2000<\/td>\n<td>685-1100<\/td>\n<td>2000<\/td>\n<td>1 Set<\/td>\n<\/tr>\n<tr>\n<td>198.320.120.400<\/td>\n<td>D200<\/td>\n<td>1985-2400<\/td>\n<td>685-1100<\/td>\n<td>2000<\/td>\n<td>1 Set<\/td>\n<\/tr>\n<tr>\n<td>198.320.126.300<\/td>\n<td>C260<\/td>\n<td>1585-2000<\/td>\n<td>885-1300<\/td>\n<td>2600<\/td>\n<td>1 Set<\/td>\n<\/tr>\n<tr>\n<td>198.320.126.400<\/td>\n<td>D260<\/td>\n<td>1985-2400<\/td>\n<td>885-1300<\/td>\n<td>2600<\/td>\n<td>1 Set<\/td>\n<\/tr>\n<tr>\n<td>198.320.132.300<\/td>\n<td>C320<\/td>\n<td>1585-2000<\/td>\n<td>1185-1600<\/td>\n<td>3200<\/td>\n<td>1 Set<\/td>\n<\/tr>\n<tr>\n<td>198.320.132.400<\/td>\n<td>D320<\/td>\n<td>1985-2400<\/td>\n<td>1185-1600<\/td>\n<td>3200<\/td>\n<td>1 Set<\/td>\n<\/tr>\n<\/tbody>\n<\/table>\n<p>&nbsp;<\/p>\n<p><!-- Aksesuar Seti --><\/p>\n<p>**30mm sp. &amp; Rail Set* Contents<br \/>\n1 Piece 30 Axis Espagnolette, 1 Piece Vertical and 2 Pieces Horizontal Connection Espagnolette, Bottom Rail, Top Rail, Top Rail Closing Profile,<br \/>\nIncludes Lower Carriage Cover and Connecting Shaft.<\/p>\n<p>&nbsp;<\/p>\n<table style=\"height: 296px;\" width=\"481\">\n<tbody>\n<tr class=\"group\">\n<td colspan=\"5\">Accessory Set***<\/td>\n<\/tr>\n<tr>\n<th style=\"text-align: left;\">Code<\/th>\n<th style=\"text-align: left;\">Arm<\/th>\n<th style=\"text-align: left;\">Axle<\/th>\n<th style=\"text-align: left;\">Right\/Left<\/th>\n<th style=\"text-align: left;\">Amount<\/th>\n<\/tr>\n<tr>\n<td>198.331.200.000<\/td>\n<td>130M<\/td>\n<td>9<\/td>\n<td>Right<\/td>\n<td>1 Set<\/td>\n<\/tr>\n<tr>\n<td>198.331.200.100<\/td>\n<td>130M<\/td>\n<td>13<\/td>\n<td>Right<\/td>\n<td>1 Set<\/td>\n<\/tr>\n<tr>\n<td>198.331.300.000<\/td>\n<td>130M<\/td>\n<td>9<\/td>\n<td>Left<\/td>\n<td>1 Set<\/td>\n<\/tr>\n<tr>\n<td>198.331.300.100<\/td>\n<td>130M<\/td>\n<td>13<\/td>\n<td>Left<\/td>\n<td>1 Set<\/td>\n<\/tr>\n<tr>\n<td>198.332.200.000<\/td>\n<td>130M<\/td>\n<td>9<\/td>\n<td>Right<\/td>\n<td>1 Set<\/td>\n<\/tr>\n<tr>\n<td>198.332.200.100<\/td>\n<td>130M<\/td>\n<td>13<\/td>\n<td>Right<\/td>\n<td>1 Set<\/td>\n<\/tr>\n<tr>\n<td>198.332.300.000<\/td>\n<td>130M<\/td>\n<td>9<\/td>\n<td>Left<\/td>\n<td>1 Set<\/td>\n<\/tr>\n<tr>\n<td>198.332.300.100<\/td>\n<td>130M<\/td>\n<td>13<\/td>\n<td>Left<\/td>\n<td>1 Set<\/td>\n<\/tr>\n<\/tbody>\n<\/table>\n<p>***Accessory Set Contents<br \/>\n130 kg Car Cover Set,<br \/>\nCover Support Element, Top Rail End Cover Set,<br \/>\n130 kg Carriage Set, Upper Rail Stopping Element, Lower Rail Group Support Heman, Scissor Rail Connection Element, Wing Tilting Element,<br \/>\nLower Stopping Element,<br \/>\nUpper Shaft Support Element, Scissors and Cover, Handle (Optional), Corner Movement Transmission, Secure Corner Movement Transmission, Secure Lower Locking Striker,<br \/>\nIncludes Upper Link Shaft Holder.<\/p>","protected":false},"excerpt":{"rendered":"<p>&nbsp; \u00a0Sipari\u015f Detaylar\u0131 15mm \u0130sp. &amp; Ray Seti* Kod Tip DKA YKA Ray Boyu Miktar 198.320.020.100 A200 885-1300 685-1100 2000<\/p>","protected":false},"featured_media":3563,"template":"","meta":[],"product_brand":[],"product_cat":[88],"product_tag":[],"class_list":{"0":"post-5714","1":"product","2":"type-product","3":"status-publish","4":"has-post-thumbnail","6":"product_cat-paralel-surme-sistemleri","8":"first","9":"instock","10":"shipping-taxable","11":"product-type-simple"},"_links":{"self":[{"href":"https:\/\/fornax.com.tr\/en\/wp-json\/wp\/v2\/product\/5714","targetHints":{"allow":["GET"]}}],"collection":[{"href":"https:\/\/fornax.com.tr\/en\/wp-json\/wp\/v2\/product"}],"about":[{"href":"https:\/\/fornax.com.tr\/en\/wp-json\/wp\/v2\/types\/product"}],"version-history":[{"count":3,"href":"https:\/\/fornax.com.tr\/en\/wp-json\/wp\/v2\/product\/5714\/revisions"}],"predecessor-version":[{"id":5718,"href":"https:\/\/fornax.com.tr\/en\/wp-json\/wp\/v2\/product\/5714\/revisions\/5718"}],"wp:featuredmedia":[{"embeddable":true,"href":"https:\/\/fornax.com.tr\/en\/wp-json\/wp\/v2\/media\/3563"}],"wp:attachment":[{"href":"https:\/\/fornax.com.tr\/en\/wp-json\/wp\/v2\/media?parent=5714"}],"wp:term":[{"taxonomy":"product_brand","embeddable":true,"href":"https:\/\/fornax.com.tr\/en\/wp-json\/wp\/v2\/product_brand?post=5714"},{"taxonomy":"product_cat","embeddable":true,"href":"https:\/\/fornax.com.tr\/en\/wp-json\/wp\/v2\/product_cat?post=5714"},{"taxonomy":"product_tag","embeddable":true,"href":"https:\/\/fornax.com.tr\/en\/wp-json\/wp\/v2\/product_tag?post=5714"}],"curies":[{"name":"wp","href":"https:\/\/api.w.org\/{rel}","templated":true}]}}