{"id":5701,"date":"2025-05-21T09:49:46","date_gmt":"2025-05-21T09:49:46","guid":{"rendered":"https:\/\/fornax.com.tr\/?post_type=product&#038;p=5701"},"modified":"2025-08-27T09:53:44","modified_gmt":"2025-08-27T09:53:44","slug":"wing-lower-hinge-2","status":"publish","type":"product","link":"https:\/\/fornax.com.tr\/en\/product\/wing-lower-hinge-2\/","title":{"rendered":"Wing Bottom L Hinge"},"content":{"rendered":"<div class=\"order-dashboard\">\n<p><!-- Birinci Sipari\u015f Grubu --><\/p>\n<section class=\"order-section\">\n<h2 class=\"section-title\">ORDER DETAILS<\/h2>\n<div class=\"table-container\">\n<table class=\"order-table\">\n<thead>\n<tr class=\"table-header\">\n<th>Code<\/th>\n<th>Explanation<\/th>\n<th>Amount<\/th>\n<th>kg<\/th>\n<\/tr>\n<\/thead>\n<tbody>\n<tr>\n<td>186-13321-009<\/td>\n<td>CK-Adjustable Center Pressure Hinge <strong>Hair.<\/strong> Screw, 9-20<\/td>\n<td>20<\/td>\n<td>4.39<\/td>\n<\/tr>\n<tr>\n<td>186-13321-013<\/td>\n<td>CK-Adjustable Center Pressure Hinge <strong>Hair.<\/strong> Screw, 13-20<\/td>\n<td>20<\/td>\n<td>4.39<\/td>\n<\/tr>\n<tr>\n<td>186-13321-909<\/td>\n<td>CK-Adjustable Center Pressure Hinge <strong>Hair.<\/strong> Screw, 9-20 Set<\/td>\n<td>20<\/td>\n<td>4.39<\/td>\n<\/tr>\n<tr>\n<td>186-13321-913<\/td>\n<td>CK-Adjustable Center Pressure Hinge <strong>Hair.<\/strong> Screw, 13-20 Set<\/td>\n<td>20<\/td>\n<td>4.39<\/td>\n<\/tr>\n<\/tbody>\n<\/table>\n<\/div>\n<\/section>\n<div class=\"section-divider\"><\/div>\n<p><!-- \u0130kinci Sipari\u015f Grubu --><\/p>\n<section class=\"order-section\">\n<h2 class=\"section-title\">ORDER DETAILS<\/h2>\n<div class=\"table-container\">\n<table class=\"order-table\">\n<thead>\n<tr class=\"table-header\">\n<th>Code<\/th>\n<th>Explanation<\/th>\n<th>Amount<\/th>\n<th>kg<\/th>\n<\/tr>\n<\/thead>\n<tbody>\n<tr>\n<td>186170010000<\/td>\n<td>\u00c7K-Medium Pressure Hinge Set, <strong>Zamak<\/strong>, Screw, 9-20<\/td>\n<td>20<\/td>\n<td>4.39<\/td>\n<\/tr>\n<tr>\n<td>186180010000<\/td>\n<td>\u00c7K-Medium Pressure Hinge Set, <strong>Zamak<\/strong>, Screw, 10-20<\/td>\n<td>20<\/td>\n<td>4.39<\/td>\n<\/tr>\n<tr>\n<td>186160010000<\/td>\n<td>\u00c7K-Medium Pressure Hinge Set, <strong>Zamak<\/strong>, Screw, 13-20<\/td>\n<td>20<\/td>\n<td>4.39<\/td>\n<\/tr>\n<tr>\n<td>186190010000<\/td>\n<td>\u00c7K-Medium Pressure Hinge Set, <strong>Zamak<\/strong>, Screw, 14-20<\/td>\n<td>20<\/td>\n<td>4.39<\/td>\n<\/tr>\n<tr>\n<td>186160020000<\/td>\n<td>\u00c7K-Medium Pressure Hinge Set, <strong>Zamak<\/strong>, Screw, 13-22<\/td>\n<td>20<\/td>\n<td>4.39<\/td>\n<\/tr>\n<\/tbody>\n<\/table>\n<\/div>\n<\/section>\n<\/div>\n<p>&nbsp;<\/p>","protected":false},"excerpt":{"rendered":"<p>Kullan\u0131m Alan\u0131 : \u00c7ift a\u00e7\u0131l\u0131m\/\u00c7ift Kanat\/Tek A\u00e7\u0131l\u0131m<br \/>\nIt saves time with easy installation.<br \/>\n3.9\u00d725 YHB Coarse Toothed Espagnolette Screw Code: 449.339.025.001<br \/>\n\u2022 Coating;<br \/>\nIt has long-lasting corrosion protection with YelkenCoat coating.<\/p>","protected":false},"featured_media":3532,"template":"","meta":[],"product_brand":[],"product_cat":[219,221],"product_tag":[],"class_list":{"0":"post-5701","1":"product","2":"type-product","3":"status-publish","4":"has-post-thumbnail","6":"product_cat-menteseler-cift-acilim-sistemleri","7":"product_cat-menteseler-cift-kanat-sistemleri","9":"first","10":"instock","11":"shipping-taxable","12":"product-type-simple"},"_links":{"self":[{"href":"https:\/\/fornax.com.tr\/en\/wp-json\/wp\/v2\/product\/5701","targetHints":{"allow":["GET"]}}],"collection":[{"href":"https:\/\/fornax.com.tr\/en\/wp-json\/wp\/v2\/product"}],"about":[{"href":"https:\/\/fornax.com.tr\/en\/wp-json\/wp\/v2\/types\/product"}],"version-history":[{"count":2,"href":"https:\/\/fornax.com.tr\/en\/wp-json\/wp\/v2\/product\/5701\/revisions"}],"predecessor-version":[{"id":7388,"href":"https:\/\/fornax.com.tr\/en\/wp-json\/wp\/v2\/product\/5701\/revisions\/7388"}],"wp:featuredmedia":[{"embeddable":true,"href":"https:\/\/fornax.com.tr\/en\/wp-json\/wp\/v2\/media\/3532"}],"wp:attachment":[{"href":"https:\/\/fornax.com.tr\/en\/wp-json\/wp\/v2\/media?parent=5701"}],"wp:term":[{"taxonomy":"product_brand","embeddable":true,"href":"https:\/\/fornax.com.tr\/en\/wp-json\/wp\/v2\/product_brand?post=5701"},{"taxonomy":"product_cat","embeddable":true,"href":"https:\/\/fornax.com.tr\/en\/wp-json\/wp\/v2\/product_cat?post=5701"},{"taxonomy":"product_tag","embeddable":true,"href":"https:\/\/fornax.com.tr\/en\/wp-json\/wp\/v2\/product_tag?post=5701"}],"curies":[{"name":"wp","href":"https:\/\/api.w.org\/{rel}","templated":true}]}}