{"id":5626,"date":"2025-05-21T06:35:32","date_gmt":"2025-05-21T06:35:32","guid":{"rendered":"https:\/\/fornax.com.tr\/?post_type=product&#038;p=5626"},"modified":"2025-05-21T06:58:52","modified_gmt":"2025-05-21T06:58:52","slug":"provisions","status":"publish","type":"product","link":"https:\/\/fornax.com.tr\/en\/product\/provisions\/","title":{"rendered":"Provisions"},"content":{"rendered":"<h2 style=\"text-align: left;\"><\/h2>\n<h2 style=\"text-align: left;\"><a href=\"https:\/\/fornax.com.tr\/en\/?attachment_id=3274\" rel=\"attachment wp-att-3274\"><img fetchpriority=\"high\" decoding=\"async\" class=\"size-medium wp-image-3274 alignnone\" src=\"https:\/\/fornax.com.tr\/wp-content\/uploads\/2025\/04\/47-guvenlikli-yan-kilitleme-karsiligi-1-209x300.jpg\" alt=\"\" width=\"209\" height=\"300\" srcset=\"https:\/\/fornax.com.tr\/wp-content\/uploads\/2025\/04\/47-guvenlikli-yan-kilitleme-karsiligi-1-209x300.jpg 209w, https:\/\/fornax.com.tr\/wp-content\/uploads\/2025\/04\/47-guvenlikli-yan-kilitleme-karsiligi-1-8x12.jpg 8w, https:\/\/fornax.com.tr\/wp-content\/uploads\/2025\/04\/47-guvenlikli-yan-kilitleme-karsiligi-1-150x216.jpg 150w, https:\/\/fornax.com.tr\/wp-content\/uploads\/2025\/04\/47-guvenlikli-yan-kilitleme-karsiligi-1.jpg 417w\" sizes=\"(max-width: 209px) 100vw, 209px\" \/><\/a><\/h2>\n<h2 style=\"text-align: left;\"><\/h2>\n<div class=\"product-item\" style=\"text-align: left;\">\n<h2>Security Side Locking Striker (3 Screws)<\/h2>\n<p>9 Axles 189,100,002,000<br \/>\n13 Axles 189,100,001,000<\/p>\n<\/div>\n<p>&nbsp;<\/p>\n<p>&nbsp;<\/p>\n<hr \/>\n<div class=\"product-item\" style=\"text-align: left;\">\n<h2><strong><a href=\"https:\/\/fornax.com.tr\/en\/?attachment_id=3340\" rel=\"attachment wp-att-3340\"><img decoding=\"async\" class=\"wp-image-3340 alignnone\" src=\"https:\/\/fornax.com.tr\/wp-content\/uploads\/2025\/04\/1-vidA-300x300.jpg\" alt=\"\" width=\"208\" height=\"208\" srcset=\"https:\/\/fornax.com.tr\/wp-content\/uploads\/2025\/04\/1-vidA-300x300.jpg 300w, https:\/\/fornax.com.tr\/wp-content\/uploads\/2025\/04\/1-vidA-1024x1024.jpg 1024w, https:\/\/fornax.com.tr\/wp-content\/uploads\/2025\/04\/1-vidA-150x150.jpg 150w, https:\/\/fornax.com.tr\/wp-content\/uploads\/2025\/04\/1-vidA-768x768.jpg 768w, https:\/\/fornax.com.tr\/wp-content\/uploads\/2025\/04\/1-vidA-1536x1536.jpg 1536w, https:\/\/fornax.com.tr\/wp-content\/uploads\/2025\/04\/1-vidA-2048x2048.jpg 2048w, https:\/\/fornax.com.tr\/wp-content\/uploads\/2025\/04\/1-vidA-12x12.jpg 12w, https:\/\/fornax.com.tr\/wp-content\/uploads\/2025\/04\/1-vidA-600x600.jpg 600w, https:\/\/fornax.com.tr\/wp-content\/uploads\/2025\/04\/1-vidA-1200x1200.jpg 1200w\" sizes=\"(max-width: 208px) 100vw, 208px\" \/><\/a><\/strong><\/h2>\n<\/div>\n<h2 style=\"text-align: left;\"><\/h2>\n<h2 style=\"text-align: left;\">Security Side Locking Striker (1 Screw)<\/h2>\n<p class=\"product-list\" style=\"text-align: left;\">9 Axles 189,100,003,000<br \/>\n13 Axles 189,100,004,000<\/p>\n<h2 style=\"text-align: left;\"><\/h2>\n<hr \/>\n<h2 style=\"text-align: left;\"><\/h2>\n<h2 style=\"text-align: left;\"><a href=\"https:\/\/fornax.com.tr\/en\/?attachment_id=3339\" rel=\"attachment wp-att-3339\"><img decoding=\"async\" class=\"wp-image-3339 alignnone\" src=\"https:\/\/fornax.com.tr\/wp-content\/uploads\/2025\/04\/fg-300x300.jpg\" alt=\"\" width=\"200\" height=\"200\" srcset=\"https:\/\/fornax.com.tr\/wp-content\/uploads\/2025\/04\/fg-300x300.jpg 300w, https:\/\/fornax.com.tr\/wp-content\/uploads\/2025\/04\/fg-1024x1024.jpg 1024w, https:\/\/fornax.com.tr\/wp-content\/uploads\/2025\/04\/fg-150x150.jpg 150w, https:\/\/fornax.com.tr\/wp-content\/uploads\/2025\/04\/fg-768x768.jpg 768w, https:\/\/fornax.com.tr\/wp-content\/uploads\/2025\/04\/fg-1536x1536.jpg 1536w, https:\/\/fornax.com.tr\/wp-content\/uploads\/2025\/04\/fg-2048x2048.jpg 2048w, https:\/\/fornax.com.tr\/wp-content\/uploads\/2025\/04\/fg-12x12.jpg 12w, https:\/\/fornax.com.tr\/wp-content\/uploads\/2025\/04\/fg-600x600.jpg 600w, https:\/\/fornax.com.tr\/wp-content\/uploads\/2025\/04\/fg-1200x1200.jpg 1200w\" sizes=\"(max-width: 200px) 100vw, 200px\" \/><\/a><\/h2>\n<div class=\"product-item\" style=\"text-align: left;\">\n<h2><\/h2>\n<h2>Universal Lower Locking Striker<\/h2>\n<p>9 Axles 189,050,001,000<br \/>\n13 Axles 189,070,001,000<\/p>\n<\/div>\n<h2 style=\"text-align: left;\"><\/h2>\n<hr \/>\n<h2 style=\"text-align: left;\"><img loading=\"lazy\" decoding=\"async\" class=\"wp-image-3335 alignnone\" src=\"https:\/\/fornax.com.tr\/wp-content\/uploads\/2025\/04\/pvt-2-300x300.jpg\" alt=\"\" width=\"216\" height=\"216\" srcset=\"https:\/\/fornax.com.tr\/wp-content\/uploads\/2025\/04\/pvt-2-300x300.jpg 300w, https:\/\/fornax.com.tr\/wp-content\/uploads\/2025\/04\/pvt-2-1024x1024.jpg 1024w, https:\/\/fornax.com.tr\/wp-content\/uploads\/2025\/04\/pvt-2-150x150.jpg 150w, https:\/\/fornax.com.tr\/wp-content\/uploads\/2025\/04\/pvt-2-768x768.jpg 768w, https:\/\/fornax.com.tr\/wp-content\/uploads\/2025\/04\/pvt-2-1536x1536.jpg 1536w, https:\/\/fornax.com.tr\/wp-content\/uploads\/2025\/04\/pvt-2-2048x2048.jpg 2048w, https:\/\/fornax.com.tr\/wp-content\/uploads\/2025\/04\/pvt-2-12x12.jpg 12w, https:\/\/fornax.com.tr\/wp-content\/uploads\/2025\/04\/pvt-2-600x600.jpg 600w, https:\/\/fornax.com.tr\/wp-content\/uploads\/2025\/04\/pvt-2-1200x1200.jpg 1200w\" sizes=\"(max-width: 216px) 100vw, 216px\" \/><\/h2>\n<h2 style=\"text-align: left;\"><\/h2>\n<h2 style=\"text-align: left;\">Pivot Counterpart Right \/ Left<\/h2>\n<p style=\"text-align: left;\">9 Axles 189,170,0001,000<br \/>\n13 Axles 189,160,001,000<\/p>\n<h2 style=\"text-align: left;\"><\/h2>\n<h2 style=\"text-align: left;\"><\/h2>\n<hr \/>\n<h2 style=\"text-align: left;\"><\/h2>\n<div class=\"product-item\" style=\"text-align: left;\">\n<h2 style=\"text-align: left;\"><img loading=\"lazy\" decoding=\"async\" class=\"wp-image-3335 alignnone\" src=\"https:\/\/fornax.com.tr\/wp-content\/uploads\/2025\/04\/pvt-2-300x300.jpg\" alt=\"\" width=\"211\" height=\"211\" srcset=\"https:\/\/fornax.com.tr\/wp-content\/uploads\/2025\/04\/pvt-2-300x300.jpg 300w, https:\/\/fornax.com.tr\/wp-content\/uploads\/2025\/04\/pvt-2-1024x1024.jpg 1024w, https:\/\/fornax.com.tr\/wp-content\/uploads\/2025\/04\/pvt-2-150x150.jpg 150w, https:\/\/fornax.com.tr\/wp-content\/uploads\/2025\/04\/pvt-2-768x768.jpg 768w, https:\/\/fornax.com.tr\/wp-content\/uploads\/2025\/04\/pvt-2-1536x1536.jpg 1536w, https:\/\/fornax.com.tr\/wp-content\/uploads\/2025\/04\/pvt-2-2048x2048.jpg 2048w, https:\/\/fornax.com.tr\/wp-content\/uploads\/2025\/04\/pvt-2-12x12.jpg 12w, https:\/\/fornax.com.tr\/wp-content\/uploads\/2025\/04\/pvt-2-600x600.jpg 600w, https:\/\/fornax.com.tr\/wp-content\/uploads\/2025\/04\/pvt-2-1200x1200.jpg 1200w\" sizes=\"(max-width: 211px) 100vw, 211px\" \/><\/h2>\n<\/div>\n<div class=\"product-item\" style=\"text-align: left;\">\n<h2><\/h2>\n<h2>Pivot Counterpart Right \/ Left (+Plus)<\/h2>\n<p>9+1 Axle 189,190,001,000<br \/>\n13+1 Axle 189,180,001,000<\/p>\n<\/div>\n<h2 style=\"text-align: left;\"><\/h2>\n<h2 style=\"text-align: left;\"><\/h2>\n<h2 style=\"text-align: left;\"><\/h2>\n<hr \/>\n<h2 style=\"text-align: left;\"><\/h2>\n<div class=\"product-item\" style=\"text-align: left;\">\n<h2 style=\"text-align: left;\"><a href=\"https:\/\/fornax.com.tr\/en\/?attachment_id=3315\" rel=\"attachment wp-att-3315\"><img loading=\"lazy\" decoding=\"async\" class=\"wp-image-3315 alignnone\" src=\"https:\/\/fornax.com.tr\/wp-content\/uploads\/2025\/04\/sac-pivot-300x300.jpg\" alt=\"\" width=\"227\" height=\"227\" srcset=\"https:\/\/fornax.com.tr\/wp-content\/uploads\/2025\/04\/sac-pivot-300x300.jpg 300w, https:\/\/fornax.com.tr\/wp-content\/uploads\/2025\/04\/sac-pivot-1024x1024.jpg 1024w, https:\/\/fornax.com.tr\/wp-content\/uploads\/2025\/04\/sac-pivot-150x150.jpg 150w, https:\/\/fornax.com.tr\/wp-content\/uploads\/2025\/04\/sac-pivot-768x768.jpg 768w, https:\/\/fornax.com.tr\/wp-content\/uploads\/2025\/04\/sac-pivot-1536x1536.jpg 1536w, https:\/\/fornax.com.tr\/wp-content\/uploads\/2025\/04\/sac-pivot-2048x2048.jpg 2048w, https:\/\/fornax.com.tr\/wp-content\/uploads\/2025\/04\/sac-pivot-12x12.jpg 12w, https:\/\/fornax.com.tr\/wp-content\/uploads\/2025\/04\/sac-pivot-600x600.jpg 600w, https:\/\/fornax.com.tr\/wp-content\/uploads\/2025\/04\/sac-pivot-1200x1200.jpg 1200w\" sizes=\"(max-width: 227px) 100vw, 227px\" \/><\/a><\/h2>\n<\/div>\n<div class=\"product-item\" style=\"text-align: left;\">\n<h2><\/h2>\n<h2>Pivot Counterpart 1 3R\/L\/Right \/ Left<\/h2>\n<p>13 R\/L Sheet Metal Pivot Counterpart<br \/>\n189-22056-130<\/p>\n<\/div>\n<h2 style=\"text-align: left;\"><\/h2>\n<h2 style=\"text-align: left;\"><\/h2>\n<h2 style=\"text-align: left;\"><\/h2>\n<hr \/>\n<h2 style=\"text-align: left;\"><\/h2>\n<h2 style=\"text-align: left;\"><a href=\"https:\/\/fornax.com.tr\/en\/?attachment_id=3327\" rel=\"attachment wp-att-3327\"><img loading=\"lazy\" decoding=\"async\" class=\"wp-image-3327 alignnone\" src=\"https:\/\/fornax.com.tr\/wp-content\/uploads\/2025\/04\/kose-300x300.jpg\" alt=\"\" width=\"227\" height=\"227\" srcset=\"https:\/\/fornax.com.tr\/wp-content\/uploads\/2025\/04\/kose-300x300.jpg 300w, https:\/\/fornax.com.tr\/wp-content\/uploads\/2025\/04\/kose-1024x1024.jpg 1024w, https:\/\/fornax.com.tr\/wp-content\/uploads\/2025\/04\/kose-150x150.jpg 150w, https:\/\/fornax.com.tr\/wp-content\/uploads\/2025\/04\/kose-768x768.jpg 768w, https:\/\/fornax.com.tr\/wp-content\/uploads\/2025\/04\/kose-1536x1536.jpg 1536w, https:\/\/fornax.com.tr\/wp-content\/uploads\/2025\/04\/kose-2048x2048.jpg 2048w, https:\/\/fornax.com.tr\/wp-content\/uploads\/2025\/04\/kose-12x12.jpg 12w, https:\/\/fornax.com.tr\/wp-content\/uploads\/2025\/04\/kose-600x600.jpg 600w, https:\/\/fornax.com.tr\/wp-content\/uploads\/2025\/04\/kose-1200x1200.jpg 1200w\" sizes=\"(max-width: 227px) 100vw, 227px\" \/><\/a><\/h2>\n<h2 style=\"text-align: left;\"><\/h2>\n<h2 style=\"text-align: left;\">Ventilation with Corner Movement<a href=\"https:\/\/fornax.com.tr\/en\/?attachment_id=3339\" rel=\"attachment wp-att-3339\">\u200b<\/a>Team Equivalent<\/h2>\n<div class=\"product-item\" style=\"text-align: left;\">\n<p>9 Axles 189,648,001,000<br \/>\n13 Axles 189,642,001,000<\/p>\n<\/div>\n<h2 style=\"text-align: left;\"><\/h2>\n<h2 style=\"text-align: left;\"><\/h2>\n<h2 style=\"text-align: left;\"><\/h2>\n<hr \/>\n<div class=\"product-item\" style=\"text-align: left;\">\n<h2><\/h2>\n<h2><a href=\"https:\/\/fornax.com.tr\/en\/?attachment_id=3323\" rel=\"attachment wp-att-3323\"><img loading=\"lazy\" decoding=\"async\" class=\"wp-image-3323 alignnone\" src=\"https:\/\/fornax.com.tr\/wp-content\/uploads\/2025\/04\/tt-300x300.jpg\" alt=\"\" width=\"244\" height=\"244\" srcset=\"https:\/\/fornax.com.tr\/wp-content\/uploads\/2025\/04\/tt-300x300.jpg 300w, https:\/\/fornax.com.tr\/wp-content\/uploads\/2025\/04\/tt-1024x1024.jpg 1024w, https:\/\/fornax.com.tr\/wp-content\/uploads\/2025\/04\/tt-150x150.jpg 150w, https:\/\/fornax.com.tr\/wp-content\/uploads\/2025\/04\/tt-768x768.jpg 768w, https:\/\/fornax.com.tr\/wp-content\/uploads\/2025\/04\/tt-1536x1536.jpg 1536w, https:\/\/fornax.com.tr\/wp-content\/uploads\/2025\/04\/tt-2048x2048.jpg 2048w, https:\/\/fornax.com.tr\/wp-content\/uploads\/2025\/04\/tt-12x12.jpg 12w, https:\/\/fornax.com.tr\/wp-content\/uploads\/2025\/04\/tt-600x600.jpg 600w, https:\/\/fornax.com.tr\/wp-content\/uploads\/2025\/04\/tt-1200x1200.jpg 1200w\" sizes=\"(max-width: 244px) 100vw, 244px\" \/><\/a><\/h2>\n<\/div>\n<h2 style=\"text-align: left;\"><\/h2>\n<div class=\"product-item\" style=\"text-align: left;\">\n<h2>Security Side Locking Striker (PLS\/SAC)<\/h2>\n<\/div>\n<div class=\"product-item\" style=\"text-align: left;\">\n<p>13 Axles 189,680,001,000<\/p>\n<\/div>\n<h2 style=\"text-align: left;\"><\/h2>\n<h2 style=\"text-align: left;\"><\/h2>\n<hr \/>\n<h2 style=\"text-align: left;\"><a href=\"https:\/\/fornax.com.tr\/en\/?attachment_id=3338\" rel=\"attachment wp-att-3338\"><img loading=\"lazy\" decoding=\"async\" class=\"wp-image-3338 alignnone\" src=\"https:\/\/fornax.com.tr\/wp-content\/uploads\/2025\/04\/tirnaklo-300x300.jpg\" alt=\"\" width=\"249\" height=\"249\" srcset=\"https:\/\/fornax.com.tr\/wp-content\/uploads\/2025\/04\/tirnaklo-300x300.jpg 300w, https:\/\/fornax.com.tr\/wp-content\/uploads\/2025\/04\/tirnaklo-1024x1024.jpg 1024w, https:\/\/fornax.com.tr\/wp-content\/uploads\/2025\/04\/tirnaklo-150x150.jpg 150w, https:\/\/fornax.com.tr\/wp-content\/uploads\/2025\/04\/tirnaklo-768x768.jpg 768w, https:\/\/fornax.com.tr\/wp-content\/uploads\/2025\/04\/tirnaklo-1536x1536.jpg 1536w, https:\/\/fornax.com.tr\/wp-content\/uploads\/2025\/04\/tirnaklo-2048x2048.jpg 2048w, https:\/\/fornax.com.tr\/wp-content\/uploads\/2025\/04\/tirnaklo-12x12.jpg 12w, https:\/\/fornax.com.tr\/wp-content\/uploads\/2025\/04\/tirnaklo-600x600.jpg 600w, https:\/\/fornax.com.tr\/wp-content\/uploads\/2025\/04\/tirnaklo-1200x1200.jpg 1200w\" sizes=\"(max-width: 249px) 100vw, 249px\" \/><\/a><\/h2>\n<h2 style=\"text-align: left;\"><\/h2>\n<h2 style=\"text-align: left;\">Pivot Striker Right\/Left (Double Claw)<\/h2>\n<p style=\"text-align: left;\">9 Axles 189,110,001,000<br \/>\n13 Axles 189,120,001,000<\/p>\n<h2 style=\"text-align: left;\"><\/h2>\n<h2 style=\"text-align: left;\"><\/h2>\n<hr \/>\n<h2 style=\"text-align: left;\"><\/h2>\n<h2 style=\"text-align: left;\"><a href=\"https:\/\/fornax.com.tr\/en\/?attachment_id=3336\" rel=\"attachment wp-att-3336\"><img loading=\"lazy\" decoding=\"async\" class=\"wp-image-3336 alignnone\" src=\"https:\/\/fornax.com.tr\/wp-content\/uploads\/2025\/04\/pvt-1-300x300.jpg\" alt=\"\" width=\"267\" height=\"267\" srcset=\"https:\/\/fornax.com.tr\/wp-content\/uploads\/2025\/04\/pvt-1-300x300.jpg 300w, https:\/\/fornax.com.tr\/wp-content\/uploads\/2025\/04\/pvt-1-1024x1024.jpg 1024w, https:\/\/fornax.com.tr\/wp-content\/uploads\/2025\/04\/pvt-1-150x150.jpg 150w, https:\/\/fornax.com.tr\/wp-content\/uploads\/2025\/04\/pvt-1-768x768.jpg 768w, https:\/\/fornax.com.tr\/wp-content\/uploads\/2025\/04\/pvt-1-1536x1536.jpg 1536w, https:\/\/fornax.com.tr\/wp-content\/uploads\/2025\/04\/pvt-1-2048x2048.jpg 2048w, https:\/\/fornax.com.tr\/wp-content\/uploads\/2025\/04\/pvt-1-12x12.jpg 12w, https:\/\/fornax.com.tr\/wp-content\/uploads\/2025\/04\/pvt-1-600x600.jpg 600w, https:\/\/fornax.com.tr\/wp-content\/uploads\/2025\/04\/pvt-1-1200x1200.jpg 1200w\" sizes=\"(max-width: 267px) 100vw, 267px\" \/><\/a><\/h2>\n<h2 style=\"text-align: left;\"><\/h2>\n<h2 style=\"text-align: left;\"><\/h2>\n<h2 style=\"text-align: left;\">Pivot Counter Right\/Left Tyhseen<\/h2>\n<p style=\"text-align: left;\">9 Axles 189,161,001,000<\/p>\n<h2 style=\"text-align: left;\"><\/h2>\n<h2 style=\"text-align: left;\"><\/h2>\n<h2 style=\"text-align: left;\"><\/h2>\n<h2 style=\"text-align: left;\"><\/h2>\n<h2><\/h2>","protected":false},"excerpt":{"rendered":"<p>G\u00fcvenlikli Yan Kilitleme Kar\u015f\u0131l\u0131\u011f\u0131 (3 Vidal\u0131) 9 Aks 189.100.002.000 13 Aks 189.100.001.000 &nbsp; &nbsp; G\u00fcvenlikli Yan Kilitleme Kar\u015f\u0131l\u0131\u011f\u0131 (1 Vidal\u0131)<\/p>","protected":false},"featured_media":5503,"template":"","meta":[],"product_brand":[],"product_cat":[220],"product_tag":[],"class_list":{"0":"post-5626","1":"product","2":"type-product","3":"status-publish","4":"has-post-thumbnail","6":"product_cat-karsiliklar-cift-acilim-sistemleri","8":"first","9":"instock","10":"shipping-taxable","11":"product-type-simple"},"_links":{"self":[{"href":"https:\/\/fornax.com.tr\/en\/wp-json\/wp\/v2\/product\/5626","targetHints":{"allow":["GET"]}}],"collection":[{"href":"https:\/\/fornax.com.tr\/en\/wp-json\/wp\/v2\/product"}],"about":[{"href":"https:\/\/fornax.com.tr\/en\/wp-json\/wp\/v2\/types\/product"}],"version-history":[{"count":19,"href":"https:\/\/fornax.com.tr\/en\/wp-json\/wp\/v2\/product\/5626\/revisions"}],"predecessor-version":[{"id":5667,"href":"https:\/\/fornax.com.tr\/en\/wp-json\/wp\/v2\/product\/5626\/revisions\/5667"}],"wp:featuredmedia":[{"embeddable":true,"href":"https:\/\/fornax.com.tr\/en\/wp-json\/wp\/v2\/media\/5503"}],"wp:attachment":[{"href":"https:\/\/fornax.com.tr\/en\/wp-json\/wp\/v2\/media?parent=5626"}],"wp:term":[{"taxonomy":"product_brand","embeddable":true,"href":"https:\/\/fornax.com.tr\/en\/wp-json\/wp\/v2\/product_brand?post=5626"},{"taxonomy":"product_cat","embeddable":true,"href":"https:\/\/fornax.com.tr\/en\/wp-json\/wp\/v2\/product_cat?post=5626"},{"taxonomy":"product_tag","embeddable":true,"href":"https:\/\/fornax.com.tr\/en\/wp-json\/wp\/v2\/product_tag?post=5626"}],"curies":[{"name":"wp","href":"https:\/\/api.w.org\/{rel}","templated":true}]}}