{"id":5599,"date":"2025-05-20T12:46:44","date_gmt":"2025-05-20T12:46:44","guid":{"rendered":"https:\/\/fornax.com.tr\/?post_type=product&#038;p=5599"},"modified":"2025-08-27T08:21:02","modified_gmt":"2025-08-27T08:21:02","slug":"rear-locking","status":"publish","type":"product","link":"https:\/\/fornax.com.tr\/en\/product\/rear-locking\/","title":{"rendered":"Rear Locking"},"content":{"rendered":"<h1>Order Details<\/h1>\n<p><!-- G\u00fcvenlik Pimli --><\/p>\n<div class=\"card\">\n<div class=\"section-title\"><\/div>\n<div class=\"table-wrap\">\n<table style=\"height: 278px;\" width=\"927\">\n<thead>\n<tr>\n<th>Eksantrik Pimli (EP)\u00dcr\u00fcn Kodu<\/th>\n<th>G\u00fcvenlik Pimli (GP)\u00dcr\u00fcn Kodu<\/th>\n<th>Pinless (X) Product Code<\/th>\n<th class=\"qty\">Amount<\/th>\n<th class=\"kg\">kg<\/th>\n<\/tr>\n<\/thead>\n<tbody>\n<tr>\n<td>183.010.401.000<\/td>\n<td>183.110.401.000<\/td>\n<td class=\"dash\">\u2013<\/td>\n<td class=\"qty\">10<\/td>\n<td class=\"kg\">1.11<\/td>\n<\/tr>\n<tr>\n<td>183.010.411.000<\/td>\n<td>183.110.411.000<\/td>\n<td class=\"dash\">\u2013<\/td>\n<td class=\"qty\">10<\/td>\n<td class=\"kg\">1.11<\/td>\n<\/tr>\n<tr>\n<td>183.010.601.000<\/td>\n<td>183.110.601.000<\/td>\n<td class=\"dash\">\u2013<\/td>\n<td class=\"qty\">10<\/td>\n<td class=\"kg\">2.52<\/td>\n<\/tr>\n<tr>\n<td>183.010.801.000<\/td>\n<td>183.110.801.000<\/td>\n<td class=\"dash\">\u2013<\/td>\n<td class=\"qty\">10<\/td>\n<td class=\"kg\">3.45<\/td>\n<\/tr>\n<tr>\n<td>183.010.901.000<\/td>\n<td>183.110.901.000<\/td>\n<td class=\"dash\">\u2013<\/td>\n<td class=\"qty\">10<\/td>\n<td class=\"kg\">4.56<\/td>\n<\/tr>\n<tr>\n<td>183.011.001.000<\/td>\n<td>183.111.001.000<\/td>\n<td class=\"dash\">\u2013<\/td>\n<td class=\"qty\">10<\/td>\n<td class=\"kg\">5.87<\/td>\n<\/tr>\n<tr>\n<td>183.011.401.000<\/td>\n<td>183.111.401.000<\/td>\n<td class=\"dash\">\u2013<\/td>\n<td class=\"qty\">10<\/td>\n<td class=\"kg\">7.03<\/td>\n<\/tr>\n<tr>\n<td>183.011.801.000<\/td>\n<td>183.111.801.000<\/td>\n<td class=\"dash\">\u2013<\/td>\n<td class=\"qty\">10<\/td>\n<td class=\"kg\">8.40<\/td>\n<\/tr>\n<\/tbody>\n<\/table>\n<\/div>\n<\/div>\n<p><!-- Eksantrik Pimli --><\/p>\n<div class=\"card\"><\/div>\n<div class=\"card\">\n<div class=\"section-title\">\n<table class=\"spec\" style=\"height: 223px;\" width=\"833\">\n<caption>TECHNICAL DETAILS<\/caption>\n<thead>\n<tr>\n<th>Group<\/th>\n<th>Usage Range<\/th>\n<th>A<\/th>\n<th>B<\/th>\n<th>C<\/th>\n<th>D<\/th>\n<th>TO<\/th>\n<th>Screw<\/th>\n<th>Opposite<\/th>\n<\/tr>\n<\/thead>\n<tbody>\n<tr>\n<td>*GR:00 Ek Kilitlemeli<\/td>\n<td>400\u2013800<\/td>\n<td>220<\/td>\n<td>127<\/td>\n<td>\u2013<\/td>\n<td>\u2013<\/td>\n<td>\u2013<\/td>\n<td>2<\/td>\n<td>1<\/td>\n<\/tr>\n<tr>\n<td>*GR:00-1<\/td>\n<td>500\u20131000<\/td>\n<td>220<\/td>\n<td>127<\/td>\n<td>\u2013<\/td>\n<td>\u2013<\/td>\n<td>\u2013<\/td>\n<td>2<\/td>\n<td>1<\/td>\n<\/tr>\n<tr>\n<td>GR:01<\/td>\n<td>700\u20131150<\/td>\n<td>537<\/td>\n<td>127<\/td>\n<td>333<\/td>\n<td>\u2013<\/td>\n<td>\u2013<\/td>\n<td>3<\/td>\n<td>2<\/td>\n<\/tr>\n<tr>\n<td>GR:02<\/td>\n<td>1150\u20131500<\/td>\n<td>737<\/td>\n<td>127<\/td>\n<td>533<\/td>\n<td>\u2013<\/td>\n<td>\u2013<\/td>\n<td>7<\/td>\n<td>2<\/td>\n<\/tr>\n<tr>\n<td>GR:02-1<\/td>\n<td>1350\u20131600<\/td>\n<td>987<\/td>\n<td>127<\/td>\n<td>333<\/td>\n<td>\u2013<\/td>\n<td>450<\/td>\n<td>7<\/td>\n<td>3<\/td>\n<\/tr>\n<tr>\n<td>GR:03<\/td>\n<td>1500\u20131850<\/td>\n<td>1237<\/td>\n<td>127<\/td>\n<td>333<\/td>\n<td>\u2013<\/td>\n<td>700<\/td>\n<td>7<\/td>\n<td>3<\/td>\n<\/tr>\n<tr>\n<td>GR:04<\/td>\n<td>1850\u20132100<\/td>\n<td>1481<\/td>\n<td>127<\/td>\n<td>547<\/td>\n<td>\u2013<\/td>\n<td>730<\/td>\n<td>8<\/td>\n<td>3<\/td>\n<\/tr>\n<tr>\n<td>GR:05<\/td>\n<td>2100\u20132400<\/td>\n<td>1780<\/td>\n<td>127<\/td>\n<td>333<\/td>\n<td>643<\/td>\n<td>600<\/td>\n<td>10<\/td>\n<td>4<\/td>\n<\/tr>\n<\/tbody>\n<\/table>\n<\/div>\n<\/div>","protected":false},"excerpt":{"rendered":"<p><strong>Hardware Technical Details<\/strong><br \/>\nUsage Range: Min: 400mm \u2013 Max: 2400mm<br \/>\nSecurity Level: Eccentric Pin Security Pin<\/p>\n<p><strong>Hardware Description<\/strong><br \/>\nAdditional Locking;<br \/>\n*Gr:00 400-800 Can be Extended with Additional Locks (See Page 29)<br \/>\nSublink;<br \/>\nIt can be used with Lower Locking and Fixed Handle (KYS) Espagnolette.<br \/>\nRear Connection;<br \/>\nThe frame can be used with wing scissors. (See page 37)<br \/>\nAdditional Locking<br \/>\nThe hardware supports thermal insulation by allowing the addition of additional locking.<br \/>\nGasket Pressure Adjustment;<br \/>\nProvides the ability to change the seal pressure adjustment with a diameter of \u00b10.8 mm<br \/>\nAssembly;<br \/>\nSaves time with easy installation. 3.9\u00d725 YHB Coarse Threaded Espagnolette Screw Code: 449.339.025.001<br \/>\nCovering;<br \/>\nIt has long-lasting corrosion protection with YelkenCoat coating.<\/p>","protected":false},"featured_media":5602,"template":"","meta":[],"product_brand":[],"product_cat":[217],"product_tag":[],"class_list":{"0":"post-5599","1":"product","2":"type-product","3":"status-publish","4":"has-post-thumbnail","6":"product_cat-arka-kilitlemeler","8":"first","9":"instock","10":"shipping-taxable","11":"product-type-simple"},"_links":{"self":[{"href":"https:\/\/fornax.com.tr\/en\/wp-json\/wp\/v2\/product\/5599","targetHints":{"allow":["GET"]}}],"collection":[{"href":"https:\/\/fornax.com.tr\/en\/wp-json\/wp\/v2\/product"}],"about":[{"href":"https:\/\/fornax.com.tr\/en\/wp-json\/wp\/v2\/types\/product"}],"version-history":[{"count":6,"href":"https:\/\/fornax.com.tr\/en\/wp-json\/wp\/v2\/product\/5599\/revisions"}],"predecessor-version":[{"id":7371,"href":"https:\/\/fornax.com.tr\/en\/wp-json\/wp\/v2\/product\/5599\/revisions\/7371"}],"wp:featuredmedia":[{"embeddable":true,"href":"https:\/\/fornax.com.tr\/en\/wp-json\/wp\/v2\/media\/5602"}],"wp:attachment":[{"href":"https:\/\/fornax.com.tr\/en\/wp-json\/wp\/v2\/media?parent=5599"}],"wp:term":[{"taxonomy":"product_brand","embeddable":true,"href":"https:\/\/fornax.com.tr\/en\/wp-json\/wp\/v2\/product_brand?post=5599"},{"taxonomy":"product_cat","embeddable":true,"href":"https:\/\/fornax.com.tr\/en\/wp-json\/wp\/v2\/product_cat?post=5599"},{"taxonomy":"product_tag","embeddable":true,"href":"https:\/\/fornax.com.tr\/en\/wp-json\/wp\/v2\/product_tag?post=5599"}],"curies":[{"name":"wp","href":"https:\/\/api.w.org\/{rel}","templated":true}]}}