{"id":5594,"date":"2025-05-20T12:31:31","date_gmt":"2025-05-20T12:31:31","guid":{"rendered":"https:\/\/fornax.com.tr\/?post_type=product&#038;p=5594"},"modified":"2025-08-27T08:19:25","modified_gmt":"2025-08-27T08:19:25","slug":"top-lock-single-opening","status":"publish","type":"product","link":"https:\/\/fornax.com.tr\/en\/product\/top-lock-single-opening\/","title":{"rendered":"Top Lock (Single Opening)"},"content":{"rendered":"<p><span style=\"color: #1b1919; font-size: 22px;\">ORDER DETAILS<\/span><\/p>\n<div>\n<h4>Eccentric Pin<\/h4>\n<table border=\"1\" cellspacing=\"0\" cellpadding=\"5\">\n<thead>\n<tr>\n<th>Code<\/th>\n<th>Explanation<\/th>\n<th>Amount<\/th>\n<th>kg<\/th>\n<\/tr>\n<\/thead>\n<tbody>\n<tr>\n<td>184.020.001.000<\/td>\n<td>Single Opening Upper Lock (90 Degrees)<\/td>\n<td>100<\/td>\n<td>7,70<\/td>\n<\/tr>\n<tr>\n<td>184.020.002.000<\/td>\n<td>Single Opening Upper Locking (180 Degrees)<\/td>\n<td>100<\/td>\n<td>7,70<\/td>\n<\/tr>\n<\/tbody>\n<\/table>\n<\/div>","protected":false},"excerpt":{"rendered":"<p><strong>Kullan\u0131m Alan\u0131 :\u00a0 <\/strong>Tek A\u00e7\u0131l\u0131m (\u00c7ift A\u00e7\u0131l\u0131m Donan\u0131m\u0131 ile)<br \/>\n<strong>Security Level:<\/strong> Eccentric Pin<\/p>\n<p>&nbsp;<\/p>\n<p><strong>Hardware Description<\/strong><br \/>\nSpanish Connection;<br \/>\nAdditional Locking Espagnolette, 7.5mm, 15mm, 30mm, 40mm, can be connected with Middle Handle (KYO) Espagnolette. (See Page 23)<br \/>\nCenter Locking Link;<br \/>\nCenter locking is available. (See Page 40)<br \/>\nGasket Pressure Adjustment;<br \/>\nProvides the ability to change the seal pressure side with a diameter of \u00b10.8 mm<br \/>\nAssembly;<br \/>\nSaves time with easy installation. 3.9\u00d725 YHB Coarse Threaded Espagnolette Screw Code: 449.339.025.001<br \/>\nCoating;<br \/>\nIt has long-lasting corrosion protection with YelkenCoat coating,<\/p>","protected":false},"featured_media":3357,"template":"","meta":[],"product_brand":[],"product_cat":[216],"product_tag":[],"class_list":{"0":"post-5594","1":"product","2":"type-product","3":"status-publish","4":"has-post-thumbnail","6":"product_cat-alt-ust-kilitlemeler","8":"first","9":"instock","10":"shipping-taxable","11":"product-type-simple"},"_links":{"self":[{"href":"https:\/\/fornax.com.tr\/en\/wp-json\/wp\/v2\/product\/5594","targetHints":{"allow":["GET"]}}],"collection":[{"href":"https:\/\/fornax.com.tr\/en\/wp-json\/wp\/v2\/product"}],"about":[{"href":"https:\/\/fornax.com.tr\/en\/wp-json\/wp\/v2\/types\/product"}],"version-history":[{"count":3,"href":"https:\/\/fornax.com.tr\/en\/wp-json\/wp\/v2\/product\/5594\/revisions"}],"predecessor-version":[{"id":7368,"href":"https:\/\/fornax.com.tr\/en\/wp-json\/wp\/v2\/product\/5594\/revisions\/7368"}],"wp:featuredmedia":[{"embeddable":true,"href":"https:\/\/fornax.com.tr\/en\/wp-json\/wp\/v2\/media\/3357"}],"wp:attachment":[{"href":"https:\/\/fornax.com.tr\/en\/wp-json\/wp\/v2\/media?parent=5594"}],"wp:term":[{"taxonomy":"product_brand","embeddable":true,"href":"https:\/\/fornax.com.tr\/en\/wp-json\/wp\/v2\/product_brand?post=5594"},{"taxonomy":"product_cat","embeddable":true,"href":"https:\/\/fornax.com.tr\/en\/wp-json\/wp\/v2\/product_cat?post=5594"},{"taxonomy":"product_tag","embeddable":true,"href":"https:\/\/fornax.com.tr\/en\/wp-json\/wp\/v2\/product_tag?post=5594"}],"curies":[{"name":"wp","href":"https:\/\/api.w.org\/{rel}","templated":true}]}}