{"id":5590,"date":"2025-05-20T12:20:34","date_gmt":"2025-05-20T12:20:34","guid":{"rendered":"https:\/\/fornax.com.tr\/?post_type=product&#038;p=5590"},"modified":"2025-08-27T08:18:21","modified_gmt":"2025-08-27T08:18:21","slug":"once-devir-sonra-ac-kasa-kanat-makas","status":"publish","type":"product","link":"https:\/\/fornax.com.tr\/en\/product\/once-devir-sonra-ac-kasa-kanat-makas\/","title":{"rendered":"First Turn Then Open \u2013 Case Wing Scissors"},"content":{"rendered":"<h2>Order Details<\/h2>\n<table border=\"1\" cellspacing=\"0\" cellpadding=\"5\">\n<tbody>\n<tr>\n<th>Eccentric Pin (EP) Product Code<\/th>\n<th>Security Pin (GP) Product Code<\/th>\n<th>P\u0130msiz (X) \u00dcr\u00fcn Kodu<\/th>\n<th>Amount<\/th>\n<th>kg<\/th>\n<\/tr>\n<tr>\n<td>&#8211;<\/td>\n<td>&#8211;<\/td>\n<td>182.310.401.000<\/td>\n<td>10<\/td>\n<td>3,55<\/td>\n<\/tr>\n<tr>\n<td>&#8211;<\/td>\n<td>&#8211;<\/td>\n<td>182.310.411.000<\/td>\n<td>10<\/td>\n<td>4,98<\/td>\n<\/tr>\n<tr>\n<td>182.310.501.000<\/td>\n<td>182.310.501.200<\/td>\n<td>&#8211;<\/td>\n<td>10<\/td>\n<td>4,87<\/td>\n<\/tr>\n<tr>\n<td>182.310.801.000<\/td>\n<td>182.310.801.200<\/td>\n<td>&#8211;<\/td>\n<td>10<\/td>\n<td>6,12<\/td>\n<\/tr>\n<tr>\n<td>182.311.001.000<\/td>\n<td>182.311.001.200<\/td>\n<td>&#8211;<\/td>\n<td>10<\/td>\n<td>7,06<\/td>\n<\/tr>\n<\/tbody>\n<\/table>\n<p><!-- Teknik Detaylar --><\/p>\n<h2>Technical Details<\/h2>\n<table style=\"height: 246px;\" border=\"1\" width=\"888\" cellspacing=\"0\" cellpadding=\"5\">\n<tbody>\n<tr>\n<th style=\"text-align: left;\">Group<\/th>\n<th style=\"text-align: left;\">Usage Range<\/th>\n<th style=\"text-align: left;\">A<\/th>\n<th style=\"text-align: left;\">B<\/th>\n<th style=\"text-align: left;\">C<\/th>\n<th style=\"text-align: left;\">D<\/th>\n<th style=\"text-align: left;\">Screw<\/th>\n<th style=\"text-align: left;\">Opposite<\/th>\n<\/tr>\n<tr>\n<td>GR:01<\/td>\n<td>395-600<\/td>\n<td>495<\/td>\n<td>&#8211;<\/td>\n<td>&#8211;<\/td>\n<td>&#8211;<\/td>\n<td>3<\/td>\n<td>&#8211;<\/td>\n<\/tr>\n<tr>\n<td>GR:01-1<\/td>\n<td>400-650<\/td>\n<td>515<\/td>\n<td>&#8211;<\/td>\n<td>&#8211;<\/td>\n<td>&#8211;<\/td>\n<td>3<\/td>\n<td>&#8211;<\/td>\n<\/tr>\n<tr>\n<td>GR:02<\/td>\n<td>595-800<\/td>\n<td>665<\/td>\n<td>&#8211;<\/td>\n<td>&#8211;<\/td>\n<td>&#8211;<\/td>\n<td>5<\/td>\n<td>&#8211;<\/td>\n<\/tr>\n<tr>\n<td>GR:02-1<\/td>\n<td>595-800<\/td>\n<td>665<\/td>\n<td>392<\/td>\n<td>&#8211;<\/td>\n<td>&#8211;<\/td>\n<td>5<\/td>\n<td>1<\/td>\n<\/tr>\n<tr>\n<td>GR:03<\/td>\n<td>795-1000<\/td>\n<td>865<\/td>\n<td>542<\/td>\n<td>&#8211;<\/td>\n<td>&#8211;<\/td>\n<td>7<\/td>\n<td>1<\/td>\n<\/tr>\n<tr>\n<td>GR:04<\/td>\n<td>995-1200<\/td>\n<td>1065<\/td>\n<td>542<\/td>\n<td>&#8211;<\/td>\n<td>&#8211;<\/td>\n<td>8<\/td>\n<td>1<\/td>\n<\/tr>\n<\/tbody>\n<\/table>","protected":false},"excerpt":{"rendered":"<p><strong>Kullan\u0131m Aral\u0131\u011f\u0131 :<\/strong> Min: 395mm-Max: 1200mm<\/p>\n<p><strong>Security Level:<\/strong> Eksantrik Pimli- G\u00fcvenlik Pimli<\/p>\n<p><strong>Hardware Description<\/strong><br \/>\nArea of Use;<br \/>\n\u00c7ocuk Odalan, Kre\u015fler, Okullar, Hastaneler ve G\u00fcvenlik nedeniyle pencerelerin tam olarak a\u00e7\u0131lmas\u0131n\u0131n istenmedi\u011fi mekanlarda kullan\u0131lmak \u00fczere geli\u015ftirilmi\u015ftir.<br \/>\nK\u00f6\u015fe Ba\u011flant\u0131s\u0131;<br \/>\nStandart, Dar, G\u00fcvenlik Pimli, G\u00fcvenlikli Dar, Havaland\u0131rmal\u0131, \u00c7ift Pimli K\u00f6\u015fe Hareket \u0130letim ile kullan\u0131labilir (Bak\u0131n\u0131z Sayfa 30)<br \/>\nMente\u015fe Ba\u011flant\u0131s\u0131;<br \/>\nFor Top Hinge Connection, 9-20 mm, 10-20 mm, 13-20 mm, 14-22 mm, 13-22 mm can be connected with the Wing Top Hinge. (See Page 46)<br \/>\nAdditional Locking<br \/>\nThe hardware supports thermal insulation by allowing the addition of additional locking.<br \/>\nGasket Pressure Adjustment;<br \/>\nProvides the ability to change the seal pressure setting with a diameter of \u00b10.8 mm<br \/>\n-Montaj;<br \/>\nSaves time with easy installation. 3.9\u00d725 YHB Coarse Threaded Espagnolette Screw Code: 449.339.025.001<br \/>\nCoating ;<br \/>\nIt has long-lasting corrosion protection with YelkenCoat coating.<\/p>","protected":false},"featured_media":3083,"template":"","meta":[],"product_brand":[],"product_cat":[215],"product_tag":[],"class_list":{"0":"post-5590","1":"product","2":"type-product","3":"status-publish","4":"has-post-thumbnail","6":"product_cat-makaslar","8":"first","9":"instock","10":"shipping-taxable","11":"product-type-simple"},"_links":{"self":[{"href":"https:\/\/fornax.com.tr\/en\/wp-json\/wp\/v2\/product\/5590","targetHints":{"allow":["GET"]}}],"collection":[{"href":"https:\/\/fornax.com.tr\/en\/wp-json\/wp\/v2\/product"}],"about":[{"href":"https:\/\/fornax.com.tr\/en\/wp-json\/wp\/v2\/types\/product"}],"version-history":[{"count":3,"href":"https:\/\/fornax.com.tr\/en\/wp-json\/wp\/v2\/product\/5590\/revisions"}],"predecessor-version":[{"id":7367,"href":"https:\/\/fornax.com.tr\/en\/wp-json\/wp\/v2\/product\/5590\/revisions\/7367"}],"wp:featuredmedia":[{"embeddable":true,"href":"https:\/\/fornax.com.tr\/en\/wp-json\/wp\/v2\/media\/3083"}],"wp:attachment":[{"href":"https:\/\/fornax.com.tr\/en\/wp-json\/wp\/v2\/media?parent=5590"}],"wp:term":[{"taxonomy":"product_brand","embeddable":true,"href":"https:\/\/fornax.com.tr\/en\/wp-json\/wp\/v2\/product_brand?post=5590"},{"taxonomy":"product_cat","embeddable":true,"href":"https:\/\/fornax.com.tr\/en\/wp-json\/wp\/v2\/product_cat?post=5590"},{"taxonomy":"product_tag","embeddable":true,"href":"https:\/\/fornax.com.tr\/en\/wp-json\/wp\/v2\/product_tag?post=5590"}],"curies":[{"name":"wp","href":"https:\/\/api.w.org\/{rel}","templated":true}]}}