{"id":4250,"date":"2025-05-05T14:43:20","date_gmt":"2025-05-05T14:43:20","guid":{"rendered":"https:\/\/fornax.com.tr\/?post_type=product&#038;p=4250"},"modified":"2025-05-22T10:54:34","modified_gmt":"2025-05-22T10:54:34","slug":"hinge-elevation-profile-16-mm","status":"publish","type":"product","link":"https:\/\/fornax.com.tr\/en\/product\/hinge-elevation-profile-16-mm\/","title":{"rendered":"Hinge Raising Profile"},"content":{"rendered":"<table style=\"width: 656px; border-collapse: collapse; font-family: Arial, sans-serif; height: 212px;\">\n<thead>\n<tr style=\"background-color: #5a5aa0; color: white;\">\n<th style=\"padding: 8px; border: 1px solid #ccc;\">Code<\/th>\n<th style=\"padding: 8px; border: 1px solid #ccc;\">Product Description<\/th>\n<th style=\"padding: 8px; border: 1px solid #ccc;\">Amount<\/th>\n<\/tr>\n<\/thead>\n<tbody>\n<tr>\n<td style=\"padding: 8px; border: 1px dashed #999;\">141.008.001.001<\/td>\n<td style=\"padding: 8px; border: 1px dashed #999;\">Hinge Heightening Profile 16 mm<\/td>\n<td style=\"padding: 8px; border: 1px dashed #999;\">1 Piece<\/td>\n<\/tr>\n<tr>\n<td style=\"padding: 8px; border: 1px dashed #999;\">141.008.001.001<\/td>\n<td style=\"padding: 8px; border: 1px dashed #999;\">Hinge Heightening Profile 17 mm<\/td>\n<td style=\"padding: 8px; border: 1px dashed #999;\">1 Piece<\/td>\n<\/tr>\n<tr>\n<td style=\"padding: 8px; border: 1px dashed #999;\">141.008.001.001<\/td>\n<td style=\"padding: 8px; border: 1px dashed #999;\">Hinge Heightening Profile 18 mm<\/td>\n<td style=\"padding: 8px; border: 1px dashed #999;\">1 Piece<\/td>\n<\/tr>\n<tr>\n<td style=\"padding: 8px; border: 1px dashed #999;\">141.008.001.001<\/td>\n<td style=\"padding: 8px; border: 1px dashed #999;\">Hinge Heightening Profile 19 mm<\/td>\n<td style=\"padding: 8px; border: 1px dashed #999;\">1 Piece<\/td>\n<\/tr>\n<\/tbody>\n<\/table>","protected":false},"excerpt":{"rendered":"<p>Kod \u00dcr\u00fcn A\u00e7\u0131klamas\u0131 Miktar 141.008.001.001 Mente\u015fe Y\u00fckseltme Profili 16 mm 1 Adet 141.008.001.001 Mente\u015fe Y\u00fckseltme Profili 17 mm 1 Adet<\/p>","protected":false},"featured_media":4251,"template":"","meta":[],"product_brand":[],"product_cat":[90],"product_tag":[],"class_list":{"0":"post-4250","1":"product","2":"type-product","3":"status-publish","4":"has-post-thumbnail","6":"product_cat-katlanir-surme-sistemleri","8":"first","9":"instock","10":"shipping-taxable","11":"product-type-simple"},"_links":{"self":[{"href":"https:\/\/fornax.com.tr\/en\/wp-json\/wp\/v2\/product\/4250","targetHints":{"allow":["GET"]}}],"collection":[{"href":"https:\/\/fornax.com.tr\/en\/wp-json\/wp\/v2\/product"}],"about":[{"href":"https:\/\/fornax.com.tr\/en\/wp-json\/wp\/v2\/types\/product"}],"version-history":[{"count":3,"href":"https:\/\/fornax.com.tr\/en\/wp-json\/wp\/v2\/product\/4250\/revisions"}],"predecessor-version":[{"id":5737,"href":"https:\/\/fornax.com.tr\/en\/wp-json\/wp\/v2\/product\/4250\/revisions\/5737"}],"wp:featuredmedia":[{"embeddable":true,"href":"https:\/\/fornax.com.tr\/en\/wp-json\/wp\/v2\/media\/4251"}],"wp:attachment":[{"href":"https:\/\/fornax.com.tr\/en\/wp-json\/wp\/v2\/media?parent=4250"}],"wp:term":[{"taxonomy":"product_brand","embeddable":true,"href":"https:\/\/fornax.com.tr\/en\/wp-json\/wp\/v2\/product_brand?post=4250"},{"taxonomy":"product_cat","embeddable":true,"href":"https:\/\/fornax.com.tr\/en\/wp-json\/wp\/v2\/product_cat?post=4250"},{"taxonomy":"product_tag","embeddable":true,"href":"https:\/\/fornax.com.tr\/en\/wp-json\/wp\/v2\/product_tag?post=4250"}],"curies":[{"name":"wp","href":"https:\/\/api.w.org\/{rel}","templated":true}]}}