{"id":3166,"date":"2025-04-28T08:32:13","date_gmt":"2025-04-28T08:32:13","guid":{"rendered":"https:\/\/fornax.com.tr\/?post_type=product&#038;p=3166"},"modified":"2025-08-27T08:20:11","modified_gmt":"2025-08-27T08:20:11","slug":"bottom-locking","status":"publish","type":"product","link":"https:\/\/fornax.com.tr\/en\/product\/bottom-locking\/","title":{"rendered":"Bottom Locking"},"content":{"rendered":"<p><strong>Hardware Technical Details<\/strong><br \/>\nArea of Use: Side Tilting Double Opening<br \/>\nSecurity Level: Eccentric Pin<br \/>\nHardware Description<br \/>\nPrint Stabilization;<br \/>\nSpecially designed on the lower locking piece<\/p>\n<p>There is a Spring Joint Piece placed; this Spring Joint Piece is the part of the sash that is in the transom position and that is the part of the sash that is in the frame.<br \/>\nIt stabilizes the pressure. It prevents water and air leakage (See \u201cFigure 5\u201d)<br \/>\nSpanish Connection;<br \/>\nAdditional Locking Espagnolette, 7.5mm, 15mm, 30mm, 40mm, can be connected with Middle Handle (KYO) Espagnolette. (See Page 23)<\/p>\n<p>Center Locking Connection; Center locking is available, (See Page 39)<\/p>\n<p>Provisions;<br \/>\nA wide range of responses to choose from based on your profile<br \/>\nDouble Claw 9mm Right\/Left 189.110.001.000<br \/>\nDouble Claw 13mm Right\/Left 189.120.001.000<br \/>\n9mm Right\/Left 189.170.001.000<br \/>\n13mm Right\/Left 189.160.001.000<br \/>\n9+1mm Right Left 189,190,001,000<br \/>\n13+1mm Right Left 189.180.001.000<br \/>\n13\/22 Thyysen Right\/Left 189,161,001,000<\/p>\n<p>compatible with their counterparts. (See Page 50)<br \/>\nGasket Pressure Adjustment;<br \/>\nProvides the ability to change the seal pressure setting with a diameter of \u00b10.8 mm<br \/>\nAssembly;<br \/>\nIt saves time with easy installation.<br \/>\n3.9\u00d725 YHB Coarse Toothed Espagnolette Screw Code: 449.339.025.001<br \/>\n\u2013 Coating;<br \/>\nIt has long-lasting corrosion protection with YelkenCoat coating.<\/p>","protected":false},"excerpt":{"rendered":"<p>Donan\u0131m Teknik Detaylar\u0131 Kullan\u0131m Alan\u0131 : Yandan Devrilme \u00c7ift A\u00e7\u0131l\u0131m G\u00fcvenlik Seviyesi : Eksantrik Pimli Donan\u0131m A\u00e7\u0131klamas\u0131 Bask\u0131 Sabitleme; Alt<\/p>","protected":false},"featured_media":3351,"template":"","meta":[],"product_brand":[],"product_cat":[216],"product_tag":[],"class_list":{"0":"post-3166","1":"product","2":"type-product","3":"status-publish","4":"has-post-thumbnail","6":"product_cat-alt-ust-kilitlemeler","8":"first","9":"instock","10":"shipping-taxable","11":"product-type-simple"},"_links":{"self":[{"href":"https:\/\/fornax.com.tr\/en\/wp-json\/wp\/v2\/product\/3166","targetHints":{"allow":["GET"]}}],"collection":[{"href":"https:\/\/fornax.com.tr\/en\/wp-json\/wp\/v2\/product"}],"about":[{"href":"https:\/\/fornax.com.tr\/en\/wp-json\/wp\/v2\/types\/product"}],"version-history":[{"count":4,"href":"https:\/\/fornax.com.tr\/en\/wp-json\/wp\/v2\/product\/3166\/revisions"}],"predecessor-version":[{"id":7369,"href":"https:\/\/fornax.com.tr\/en\/wp-json\/wp\/v2\/product\/3166\/revisions\/7369"}],"wp:featuredmedia":[{"embeddable":true,"href":"https:\/\/fornax.com.tr\/en\/wp-json\/wp\/v2\/media\/3351"}],"wp:attachment":[{"href":"https:\/\/fornax.com.tr\/en\/wp-json\/wp\/v2\/media?parent=3166"}],"wp:term":[{"taxonomy":"product_brand","embeddable":true,"href":"https:\/\/fornax.com.tr\/en\/wp-json\/wp\/v2\/product_brand?post=3166"},{"taxonomy":"product_cat","embeddable":true,"href":"https:\/\/fornax.com.tr\/en\/wp-json\/wp\/v2\/product_cat?post=3166"},{"taxonomy":"product_tag","embeddable":true,"href":"https:\/\/fornax.com.tr\/en\/wp-json\/wp\/v2\/product_tag?post=3166"}],"curies":[{"name":"wp","href":"https:\/\/api.w.org\/{rel}","templated":true}]}}