{"id":3032,"date":"2025-04-24T14:59:34","date_gmt":"2025-04-24T14:59:34","guid":{"rendered":"https:\/\/fornax.com.tr\/?post_type=product&#038;p=3032"},"modified":"2025-08-27T08:16:31","modified_gmt":"2025-08-27T08:16:31","slug":"corner-movement-transmission-micro-ventilation-2","status":"publish","type":"product","link":"https:\/\/fornax.com.tr\/en\/product\/corner-movement-transmission-micro-ventilation-2\/","title":{"rendered":"Corner Movement Transmission (Micro Ventilation)"},"content":{"rendered":"<p>&nbsp;<\/p>\n<p><!-- Sipari\u015f Detaylar\u0131 --><\/p>\n<h2>Order Details<\/h2>\n<table border=\"1\" cellspacing=\"0\" cellpadding=\"5\">\n<tbody>\n<tr>\n<th>Product Code<\/th>\n<th>Explanation<\/th>\n<th>Amount<\/th>\n<th>kg<\/th>\n<\/tr>\n<tr>\n<td>181.050.001.000<\/td>\n<td>Corner Movement Transmission (Micro Ventilated)<\/td>\n<td>100<\/td>\n<td>19,50<\/td>\n<\/tr>\n<tr>\n<td>181.051.001.000<\/td>\n<td>Corner Movement Transmission (Micro Ventilated) Thyssen<\/td>\n<td>100<\/td>\n<td>19,50<\/td>\n<\/tr>\n<\/tbody>\n<\/table>\n<p><!-- Teknik Detaylar --><\/p>\n<h2>Technical Details<\/h2>\n<ul>\n<li>Screws: 6 pieces<\/li>\n<li>Plastic Part: 1 piece<\/li>\n<li>Metal Part: 1 piece<\/li>\n<\/ul>","protected":false},"excerpt":{"rendered":"<p><strong>G\u00fcvenlik Seviyesi:<\/strong> Eksantirk Pimli<\/p>\n<p><strong>Frame Wing Scissor Connection;<\/strong> Standart ve \u00d6nce Devir Sonra A\u00e7 Kasa Kanat Makas le ba\u011flant\u0131 yap\u0131labilir<\/p>\n<p><strong>\u0130lave Kilitleme Ba\u011flant\u0131s\u0131;<\/strong> Donan\u0131m llave Kilitleme eklenmesine olanak sa\u011flayarak \u0131s\u0131 yal\u0131t\u0131m\u0131na destek olur.<\/p>\n<p><strong>\u0130spanyolet Ba\u011flant\u0131s\u0131;<\/strong> 7,5mm, 15mm, 30mm, 40mm<\/p>\n<p>Connection can be made with Middle Handle (KYO), Fixed Handle (KYS) Espagnolette and Double Wing Espagnolette.<\/p>\n<p>Seal Pressure Adjustment; Allows changing the seal pressure setting within a diameter of \u00b10.8 mm<\/p>\n<p>Assembly; Saves time with easy assembly.<\/p>\n<p>3.9\u00d725 YHB Coarse Toothed Espagnolette Screw Code: 449.339.025.001<\/p>\n<p>Coating; It has long-lasting corrosion protection with YelkenCoat coating.<\/p>\n<p>Possibility of use in 4 positions; 1. Closed Position<\/p>\n<p>2. Single Open Position<\/p>\n<p>3. Double Opening Transom Micro Ventilation Position<\/p>\n<p>4. Double Opening Transom Position<\/p>","protected":false},"featured_media":3028,"template":"","meta":[],"product_brand":[],"product_cat":[214],"product_tag":[],"class_list":{"0":"post-3032","1":"product","2":"type-product","3":"status-publish","4":"has-post-thumbnail","6":"product_cat-koseler","8":"first","9":"instock","10":"shipping-taxable","11":"product-type-simple"},"_links":{"self":[{"href":"https:\/\/fornax.com.tr\/en\/wp-json\/wp\/v2\/product\/3032","targetHints":{"allow":["GET"]}}],"collection":[{"href":"https:\/\/fornax.com.tr\/en\/wp-json\/wp\/v2\/product"}],"about":[{"href":"https:\/\/fornax.com.tr\/en\/wp-json\/wp\/v2\/types\/product"}],"version-history":[{"count":4,"href":"https:\/\/fornax.com.tr\/en\/wp-json\/wp\/v2\/product\/3032\/revisions"}],"predecessor-version":[{"id":7365,"href":"https:\/\/fornax.com.tr\/en\/wp-json\/wp\/v2\/product\/3032\/revisions\/7365"}],"wp:featuredmedia":[{"embeddable":true,"href":"https:\/\/fornax.com.tr\/en\/wp-json\/wp\/v2\/media\/3028"}],"wp:attachment":[{"href":"https:\/\/fornax.com.tr\/en\/wp-json\/wp\/v2\/media?parent=3032"}],"wp:term":[{"taxonomy":"product_brand","embeddable":true,"href":"https:\/\/fornax.com.tr\/en\/wp-json\/wp\/v2\/product_brand?post=3032"},{"taxonomy":"product_cat","embeddable":true,"href":"https:\/\/fornax.com.tr\/en\/wp-json\/wp\/v2\/product_cat?post=3032"},{"taxonomy":"product_tag","embeddable":true,"href":"https:\/\/fornax.com.tr\/en\/wp-json\/wp\/v2\/product_tag?post=3032"}],"curies":[{"name":"wp","href":"https:\/\/api.w.org\/{rel}","templated":true}]}}