{"id":3019,"date":"2025-04-24T14:51:42","date_gmt":"2025-04-24T14:51:42","guid":{"rendered":"https:\/\/fornax.com.tr\/?post_type=product&#038;p=3019"},"modified":"2025-08-27T08:15:27","modified_gmt":"2025-08-27T08:15:27","slug":"corner-movement-transmission-2-pin","status":"publish","type":"product","link":"https:\/\/fornax.com.tr\/en\/product\/corner-movement-transmission-2-pin\/","title":{"rendered":"Corner Movement Transmission (2 Pin)"},"content":{"rendered":"<p>&nbsp;<\/p>\n<table border=\"1\">\n<thead>\n<tr>\n<th>Product Code<\/th>\n<th>Explanation<\/th>\n<th>Amount<\/th>\n<th>kg<\/th>\n<\/tr>\n<\/thead>\n<tbody>\n<tr>\n<td>181.060.001.000<\/td>\n<td>MP-Corner Motion Transmission, 2-Pin: 2EP+<\/td>\n<td>100<\/td>\n<td>17,00<\/td>\n<\/tr>\n<tr>\n<td>181.070.001.000<\/td>\n<td>MP-Corner Motion Transmission, 2 Pin: 1EP+1GP+<\/td>\n<td>100<\/td>\n<td>17,00<\/td>\n<\/tr>\n<tr>\n<td>181.100.001.000<\/td>\n<td>MP-Corner Motion Transmission, 2 Pin: 2GP+<\/td>\n<td>100<\/td>\n<td>17,00<\/td>\n<\/tr>\n<\/tbody>\n<\/table>\n<p>&nbsp;<\/p>\n<table style=\"height: 160px;\" border=\"1\" width=\"561\">\n<thead>\n<tr>\n<th style=\"text-align: left;\">Screw<\/th>\n<th>\n<p style=\"text-align: left;\">G\u00fcvenlikli Yan Kitleme Kar\u015f\u0131l\u0131\u011f\u0131<\/p>\n<\/th>\n<th style=\"text-align: left;\">Opposite<\/th>\n<\/tr>\n<\/thead>\n<tbody>\n<tr>\n<td>6<\/td>\n<td>&#8211;<\/td>\n<td>2<\/td>\n<\/tr>\n<tr>\n<td>6<\/td>\n<td>1<\/td>\n<td>1<\/td>\n<\/tr>\n<tr>\n<td>6<\/td>\n<td>2<\/td>\n<td>&#8211;<\/td>\n<\/tr>\n<\/tbody>\n<\/table>","protected":false},"excerpt":{"rendered":"<p><strong>Security Level:<\/strong><\/p>\n<p>Eccentric Pin + Security<\/p>\n<p>Pin Eccentric Pin+Eccentric Pin (Optional)<\/p>\n<p>Security Pin + Security Pin (Optional)<\/p>\n<p>&nbsp;<\/p>\n<p><strong>Hardware Description<\/strong><\/p>\n<p>Havaland\u0131rma Opsiyonu<\/p>\n<p>Havaland\u0131rma K\u00f6\u015fe Hareket etim Kar\u015f\u0131l\u0131\u011f\u0131 kullan\u0131ld\u0131\u011f\u0131 takdirde havaland\u0131rma \u00f6zelli\u011fi kazand\u0131nlabilir<\/p>\n<p>9 Axle 189.643,003,000 13 Axle 189.642,004.000<\/p>\n<p>Frame Wing Scissors Connection; Connection can be made with Standard and First Turn Then Open Frame Wing Scissors<\/p>\n<p>Additional Locking Connection; Supports thermal insulation by allowing additional locking hardware to be added.<\/p>\n<p>Espagnolette Connection; 7.5mm, 15mm, 30mm, 40mm<\/p>\n<p>Connection can be made with Middle Handle (KYO), Fixed Handle (KYS) espagnolette and Double Wing espagnolette.<\/p>\n<p>Seal Pressure Adjustment; Allows changing the seal pressure setting within a diameter of \u00b10.8 mm<\/p>\n<p>Assembly; Saves time with easy assembly, 3.9\u00d725<\/p>\n<p>YHB Coarse Toothed Espagnolette Screw Code: 449,339,025,00<\/p>\n<p>1 Coating; It has long-lasting corrosion protection with YelkenCoat coating,<\/p>","protected":false},"featured_media":3020,"template":"","meta":[],"product_brand":[],"product_cat":[214],"product_tag":[],"class_list":{"0":"post-3019","1":"product","2":"type-product","3":"status-publish","4":"has-post-thumbnail","6":"product_cat-koseler","8":"first","9":"instock","10":"shipping-taxable","11":"product-type-simple"},"_links":{"self":[{"href":"https:\/\/fornax.com.tr\/en\/wp-json\/wp\/v2\/product\/3019","targetHints":{"allow":["GET"]}}],"collection":[{"href":"https:\/\/fornax.com.tr\/en\/wp-json\/wp\/v2\/product"}],"about":[{"href":"https:\/\/fornax.com.tr\/en\/wp-json\/wp\/v2\/types\/product"}],"version-history":[{"count":5,"href":"https:\/\/fornax.com.tr\/en\/wp-json\/wp\/v2\/product\/3019\/revisions"}],"predecessor-version":[{"id":7364,"href":"https:\/\/fornax.com.tr\/en\/wp-json\/wp\/v2\/product\/3019\/revisions\/7364"}],"wp:featuredmedia":[{"embeddable":true,"href":"https:\/\/fornax.com.tr\/en\/wp-json\/wp\/v2\/media\/3020"}],"wp:attachment":[{"href":"https:\/\/fornax.com.tr\/en\/wp-json\/wp\/v2\/media?parent=3019"}],"wp:term":[{"taxonomy":"product_brand","embeddable":true,"href":"https:\/\/fornax.com.tr\/en\/wp-json\/wp\/v2\/product_brand?post=3019"},{"taxonomy":"product_cat","embeddable":true,"href":"https:\/\/fornax.com.tr\/en\/wp-json\/wp\/v2\/product_cat?post=3019"},{"taxonomy":"product_tag","embeddable":true,"href":"https:\/\/fornax.com.tr\/en\/wp-json\/wp\/v2\/product_tag?post=3019"}],"curies":[{"name":"wp","href":"https:\/\/api.w.org\/{rel}","templated":true}]}}