{"id":1838,"date":"2025-03-19T10:33:49","date_gmt":"2025-03-19T10:33:49","guid":{"rendered":"https:\/\/fornax.com.tr\/?post_type=product&#038;p=1838"},"modified":"2025-08-27T11:09:00","modified_gmt":"2025-08-27T11:09:00","slug":"85-28-arm-driven","status":"publish","type":"product","link":"https:\/\/fornax.com.tr\/en\/product\/85-28-arm-driven\/","title":{"rendered":"85\/28 Lever Driven"},"content":{"rendered":"<p><!-- BARELL\u0130 D\u0130LS\u0130Z (B+\/D-) --><\/p>\n<h3>Barreled Mute (B+\/D-)<\/h3>\n<table style=\"border-collapse: collapse; text-align: center; width: 100%;\" border=\"1\" cellspacing=\"0\" cellpadding=\"6\">\n<thead>\n<tr>\n<th>Usage Range<\/th>\n<th>A<\/th>\n<th>B<\/th>\n<th>C<\/th>\n<th>D<\/th>\n<th>TO<\/th>\n<th>F<\/th>\n<th>Screw<\/th>\n<th>Opposite<\/th>\n<\/tr>\n<\/thead>\n<tbody>\n<tr>\n<td>1600-1800<\/td>\n<td>1600<\/td>\n<td>300<\/td>\n<td>308<\/td>\n<td>806<\/td>\n<td>624<\/td>\n<td>&#8211;<\/td>\n<td>11<\/td>\n<td>3<\/td>\n<\/tr>\n<tr>\n<td>1800-2000<\/td>\n<td>1800<\/td>\n<td>300<\/td>\n<td>308<\/td>\n<td>806<\/td>\n<td>824<\/td>\n<td>&#8211;<\/td>\n<td>12<\/td>\n<td>4<\/td>\n<\/tr>\n<tr>\n<td>2000-2400<\/td>\n<td>2000<\/td>\n<td>300<\/td>\n<td>308<\/td>\n<td>865<\/td>\n<td>885<\/td>\n<td>&#8211;<\/td>\n<td>12<\/td>\n<td>4<\/td>\n<\/tr>\n<\/tbody>\n<\/table>\n<p><!-- BARELS\u0130Z D\u0130LS\u0130Z (B-\/D-) --><\/p>\n<h3>WITHOUT BARRELS AND MUTE (B-\/D-)<\/h3>\n<table style=\"border-collapse: collapse; text-align: center; width: 100%;\" border=\"1\" cellspacing=\"0\" cellpadding=\"6\">\n<thead>\n<tr>\n<th>Usage Range<\/th>\n<th>A<\/th>\n<th>B<\/th>\n<th>C<\/th>\n<th>D<\/th>\n<th>TO<\/th>\n<th>F<\/th>\n<th>Screw<\/th>\n<th>Opposite<\/th>\n<\/tr>\n<\/thead>\n<tbody>\n<tr>\n<td>1600-1800<\/td>\n<td>1600<\/td>\n<td>300<\/td>\n<td>308<\/td>\n<td>806<\/td>\n<td>624<\/td>\n<td>&#8211;<\/td>\n<td>11<\/td>\n<td>3<\/td>\n<\/tr>\n<tr>\n<td>1800-2000<\/td>\n<td>1800<\/td>\n<td>300<\/td>\n<td>308<\/td>\n<td>806<\/td>\n<td>824<\/td>\n<td>&#8211;<\/td>\n<td>12<\/td>\n<td>4<\/td>\n<\/tr>\n<tr>\n<td>2000-2400<\/td>\n<td>2000<\/td>\n<td>300<\/td>\n<td>308<\/td>\n<td>865<\/td>\n<td>885<\/td>\n<td>&#8211;<\/td>\n<td>12<\/td>\n<td>4<\/td>\n<\/tr>\n<\/tbody>\n<\/table>\n<p><!-- BARELL\u0130 D\u0130LL\u0130 (B+\/D+) --><\/p>\n<h3>Barreled Tongue (B+\/D+)<\/h3>\n<table style=\"border-collapse: collapse; text-align: center; width: 100%;\" border=\"1\" cellspacing=\"0\" cellpadding=\"6\">\n<thead>\n<tr>\n<th>Usage Range<\/th>\n<th>A<\/th>\n<th>B<\/th>\n<th>C<\/th>\n<th>D<\/th>\n<th>TO<\/th>\n<th>F<\/th>\n<th>Screw<\/th>\n<th>Opposite<\/th>\n<\/tr>\n<\/thead>\n<tbody>\n<tr>\n<td>1600-1800<\/td>\n<td>1600<\/td>\n<td>300<\/td>\n<td>308<\/td>\n<td>806<\/td>\n<td>624<\/td>\n<td>&#8211;<\/td>\n<td>11<\/td>\n<td>3<\/td>\n<\/tr>\n<tr>\n<td>1800-2000<\/td>\n<td>1800<\/td>\n<td>300<\/td>\n<td>308<\/td>\n<td>806<\/td>\n<td>824<\/td>\n<td>&#8211;<\/td>\n<td>12<\/td>\n<td>4<\/td>\n<\/tr>\n<tr>\n<td>2000-2400<\/td>\n<td>2000<\/td>\n<td>300<\/td>\n<td>308<\/td>\n<td>865<\/td>\n<td>885<\/td>\n<td>&#8211;<\/td>\n<td>12<\/td>\n<td>4<\/td>\n<\/tr>\n<\/tbody>\n<\/table>\n<h3>Barreled Mute (B+\/D-)<\/h3>\n<table style=\"border-collapse: collapse; text-align: center; width: 100%;\" border=\"1\" cellspacing=\"0\" cellpadding=\"6\">\n<thead>\n<tr>\n<th>Eccentric Pin<\/th>\n<th>Security Pin<\/th>\n<th>Explanation<\/th>\n<th>Amount<\/th>\n<th>kg<\/th>\n<\/tr>\n<\/thead>\n<tbody>\n<tr>\n<td>170.160.185.128<\/td>\n<td>170.160.185.228<\/td>\n<td>1600\/85\/28 (B+\/D-)<\/td>\n<td>10<\/td>\n<td>9.74<\/td>\n<\/tr>\n<tr>\n<td>170.180.185.128<\/td>\n<td>170.180.185.228<\/td>\n<td>1800\/85\/28 (B+\/D-)<\/td>\n<td>10<\/td>\n<td>10.80<\/td>\n<\/tr>\n<tr>\n<td>170.200.185.128<\/td>\n<td>170.200.185.228<\/td>\n<td>2000\/85\/28 (B+\/D-)<\/td>\n<td>10<\/td>\n<td>11.87<\/td>\n<\/tr>\n<\/tbody>\n<\/table>\n<p><!-- BARELS\u0130Z D\u0130LS\u0130Z (B-\/D-) --><\/p>\n<h3>WITHOUT BARRELS AND MUTE (B-\/D-)<\/h3>\n<table style=\"border-collapse: collapse; text-align: center; width: 100%;\" border=\"1\" cellspacing=\"0\" cellpadding=\"6\">\n<thead>\n<tr>\n<th>Eccentric Pin<\/th>\n<th>Security Pin<\/th>\n<th>Explanation<\/th>\n<th>Amount<\/th>\n<th>kg<\/th>\n<\/tr>\n<\/thead>\n<tbody>\n<tr>\n<td>170.160.285.128<\/td>\n<td>170.160.285.228<\/td>\n<td>1600\/85\/28 (B-\/D-)<\/td>\n<td>10<\/td>\n<td>9.74<\/td>\n<\/tr>\n<tr>\n<td>170.180.285.128<\/td>\n<td>170.180.285.228<\/td>\n<td>1800\/85\/28 (B-\/D-)<\/td>\n<td>10<\/td>\n<td>10.80<\/td>\n<\/tr>\n<tr>\n<td>170.200.285.128<\/td>\n<td>170.200.285.228<\/td>\n<td>2000\/85\/28 (B-\/D-)<\/td>\n<td>10<\/td>\n<td>11.87<\/td>\n<\/tr>\n<\/tbody>\n<\/table>\n<p><!-- BARELL\u0130 D\u0130LL\u0130 (B+\/D+) --><\/p>\n<h3>Barreled Tongue (B+\/D+)<\/h3>\n<table style=\"border-collapse: collapse; text-align: center; width: 100%;\" border=\"1\" cellspacing=\"0\" cellpadding=\"6\">\n<thead>\n<tr>\n<th>Eccentric Pin<\/th>\n<th>Security Pin<\/th>\n<th>Explanation<\/th>\n<th>Amount<\/th>\n<th>kg<\/th>\n<\/tr>\n<\/thead>\n<tbody>\n<tr>\n<td>170.160.385.128<\/td>\n<td>170.160.385.228<\/td>\n<td>1600\/85\/28 (B+\/D+)<\/td>\n<td>10<\/td>\n<td>9.74<\/td>\n<\/tr>\n<tr>\n<td>170.180.385.128<\/td>\n<td>170.180.385.228<\/td>\n<td>1800\/85\/28 (B+\/D+)<\/td>\n<td>10<\/td>\n<td>10.80<\/td>\n<\/tr>\n<tr>\n<td>170.200.385.128<\/td>\n<td>170.200.385.228<\/td>\n<td>2000\/85\/28 (B+\/D+)<\/td>\n<td>10<\/td>\n<td>11.87<\/td>\n<\/tr>\n<\/tbody>\n<\/table>","protected":false},"excerpt":{"rendered":"<div><strong>Wing Height;\u00a0<\/strong>\u00a01600mm \u2013 2400mm<\/div>\n<div><strong>Body Type;\u00a0<\/strong>\u00a0Plastic Body \u2013 Sheet Metal Cover<\/div>\n<div><strong>Working Method ;\u00a0<\/strong>\u00a0Handle Control<\/div>\n<div><strong>Arm Center;\u00a0<\/strong><strong>\u00a0<\/strong>85mm<\/div>\n<div><strong>Axis;\u00a0<\/strong>\u00a028mm<\/div>\n<div>\n<p><strong>Security Level;\u00a0\u00a0<\/strong>Eccentric and Safety Pin Option<\/p>\n<\/div>\n<div><strong>Assembly;\u00a0<\/strong><\/div>\n<div>Saves Time with Easy Installation.<\/div>\n<div>3.9\u00d725 YHB Coarse Toothed Espagnolette Screw Code: 449.339.025.001<\/div>\n<div><\/div>\n<div><strong>Coating ;\u00a0<\/strong><\/div>\n<div>It has long life protection with YelkenCoat coating.<\/div>\n<div><\/div>\n<div><strong>Certificate;<\/strong><br \/>\nComplies with TSE Standards<\/div>","protected":false},"featured_media":1839,"template":"","meta":[],"product_brand":[],"product_cat":[78],"product_tag":[],"class_list":{"0":"post-1838","1":"product","2":"type-product","3":"status-publish","4":"has-post-thumbnail","6":"product_cat-kilitli-ispanyoletler","8":"first","9":"instock","10":"shipping-taxable","11":"product-type-simple"},"_links":{"self":[{"href":"https:\/\/fornax.com.tr\/en\/wp-json\/wp\/v2\/product\/1838","targetHints":{"allow":["GET"]}}],"collection":[{"href":"https:\/\/fornax.com.tr\/en\/wp-json\/wp\/v2\/product"}],"about":[{"href":"https:\/\/fornax.com.tr\/en\/wp-json\/wp\/v2\/types\/product"}],"version-history":[{"count":5,"href":"https:\/\/fornax.com.tr\/en\/wp-json\/wp\/v2\/product\/1838\/revisions"}],"predecessor-version":[{"id":7405,"href":"https:\/\/fornax.com.tr\/en\/wp-json\/wp\/v2\/product\/1838\/revisions\/7405"}],"wp:featuredmedia":[{"embeddable":true,"href":"https:\/\/fornax.com.tr\/en\/wp-json\/wp\/v2\/media\/1839"}],"wp:attachment":[{"href":"https:\/\/fornax.com.tr\/en\/wp-json\/wp\/v2\/media?parent=1838"}],"wp:term":[{"taxonomy":"product_brand","embeddable":true,"href":"https:\/\/fornax.com.tr\/en\/wp-json\/wp\/v2\/product_brand?post=1838"},{"taxonomy":"product_cat","embeddable":true,"href":"https:\/\/fornax.com.tr\/en\/wp-json\/wp\/v2\/product_cat?post=1838"},{"taxonomy":"product_tag","embeddable":true,"href":"https:\/\/fornax.com.tr\/en\/wp-json\/wp\/v2\/product_tag?post=1838"}],"curies":[{"name":"wp","href":"https:\/\/api.w.org\/{rel}","templated":true}]}}